    {"id":26404,"date":"2019-02-01T10:10:07","date_gmt":"2019-02-01T10:10:07","guid":{"rendered":"https:\/\/www.plusvillas.es\/nuestra-empresa\/"},"modified":"2023-09-18T15:46:11","modified_gmt":"2023-09-18T15:46:11","slug":"warum-plusvillas","status":"publish","type":"page","link":"https:\/\/www.plusvillas.es\/de\/warum-plusvillas\/","title":{"rendered":"Warum Plusvillas?"},"content":{"rendered":"<p>[vc_row full_width=&#8221;stretch_row&#8221; css=&#8221;.vc_custom_1559033362025{background-color: #ffffff !important;}&#8221;][vc_column]<div id=\"ultimate-heading-446869f4fc49545a4\" class=\"uvc-heading ult-adjust-bottom-margin ultimate-heading-446869f4fc49545a4 uvc-7922 \" data-hspacer=\"no_spacer\"  data-halign=\"left\" style=\"text-align:left\"><div class=\"uvc-heading-spacer no_spacer\" style=\"top\"><\/div><div class=\"uvc-main-heading ult-responsive\"  data-ultimate-target='.uvc-heading.ultimate-heading-446869f4fc49545a4 h2'  data-responsive-json-new='{\"font-size\":\"\",\"line-height\":\"\"}' ><h2 style=\"font-weight:bold;color:#c31a1f;\">\u00dcBER UNS<\/h2><\/div><\/div>[\/vc_column][\/vc_row][vc_row full_width=&#8221;stretch_row&#8221; css=&#8221;.vc_custom_1556887182902{background-color: #ffffff !important;}&#8221;][vc_column width=&#8221;1\/2&#8243;]<div id=\"ultimate-heading-541569f4fc495469e\" class=\"uvc-heading ult-adjust-bottom-margin ultimate-heading-541569f4fc495469e uvc-1463 \" data-hspacer=\"no_spacer\"  data-halign=\"left\" style=\"text-align:left\"><div class=\"uvc-heading-spacer no_spacer\" style=\"top\"><\/div><div class=\"uvc-sub-heading ult-responsive\"  data-ultimate-target='.uvc-heading.ultimate-heading-541569f4fc495469e .uvc-sub-heading '  data-responsive-json-new='{\"font-size\":\"\",\"line-height\":\"\"}'  style=\"font-weight:bold;\"><\/p>\n<h1 class=\"haya-header-h2\">Wer sind wir<\/h1>\n<p><\/div><\/div>[vc_column_text css=&#8221;.vc_custom_1579259495314{padding-top: 20px !important;}&#8221;]<strong>PlusVillas<\/strong> ist eine Referenz im Immobiliensektor von Calpe mit mehr als 30 Jahren Erfahrung im Bau, Design und Verkauf von Immobilien im Norden der <strong>Costa Blanca.<\/strong><\/p>\n<p>Unsere lange Geschichte und unser solides Wachstum sind ein sicherer Wert bei der Auswahl des besten Beraters f\u00fcr den Kauf oder Verkauf Ihrer Immobilie.[\/vc_column_text][\/vc_column][vc_column width=&#8221;1\/2&#8243;]<div id=\"ultimate-heading-972469f4fc4954747\" class=\"uvc-heading ult-adjust-bottom-margin ultimate-heading-972469f4fc4954747 uvc-4590 \" data-hspacer=\"no_spacer\"  data-halign=\"left\" style=\"text-align:left\"><div class=\"uvc-heading-spacer no_spacer\" style=\"top\"><\/div><div class=\"uvc-sub-heading ult-responsive\"  data-ultimate-target='.uvc-heading.ultimate-heading-972469f4fc4954747 .uvc-sub-heading '  data-responsive-json-new='{\"font-size\":\"\",\"line-height\":\"\"}'  style=\"font-weight:bold;\"><\/p>\n<h1 class=\"haya-header-h2\">Was uns von anderen unterscheidet?<\/h1>\n<p><\/div><\/div>[vc_column_text css=&#8221;.vc_custom_1580129809070{padding-top: 20px !important;}&#8221;]<\/p>\n<p><strong>1. Unser Team:<\/strong> Wir sind eine gro\u00dfe multidisziplin\u00e4re und mehrsprachige Familie, die sich vor, w\u00e4hrend und nach dem Kauf- und Verkaufsprozess um Sie und Ihre Interessen k\u00fcmmert.<\/p>\n<p><strong>2 Design: \u00a0<\/strong> Wenn das, was Sie suchen, noch nicht existiert, bieten wir bei PlusVillas unser qualifiziertes Team an, um gemeinsam das ideale Zuhause f\u00fcr Sie zu entwerfen.<\/p>\n<p><strong>3. Investition: <\/strong> PlusVillas ist nicht nur ein Immobilienmakler. Es ist auch ein Projekt f\u00fcr diejenigen, die den zweiten Wohnsitz ihrer Tr\u00e4ume kaufen und maximale Rentabilit\u00e4t erzielen m\u00f6chten, wenn sie ihn nicht genie\u00dfen. Dank der umfassenden Erfahrung des Vermietungsteams von PlusVillas k\u00f6nnen Sie den Nutzen Ihrer Investition optimieren.<\/p>\n<p>[\/vc_column_text][\/vc_column][\/vc_row][vc_row full_width=&#8221;stretch_row&#8221; css=&#8221;.vc_custom_1550600560464{background-color: #f4f4f4 !important;}&#8221;][vc_column]<div id=\"ultimate-heading-203569f4fc49547e1\" class=\"uvc-heading ult-adjust-bottom-margin ultimate-heading-203569f4fc49547e1 uvc-2417 \" data-hspacer=\"no_spacer\"  data-halign=\"left\" style=\"text-align:left\"><div class=\"uvc-heading-spacer no_spacer\" style=\"top\"><\/div><div class=\"uvc-main-heading ult-responsive\"  data-ultimate-target='.uvc-heading.ultimate-heading-203569f4fc49547e1 h2'  data-responsive-json-new='{\"font-size\":\"\",\"line-height\":\"\"}' ><h2 style=\"font-weight:bold;color:#c31a1f;margin-bottom:-15px;\">WIR SIND F\u00dcR SIE DA<\/h2><\/div><div class=\"uvc-sub-heading ult-responsive\"  data-ultimate-target='.uvc-heading.ultimate-heading-203569f4fc49547e1 .uvc-sub-heading '  data-responsive-json-new='{\"font-size\":\"\",\"line-height\":\"\"}'  style=\"font-weight:bold;\"><\/p>\n<h1>Lernen Sie das Team von Plusvillas kennen<\/h1>\n<p><\/div><\/div>[vc_row_inner][vc_column_inner width=&#8221;1\/5&#8243; css=&#8221;.vc_custom_1576759544051{background-color: #ffffff !important;border-radius: 5px !important;}&#8221;]<div class=\"ult-team-member-wrap ult-style-1   ult_team\"><div class=\"ult-team-member-image\" style=\"\"> <img decoding=\"async\" class=\"ult-team-grayscale\" src=\"https:\/\/www.plusvillas.es\/wp-content\/uploads\/2022\/02\/Raul.jpg\" alt=\"null\"  style=\"\"><span class=\"ult-team-member-image-overlay \"  ><\/span><\/div><div class=\"ult-team-member-bio-wrap style-1 ultimate-heading69f4fc49552bd\" style=\"text-align:center;; \"><div class=\"ult-team-member-name-wrap\"><h2 class=\"ult-team-member-name ult-responsive\"  data-ultimate-target='.ult-team-member-bio-wrap.ultimate-heading69f4fc49552bd .ult-team-member-name'  data-responsive-json-new='{\"font-size\":\"\",\"line-height\":\"\"}'  style=\"\">Ra\u00fal Such Witzke<\/h2><div class=\"ult-team-member-position ult-responsive\"  data-ultimate-target='.ult-team-member-bio-wrap.ultimate-heading69f4fc49552bd .ult-team-member-position'  data-responsive-json-new='{\"font-size\":\"\",\"line-height\":\"\"}'  style=\"\">Operations Director<\/div><div class=\"ult-team-member-description ult-responsive\"  data-ultimate-target='.ult-team-member-bio-wrap.ultimate-heading69f4fc49552bd .ult-team-member-description'  data-responsive-json-new='{\"font-size\":\"\",\"line-height\":\"\"}'  style=\"\"><p><i class=\"fa fa-phone\" aria-hidden=\"true\"><\/i> (+34) 965 833 587<br \/>\n<i class=\"fa fa-mobile\" aria-hidden=\"true\"><\/i> (+34) 663 581 444<br \/>\n<a href=\"mailto:rsuch@plusholidays.es\">rsuch@plusholidays.es<\/a><\/p>\n<p><\/p><\/div><div style=\"margin-bottom:15px\"><\/div><\/div><\/div><\/div>[\/vc_column_inner][vc_column_inner width=&#8221;1\/5&#8243; css=&#8221;.vc_custom_1576759551016{background-color: #ffffff !important;border-radius: 5px !important;}&#8221;]<div class=\"ult-team-member-wrap ult-style-1   ult_team\"><div class=\"ult-team-member-image\" style=\"\"> <img decoding=\"async\" class=\"ult-team-grayscale\" src=\"https:\/\/www.plusvillas.es\/wp-content\/uploads\/2022\/02\/Mario.jpg\" alt=\"null\"  style=\"\"><span class=\"ult-team-member-image-overlay \"  ><\/span><\/div><div class=\"ult-team-member-bio-wrap style-1 ultimate-heading69f4fc4955b55\" style=\"text-align:center;; \"><div class=\"ult-team-member-name-wrap\"><h2 class=\"ult-team-member-name ult-responsive\"  data-ultimate-target='.ult-team-member-bio-wrap.ultimate-heading69f4fc4955b55 .ult-team-member-name'  data-responsive-json-new='{\"font-size\":\"\",\"line-height\":\"\"}'  style=\"\">Mario Such Witzke<\/h2><div class=\"ult-team-member-position ult-responsive\"  data-ultimate-target='.ult-team-member-bio-wrap.ultimate-heading69f4fc4955b55 .ult-team-member-position'  data-responsive-json-new='{\"font-size\":\"\",\"line-height\":\"\"}'  style=\"\">Architekturb\u00fcro<\/div><div class=\"ult-team-member-description ult-responsive\"  data-ultimate-target='.ult-team-member-bio-wrap.ultimate-heading69f4fc4955b55 .ult-team-member-description'  data-responsive-json-new='{\"font-size\":\"\",\"line-height\":\"\"}'  style=\"\"><p><i class=\"fa fa-phone\" aria-hidden=\"true\"><\/i> (+34) 965 833 587<br \/>\n<i class=\"fa fa-mobile\" aria-hidden=\"true\"><\/i> (+34) 663 814 294<br \/>\n<a href=\"mailto:msuch@plusvillas.es\">msuch@plusvillas.es<\/a><\/p>\n<p><\/p><\/div><div style=\"margin-bottom:15px\"><\/div><\/div><\/div><\/div>[\/vc_column_inner][vc_column_inner width=&#8221;1\/5&#8243; css=&#8221;.vc_custom_1576759563557{background-color: #ffffff !important;border-radius: 5px !important;}&#8221;]<div class=\"ult-team-member-wrap ult-style-1   ult_team\"><div class=\"ult-team-member-image\" style=\"\"> <img decoding=\"async\" class=\"ult-team-grayscale\" src=\"https:\/\/www.plusvillas.es\/wp-content\/uploads\/2022\/02\/Sergio.jpg\" alt=\"null\"  style=\"\"><span class=\"ult-team-member-image-overlay \"  ><\/span><\/div><div class=\"ult-team-member-bio-wrap style-1 ultimate-heading69f4fc49563e2\" style=\"text-align:center;; \"><div class=\"ult-team-member-name-wrap\"><h2 class=\"ult-team-member-name ult-responsive\"  data-ultimate-target='.ult-team-member-bio-wrap.ultimate-heading69f4fc49563e2 .ult-team-member-name'  data-responsive-json-new='{\"font-size\":\"\",\"line-height\":\"\"}'  style=\"\">Sergio Such Witzke<\/h2><div class=\"ult-team-member-position ult-responsive\"  data-ultimate-target='.ult-team-member-bio-wrap.ultimate-heading69f4fc49563e2 .ult-team-member-position'  data-responsive-json-new='{\"font-size\":\"\",\"line-height\":\"\"}'  style=\"\">Verwaltungsabteilung<\/div><div class=\"ult-team-member-description ult-responsive\"  data-ultimate-target='.ult-team-member-bio-wrap.ultimate-heading69f4fc49563e2 .ult-team-member-description'  data-responsive-json-new='{\"font-size\":\"\",\"line-height\":\"\"}'  style=\"\"><p><i class=\"fa fa-phone\" aria-hidden=\"true\"><\/i> (+34) 965 833 587<br \/>\n<i class=\"fa fa-mobile\" aria-hidden=\"true\"><\/i> (+34) 671 626 062<br \/>\n<a href=\"mailto:contabilidad@plusholidays.es\">contabilidad@plusholidays.es<\/a><\/p>\n<p><\/p><\/div><div style=\"margin-bottom:15px\"><\/div><\/div><\/div><\/div>[\/vc_column_inner][vc_column_inner width=&#8221;1\/5&#8243; css=&#8221;.vc_custom_1576759573933{background-color: #ffffff !important;border-radius: 5px !important;}&#8221;]<div class=\"ult-team-member-wrap ult-style-1   ult_team\"><div class=\"ult-team-member-image\" style=\"\"> <img decoding=\"async\" class=\"ult-team-grayscale\" src=\"https:\/\/www.plusvillas.es\/wp-content\/uploads\/2022\/02\/Mandy.jpg\" alt=\"null\"  style=\"\"><span class=\"ult-team-member-image-overlay \"  ><\/span><\/div><div class=\"ult-team-member-bio-wrap style-1 ultimate-heading69f4fc4956bda\" style=\"text-align:center;; \"><div class=\"ult-team-member-name-wrap\"><h2 class=\"ult-team-member-name ult-responsive\"  data-ultimate-target='.ult-team-member-bio-wrap.ultimate-heading69f4fc4956bda .ult-team-member-name'  data-responsive-json-new='{\"font-size\":\"\",\"line-height\":\"\"}'  style=\"\">Mandy Bruot<\/h2><div class=\"ult-team-member-position ult-responsive\"  data-ultimate-target='.ult-team-member-bio-wrap.ultimate-heading69f4fc4956bda .ult-team-member-position'  data-responsive-json-new='{\"font-size\":\"\",\"line-height\":\"\"}'  style=\"\">Handelsabteilung<\/div><div class=\"ult-team-member-description ult-responsive\"  data-ultimate-target='.ult-team-member-bio-wrap.ultimate-heading69f4fc4956bda .ult-team-member-description'  data-responsive-json-new='{\"font-size\":\"\",\"line-height\":\"\"}'  style=\"\"><p><i class=\"fa fa-phone\" aria-hidden=\"true\"><\/i> (+34) 965 833 587<br \/>\n<i class=\"fa fa-mobile\" aria-hidden=\"true\"><\/i> (+34) 667 776 922<br \/>\n<a href=\"mailto:mbruot@plusvillas.es\">mbruot@plusvillas.es<\/a><\/p>\n<p><\/p><\/div><div style=\"margin-bottom:15px\"><\/div><\/div><\/div><\/div>[\/vc_column_inner][\/vc_row_inner][\/vc_column][\/vc_row][vc_row full_width=&#8221;stretch_row&#8221; css=&#8221;.vc_custom_1559732245024{background-color: #f4f4f4 !important;}&#8221;][vc_column css=&#8221;.vc_custom_1559732253477{margin-top: 20px !important;}&#8221;]<div id=\"ultimate-heading-111569f4fc4956cfb\" class=\"uvc-heading ult-adjust-bottom-margin ultimate-heading-111569f4fc4956cfb uvc-5933 \" data-hspacer=\"no_spacer\"  data-halign=\"left\" style=\"text-align:left\"><div class=\"uvc-heading-spacer no_spacer\" style=\"top\"><\/div><div class=\"uvc-main-heading ult-responsive\"  data-ultimate-target='.uvc-heading.ultimate-heading-111569f4fc4956cfb h2'  data-responsive-json-new='{\"font-size\":\"\",\"line-height\":\"\"}' ><h2 style=\"font-weight:bold;color:#c31a1f;margin-bottom:-15px;\">GRUPPENUNTERNEHMEN<\/h2><\/div><div class=\"uvc-sub-heading ult-responsive\"  data-ultimate-target='.uvc-heading.ultimate-heading-111569f4fc4956cfb .uvc-sub-heading '  data-responsive-json-new='{\"font-size\":\"\",\"line-height\":\"\"}'  style=\"font-weight:bold;\"><\/p>\n<h1>Plusvillas geh\u00f6rt zur PLUSHOLIDAYS GROUP<\/h1>\n<p><\/div><\/div>[vc_row_inner css=&#8221;.vc_custom_1550659092937{padding-top: 30px !important;}&#8221;][vc_column_inner width=&#8221;1\/3&#8243;][vc_single_image image=&#8221;26426&#8243; img_size=&#8221;300&#215;56&#8243; alignment=&#8221;center&#8221;][\/vc_column_inner][vc_column_inner width=&#8221;2\/3&#8243;][vc_column_text]Das <strong>PlusVillas<\/strong>-Projekt wurde mit Begeisterung innerhalb der <strong>PLUSHOLIDAYS GROUP<\/strong> ins Leben gerufen. Dies ist das Ergebnis umfangreicher Erfahrungen im Immobiliensektor seines Teams und der Professionalit\u00e4t von <strong>PlusHolidays<\/strong>, einer der besten und anerkanntesten Vermietungsagenturen im Norden der <strong>Costa Blanca.<\/strong>[\/vc_column_text][\/vc_column_inner][\/vc_row_inner][vc_row_inner css=&#8221;.vc_custom_1550659092937{padding-top: 30px !important;}&#8221;][vc_column_inner width=&#8221;1\/3&#8243;][vc_single_image image=&#8221;26428&#8243; img_size=&#8221;250&#215;90&#8243; alignment=&#8221;center&#8221;][\/vc_column_inner][vc_column_inner width=&#8221;2\/3&#8243;][vc_column_text]Es wurde mit dem Ziel geschaffen, unseren Kunden zu helfen, ihr ideales Zuhause zu finden, egal ob sie nach einem zuk\u00fcnftigen Zuhause suchen, von dem sie immer getr\u00e4umt haben, oder nach einem zweiten Wohnsitz, in dem sie sich vom Mittelmeer trennen k\u00f6nnen.[\/vc_column_text][\/vc_column_inner][\/vc_row_inner][vc_row_inner css=&#8221;.vc_custom_1550659092937{padding-top: 30px !important;}&#8221;][vc_column_inner width=&#8221;1\/3&#8243;][vc_single_image image=&#8221;53631&#8243; img_size=&#8221;200&#215;100&#8243; alignment=&#8221;center&#8221;][\/vc_column_inner][vc_column_inner width=&#8221;2\/3&#8243;][vc_column_text]Aber <strong>PlusVillas<\/strong> ist nicht nur ein Immobilienunternehmen: Wenn Sie nicht finden, wonach Sie suchen, stellen wir Ihnen unser qualifiziertes Team unter der Leitung des <a href=\"https:\/\/www.msestudio.es\"><strong>Mario Such<\/strong><\/a> zur Verf\u00fcgung, um gemeinsam den Ort zu entwerfen und zu bauen, an dem Sie Ihre sch\u00f6nsten Momente genie\u00dfen k\u00f6nnen. Bei uns k\u00f6nnen Sie sich umfassend beraten lassen, ob Sie ein neues Zuhause planen oder eine Reform durchf\u00fchren m\u00f6chten, die aus dem erworbenen Objekt die perfekte Residenz macht.[\/vc_column_text][\/vc_column_inner][\/vc_row_inner][\/vc_column][\/vc_row]<\/p>\n","protected":false},"excerpt":{"rendered":"<p>[vc_row full_width=&#8221;stretch_row&#8221; css=&#8221;.vc_custom_1559033362025{background-color: #ffffff !important;}&#8221;][vc_column][\/vc_column][\/vc_row][vc_row full_width=&#8221;stretch_row&#8221; css=&#8221;.vc_custom_1556887182902{background-color: #ffffff !important;}&#8221;][vc_column width=&#8221;1\/2&#8243;][vc_column_text css=&#8221;.vc_custom_1579259495314{padding-top: 20px !important;}&#8221;]PlusVillas ist eine Referenz im Immobiliensektor von Calpe mit mehr als 30 Jahren Erfahrung im Bau, Design und Verkauf von Immobilien im Norden der Costa Blanca. Unsere lange Geschichte und unser solides Wachstum sind ein sicherer Wert bei der Auswahl des besten Beraters f\u00fcr den Kauf oder Verkauf Ihrer Immobilie.[\/vc_column_text][\/vc_column][vc_column width=&#8221;1\/2&#8243;][vc_column_text css=&#8221;.vc_custom_1580129809070{padding-top: &#8230;<\/p>\n","protected":false},"author":5,"featured_media":0,"parent":0,"menu_order":0,"comment_status":"closed","ping_status":"closed","template":"","meta":{"footnotes":"","_vp_format_video_url":"","_vp_image_focal_point":[],"_joinchat":[]},"yoast_head":"<!-- This site is optimized with the Yoast SEO plugin v21.6 - https:\/\/yoast.com\/wordpress\/plugins\/seo\/ -->\n<title>Warum sollten Sie uns f\u00fcr den Verkauf Ihrer Immobilien w\u00e4hlen \u2013 Plusvillas<\/title>\n<meta name=\"description\" content=\"Plusvillas ist ein Unternehmen mit mehr als 30 Jahren Erfahrung im Verkauf von Immobilien an der Costa Blanca und einem vertrauensw\u00fcrdigen Team.\" \/>\n<meta name=\"robots\" content=\"index, follow, max-snippet:-1, max-image-preview:large, max-video-preview:-1\" \/>\n<link rel=\"canonical\" href=\"https:\/\/www.plusvillas.es\/de\/warum-plusvillas\/\" \/>\n<meta property=\"og:locale\" content=\"de_DE\" \/>\n<meta property=\"og:type\" content=\"article\" \/>\n<meta property=\"og:title\" content=\"Warum sollten Sie uns f\u00fcr den Verkauf Ihrer Immobilien w\u00e4hlen \u2013 Plusvillas\" \/>\n<meta property=\"og:description\" content=\"Plusvillas ist ein Unternehmen mit mehr als 30 Jahren Erfahrung im Verkauf von Immobilien an der Costa Blanca und einem vertrauensw\u00fcrdigen Team.\" \/>\n<meta property=\"og:url\" content=\"https:\/\/www.plusvillas.es\/de\/warum-plusvillas\/\" \/>\n<meta property=\"og:site_name\" content=\"Plusvillas\" \/>\n<meta property=\"article:modified_time\" content=\"2023-09-18T15:46:11+00:00\" \/>\n<meta name=\"twitter:card\" content=\"summary_large_image\" \/>\n<meta name=\"twitter:label1\" content=\"Gesch\u00e4tzte Lesezeit\" \/>\n\t<meta name=\"twitter:data1\" content=\"3\u00a0Minuten\" \/>\n<script type=\"application\/ld+json\" class=\"yoast-schema-graph\">{\"@context\":\"https:\/\/schema.org\",\"@graph\":[{\"@type\":\"WebPage\",\"@id\":\"https:\/\/www.plusvillas.es\/de\/warum-plusvillas\/\",\"url\":\"https:\/\/www.plusvillas.es\/de\/warum-plusvillas\/\",\"name\":\"Warum sollten Sie uns f\u00fcr den Verkauf Ihrer Immobilien w\u00e4hlen \u2013 Plusvillas\",\"isPartOf\":{\"@id\":\"https:\/\/www.plusvillas.es\/de\/#website\"},\"datePublished\":\"2019-02-01T10:10:07+00:00\",\"dateModified\":\"2023-09-18T15:46:11+00:00\",\"description\":\"Plusvillas ist ein Unternehmen mit mehr als 30 Jahren Erfahrung im Verkauf von Immobilien an der Costa Blanca und einem vertrauensw\u00fcrdigen Team.\",\"breadcrumb\":{\"@id\":\"https:\/\/www.plusvillas.es\/de\/warum-plusvillas\/#breadcrumb\"},\"inLanguage\":\"de\",\"potentialAction\":[{\"@type\":\"ReadAction\",\"target\":[\"https:\/\/www.plusvillas.es\/de\/warum-plusvillas\/\"]}]},{\"@type\":\"BreadcrumbList\",\"@id\":\"https:\/\/www.plusvillas.es\/de\/warum-plusvillas\/#breadcrumb\",\"itemListElement\":[{\"@type\":\"ListItem\",\"position\":1,\"name\":\"Portada\",\"item\":\"https:\/\/www.plusvillas.es\/de\/\"},{\"@type\":\"ListItem\",\"position\":2,\"name\":\"Warum Plusvillas?\"}]},{\"@type\":\"WebSite\",\"@id\":\"https:\/\/www.plusvillas.es\/de\/#website\",\"url\":\"https:\/\/www.plusvillas.es\/de\/\",\"name\":\"Plusvillas\",\"description\":\"Venta de inmuebles en la Costa Blanca\",\"potentialAction\":[{\"@type\":\"SearchAction\",\"target\":{\"@type\":\"EntryPoint\",\"urlTemplate\":\"https:\/\/www.plusvillas.es\/de\/?s={search_term_string}\"},\"query-input\":\"required name=search_term_string\"}],\"inLanguage\":\"de\"}]}<\/script>\n<!-- \/ Yoast SEO plugin. -->","yoast_head_json":{"title":"Warum sollten Sie uns f\u00fcr den Verkauf Ihrer Immobilien w\u00e4hlen \u2013 Plusvillas","description":"Plusvillas ist ein Unternehmen mit mehr als 30 Jahren Erfahrung im Verkauf von Immobilien an der Costa Blanca und einem vertrauensw\u00fcrdigen Team.","robots":{"index":"index","follow":"follow","max-snippet":"max-snippet:-1","max-image-preview":"max-image-preview:large","max-video-preview":"max-video-preview:-1"},"canonical":"https:\/\/www.plusvillas.es\/de\/warum-plusvillas\/","og_locale":"de_DE","og_type":"article","og_title":"Warum sollten Sie uns f\u00fcr den Verkauf Ihrer Immobilien w\u00e4hlen \u2013 Plusvillas","og_description":"Plusvillas ist ein Unternehmen mit mehr als 30 Jahren Erfahrung im Verkauf von Immobilien an der Costa Blanca und einem vertrauensw\u00fcrdigen Team.","og_url":"https:\/\/www.plusvillas.es\/de\/warum-plusvillas\/","og_site_name":"Plusvillas","article_modified_time":"2023-09-18T15:46:11+00:00","twitter_card":"summary_large_image","twitter_misc":{"Gesch\u00e4tzte Lesezeit":"3\u00a0Minuten"},"schema":{"@context":"https:\/\/schema.org","@graph":[{"@type":"WebPage","@id":"https:\/\/www.plusvillas.es\/de\/warum-plusvillas\/","url":"https:\/\/www.plusvillas.es\/de\/warum-plusvillas\/","name":"Warum sollten Sie uns f\u00fcr den Verkauf Ihrer Immobilien w\u00e4hlen \u2013 Plusvillas","isPartOf":{"@id":"https:\/\/www.plusvillas.es\/de\/#website"},"datePublished":"2019-02-01T10:10:07+00:00","dateModified":"2023-09-18T15:46:11+00:00","description":"Plusvillas ist ein Unternehmen mit mehr als 30 Jahren Erfahrung im Verkauf von Immobilien an der Costa Blanca und einem vertrauensw\u00fcrdigen Team.","breadcrumb":{"@id":"https:\/\/www.plusvillas.es\/de\/warum-plusvillas\/#breadcrumb"},"inLanguage":"de","potentialAction":[{"@type":"ReadAction","target":["https:\/\/www.plusvillas.es\/de\/warum-plusvillas\/"]}]},{"@type":"BreadcrumbList","@id":"https:\/\/www.plusvillas.es\/de\/warum-plusvillas\/#breadcrumb","itemListElement":[{"@type":"ListItem","position":1,"name":"Portada","item":"https:\/\/www.plusvillas.es\/de\/"},{"@type":"ListItem","position":2,"name":"Warum Plusvillas?"}]},{"@type":"WebSite","@id":"https:\/\/www.plusvillas.es\/de\/#website","url":"https:\/\/www.plusvillas.es\/de\/","name":"Plusvillas","description":"Venta de inmuebles en la Costa Blanca","potentialAction":[{"@type":"SearchAction","target":{"@type":"EntryPoint","urlTemplate":"https:\/\/www.plusvillas.es\/de\/?s={search_term_string}"},"query-input":"required name=search_term_string"}],"inLanguage":"de"}]}},"_links":{"self":[{"href":"https:\/\/www.plusvillas.es\/de\/wp-json\/wp\/v2\/pages\/26404"}],"collection":[{"href":"https:\/\/www.plusvillas.es\/de\/wp-json\/wp\/v2\/pages"}],"about":[{"href":"https:\/\/www.plusvillas.es\/de\/wp-json\/wp\/v2\/types\/page"}],"author":[{"embeddable":true,"href":"https:\/\/www.plusvillas.es\/de\/wp-json\/wp\/v2\/users\/5"}],"replies":[{"embeddable":true,"href":"https:\/\/www.plusvillas.es\/de\/wp-json\/wp\/v2\/comments?post=26404"}],"version-history":[{"count":8,"href":"https:\/\/www.plusvillas.es\/de\/wp-json\/wp\/v2\/pages\/26404\/revisions"}],"predecessor-version":[{"id":109225,"href":"https:\/\/www.plusvillas.es\/de\/wp-json\/wp\/v2\/pages\/26404\/revisions\/109225"}],"wp:attachment":[{"href":"https:\/\/www.plusvillas.es\/de\/wp-json\/wp\/v2\/media?parent=26404"}],"curies":[{"name":"wp","href":"https:\/\/api.w.org\/{rel}","templated":true}]}}