    {"id":26526,"date":"2019-03-13T12:56:00","date_gmt":"2019-03-13T12:56:00","guid":{"rendered":"https:\/\/www.plusvillas.es\/calpe\/"},"modified":"2020-01-20T10:00:16","modified_gmt":"2020-01-20T10:00:16","slug":"calpe","status":"publish","type":"page","link":"https:\/\/www.plusvillas.es\/de\/calpe\/","title":{"rendered":"Calpe"},"content":{"rendered":"<p>[vc_row][vc_column]<div id=\"ultimate-heading-681169fde39b082ec\" class=\"uvc-heading ult-adjust-bottom-margin ultimate-heading-681169fde39b082ec uvc-7832 \" data-hspacer=\"no_spacer\"  data-halign=\"left\" style=\"text-align:left\"><div class=\"uvc-heading-spacer no_spacer\" style=\"top\"><\/div><div class=\"uvc-main-heading ult-responsive\"  data-ultimate-target='.uvc-heading.ultimate-heading-681169fde39b082ec h2'  data-responsive-json-new='{\"font-size\":\"\",\"line-height\":\"\"}' ><h2 style=\"font-weight:bold;color:#c31a1f;margin-bottom:-10px;\">CALPE<\/h2><\/div><div class=\"uvc-sub-heading ult-responsive\"  data-ultimate-target='.uvc-heading.ultimate-heading-681169fde39b082ec .uvc-sub-heading '  data-responsive-json-new='{\"font-size\":\"\",\"line-height\":\"\"}'  style=\"font-weight:bold;\"><\/p>\n<h1 class=\"haya-header-h2\">Ein zauberhafter Ort an der Costa Blanca<\/h1>\n<p><\/div><\/div>[vc_images_carousel images=&#8221;26527,26537,26538,26539&#8243; img_size=&#8221;full&#8221; autoplay=&#8221;yes&#8221; wrap=&#8221;yes&#8221;][vc_column_text]<strong>Calpe<\/strong> ist ein einzigartiger Ort an der Nordk\u00fcste der Provinz Alicante und wird durch den Pe\u00f1\u00f3n de Ifach gekr\u00f6nt, ein \u00fcber 300 m hoher Felsen von gro\u00dfer Sch\u00f6nheit. Ohne Zweifel das Symbol der Costa Blanca.<\/p>\n<p>Ein Grund zum Besuch dieser Stadt ist die Besichtigung ihrer Sehenw\u00fcrdigkeiten (nicht alles besteht im Strandbesuch). Zum Beispiel die Kapelle Salvador de Calpe mit einem gotischen Stil aus der Zeit der Conquista. Sie geh\u00f6rt zu den Emblemen der Stadt und verf\u00fcgt \u00fcber den typischen alicantinischen Reiz, der Sie begeistern wird.<\/p>\n<p>Das Castillo de Mascarat in der Gemeinde Calpe ist ausgezeichnet dazu geeignet, dass die Kinder etwas \u00fcber die Geschichte Spaniens in einer didaktischen und unterhaltsamen Weise lernen, w\u00e4hrend Sie seine M\u00e4chtigkeit bewundern. Die Festung diente einst zur Abwehr der Barbaresken-Korsaren.<\/p>\n<p>Weitere interessante Orte in Calpe sind, um nur einige Beispiele zu nennen, der Parque Natural del Pe\u00f1\u00f3n de Ifach und der Parque Enginent. Der erste besteht aus dem Felsen, dem Symbol der Costa Blanca, mit einer H\u00f6he von 332 m und einer L\u00e4nge von 1 km. Der zweite Park ist ein Erholungsgebiet, in dem es Freizeitbereiche f\u00fcr Kinder, Grillpl\u00e4tze, Brunnen und Spiel- und Sporteinrichtungen gibt. Ein weiterer interessanter Ort sind die Salzlagunen von Calpe, wo Sie die Sch\u00f6nheit der Natur ganz in der N\u00e4he der Altstadt genie\u00dfen k\u00f6nnen. Bei den Str\u00e4nden sticht der Playa de Arenal-Bol hervor, der 2000 m lang ist. Dieser Strand befindet sich bei der Altstadt und verf\u00fcgt \u00fcber einen feinen Sand. Wenn Sie feinen Sand nicht so m\u00f6gen, empfehlen wir Ihnen die Cala Calalga, die 100 m lang ist und einen Kieselstrand hat. Der Markt von Calpe ist in der Gegend ber\u00fchmt, Sie haben dort die M\u00f6glichkeit, Produkte der Gegend zu kaufen und ein sch\u00f6nes Andenken an die Ortschaft mit nach Hause zu nehmen.<\/p>\n<p>Zu den interessantesten Festen geh\u00f6ren die traditionellen Feste, das der Mauren und Christen und das Johannisfest. Die Johannisfeuer finden am 23. Juni statt und Sie k\u00f6nnen zahlreichen Ritualen beiwohnen, die seit vielen Jahren veranstaltet werden. Der beste Platz, um das Spektakel zu verfolgen, ist der Strand Arenal-Bol.<\/p>\n<h2>Str\u00e4nde von Calpe<\/h2>\n<p>Wie wir schon sagten, haben die Str\u00e4nde von Calpe einen besonderen Reiz. Sie sind sehr gepflegt, zeichnen sich durch die Qualit\u00e4t ihres Wassers und ihre feinen goldenen Sand aus. Einen besonderen Reiz bieten die Str\u00e4nde Arenal-Bol oder La Fossa, die beide \u00fcber eine Strandpromenade verf\u00fcgen. An ihnen kann man auch alle m\u00f6glichen Wassersportarten betreiben, wie das Segeln oder das Tauchen.<\/p>\n<h2>Feste in Calpe<\/h2>\n<p>Wie wir bereits gesagt haben, sind die wichtigsten Feste in Calpe das der Mauren und Christen und das Johannisfest. Das erste wird seit 1977 gefeiert, es handelt sich ganz offensichtlich um ein beim Publikum beliebtes Fest. Das zweite findet seit 1991 statt und ist schon Tradition in der Ortschaft.<\/p>\n<p>Wir m\u00f6chten darauf hinweisen, dass es in der Gegend viele Deutsche gibt, so dass auch das Oktoberfest gefeiert wird. Wie Sie sehen, gibt es eine gro\u00dfe Vielfalt an Festen, so dass es Ihnen nie langweilig werden wird.[\/vc_column_text][\/vc_column][\/vc_row]<\/p>\n","protected":false},"excerpt":{"rendered":"<p>[vc_row][vc_column][vc_images_carousel images=&#8221;26527,26537,26538,26539&#8243; img_size=&#8221;full&#8221; autoplay=&#8221;yes&#8221; wrap=&#8221;yes&#8221;][vc_column_text]Calpe ist ein einzigartiger Ort an der Nordk\u00fcste der Provinz Alicante und wird durch den Pe\u00f1\u00f3n de Ifach gekr\u00f6nt, ein \u00fcber 300 m hoher Felsen von gro\u00dfer Sch\u00f6nheit. Ohne Zweifel das Symbol der Costa Blanca. Ein Grund zum Besuch dieser Stadt ist die Besichtigung ihrer Sehenw\u00fcrdigkeiten (nicht alles besteht im Strandbesuch). Zum Beispiel die Kapelle Salvador de Calpe mit einem &#8230;<\/p>\n","protected":false},"author":5,"featured_media":0,"parent":0,"menu_order":0,"comment_status":"closed","ping_status":"closed","template":"","meta":{"footnotes":"","_vp_format_video_url":"","_vp_image_focal_point":[],"_joinchat":[]},"yoast_head":"<!-- This site is optimized with the Yoast SEO plugin v21.6 - https:\/\/yoast.com\/wordpress\/plugins\/seo\/ -->\n<title>Calpe - Plusvillas<\/title>\n<meta name=\"robots\" content=\"index, follow, max-snippet:-1, max-image-preview:large, max-video-preview:-1\" \/>\n<link rel=\"canonical\" href=\"https:\/\/www.plusvillas.es\/de\/calpe\/\" \/>\n<meta property=\"og:locale\" content=\"de_DE\" \/>\n<meta property=\"og:type\" content=\"article\" \/>\n<meta property=\"og:title\" content=\"Calpe - Plusvillas\" \/>\n<meta property=\"og:description\" content=\"[vc_row][vc_column][vc_images_carousel images=&#8221;26527,26537,26538,26539&#8243; img_size=&#8221;full&#8221; autoplay=&#8221;yes&#8221; wrap=&#8221;yes&#8221;][vc_column_text]Calpe ist ein einzigartiger Ort an der Nordk\u00fcste der Provinz Alicante und wird durch den Pe\u00f1\u00f3n de Ifach gekr\u00f6nt, ein \u00fcber 300 m hoher Felsen von gro\u00dfer Sch\u00f6nheit. Ohne Zweifel das Symbol der Costa Blanca. Ein Grund zum Besuch dieser Stadt ist die Besichtigung ihrer Sehenw\u00fcrdigkeiten (nicht alles besteht im Strandbesuch). Zum Beispiel die Kapelle Salvador de Calpe mit einem ...\" \/>\n<meta property=\"og:url\" content=\"https:\/\/www.plusvillas.es\/de\/calpe\/\" \/>\n<meta property=\"og:site_name\" content=\"Plusvillas\" \/>\n<meta property=\"article:modified_time\" content=\"2020-01-20T10:00:16+00:00\" \/>\n<meta name=\"twitter:card\" content=\"summary_large_image\" \/>\n<meta name=\"twitter:label1\" content=\"Gesch\u00e4tzte Lesezeit\" \/>\n\t<meta name=\"twitter:data1\" content=\"3\u00a0Minuten\" \/>\n<script type=\"application\/ld+json\" class=\"yoast-schema-graph\">{\"@context\":\"https:\/\/schema.org\",\"@graph\":[{\"@type\":\"WebPage\",\"@id\":\"https:\/\/www.plusvillas.es\/de\/calpe\/\",\"url\":\"https:\/\/www.plusvillas.es\/de\/calpe\/\",\"name\":\"Calpe - Plusvillas\",\"isPartOf\":{\"@id\":\"https:\/\/www.plusvillas.es\/de\/#website\"},\"datePublished\":\"2019-03-13T12:56:00+00:00\",\"dateModified\":\"2020-01-20T10:00:16+00:00\",\"breadcrumb\":{\"@id\":\"https:\/\/www.plusvillas.es\/de\/calpe\/#breadcrumb\"},\"inLanguage\":\"de\",\"potentialAction\":[{\"@type\":\"ReadAction\",\"target\":[\"https:\/\/www.plusvillas.es\/de\/calpe\/\"]}]},{\"@type\":\"BreadcrumbList\",\"@id\":\"https:\/\/www.plusvillas.es\/de\/calpe\/#breadcrumb\",\"itemListElement\":[{\"@type\":\"ListItem\",\"position\":1,\"name\":\"Portada\",\"item\":\"https:\/\/www.plusvillas.es\/de\/\"},{\"@type\":\"ListItem\",\"position\":2,\"name\":\"Calpe\"}]},{\"@type\":\"WebSite\",\"@id\":\"https:\/\/www.plusvillas.es\/de\/#website\",\"url\":\"https:\/\/www.plusvillas.es\/de\/\",\"name\":\"Plusvillas\",\"description\":\"Venta de inmuebles en la Costa Blanca\",\"potentialAction\":[{\"@type\":\"SearchAction\",\"target\":{\"@type\":\"EntryPoint\",\"urlTemplate\":\"https:\/\/www.plusvillas.es\/de\/?s={search_term_string}\"},\"query-input\":\"required name=search_term_string\"}],\"inLanguage\":\"de\"}]}<\/script>\n<!-- \/ Yoast SEO plugin. -->","yoast_head_json":{"title":"Calpe - Plusvillas","robots":{"index":"index","follow":"follow","max-snippet":"max-snippet:-1","max-image-preview":"max-image-preview:large","max-video-preview":"max-video-preview:-1"},"canonical":"https:\/\/www.plusvillas.es\/de\/calpe\/","og_locale":"de_DE","og_type":"article","og_title":"Calpe - Plusvillas","og_description":"[vc_row][vc_column][vc_images_carousel images=&#8221;26527,26537,26538,26539&#8243; img_size=&#8221;full&#8221; autoplay=&#8221;yes&#8221; wrap=&#8221;yes&#8221;][vc_column_text]Calpe ist ein einzigartiger Ort an der Nordk\u00fcste der Provinz Alicante und wird durch den Pe\u00f1\u00f3n de Ifach gekr\u00f6nt, ein \u00fcber 300 m hoher Felsen von gro\u00dfer Sch\u00f6nheit. Ohne Zweifel das Symbol der Costa Blanca. Ein Grund zum Besuch dieser Stadt ist die Besichtigung ihrer Sehenw\u00fcrdigkeiten (nicht alles besteht im Strandbesuch). Zum Beispiel die Kapelle Salvador de Calpe mit einem ...","og_url":"https:\/\/www.plusvillas.es\/de\/calpe\/","og_site_name":"Plusvillas","article_modified_time":"2020-01-20T10:00:16+00:00","twitter_card":"summary_large_image","twitter_misc":{"Gesch\u00e4tzte Lesezeit":"3\u00a0Minuten"},"schema":{"@context":"https:\/\/schema.org","@graph":[{"@type":"WebPage","@id":"https:\/\/www.plusvillas.es\/de\/calpe\/","url":"https:\/\/www.plusvillas.es\/de\/calpe\/","name":"Calpe - Plusvillas","isPartOf":{"@id":"https:\/\/www.plusvillas.es\/de\/#website"},"datePublished":"2019-03-13T12:56:00+00:00","dateModified":"2020-01-20T10:00:16+00:00","breadcrumb":{"@id":"https:\/\/www.plusvillas.es\/de\/calpe\/#breadcrumb"},"inLanguage":"de","potentialAction":[{"@type":"ReadAction","target":["https:\/\/www.plusvillas.es\/de\/calpe\/"]}]},{"@type":"BreadcrumbList","@id":"https:\/\/www.plusvillas.es\/de\/calpe\/#breadcrumb","itemListElement":[{"@type":"ListItem","position":1,"name":"Portada","item":"https:\/\/www.plusvillas.es\/de\/"},{"@type":"ListItem","position":2,"name":"Calpe"}]},{"@type":"WebSite","@id":"https:\/\/www.plusvillas.es\/de\/#website","url":"https:\/\/www.plusvillas.es\/de\/","name":"Plusvillas","description":"Venta de inmuebles en la Costa Blanca","potentialAction":[{"@type":"SearchAction","target":{"@type":"EntryPoint","urlTemplate":"https:\/\/www.plusvillas.es\/de\/?s={search_term_string}"},"query-input":"required name=search_term_string"}],"inLanguage":"de"}]}},"_links":{"self":[{"href":"https:\/\/www.plusvillas.es\/de\/wp-json\/wp\/v2\/pages\/26526"}],"collection":[{"href":"https:\/\/www.plusvillas.es\/de\/wp-json\/wp\/v2\/pages"}],"about":[{"href":"https:\/\/www.plusvillas.es\/de\/wp-json\/wp\/v2\/types\/page"}],"author":[{"embeddable":true,"href":"https:\/\/www.plusvillas.es\/de\/wp-json\/wp\/v2\/users\/5"}],"replies":[{"embeddable":true,"href":"https:\/\/www.plusvillas.es\/de\/wp-json\/wp\/v2\/comments?post=26526"}],"version-history":[{"count":0,"href":"https:\/\/www.plusvillas.es\/de\/wp-json\/wp\/v2\/pages\/26526\/revisions"}],"wp:attachment":[{"href":"https:\/\/www.plusvillas.es\/de\/wp-json\/wp\/v2\/media?parent=26526"}],"curies":[{"name":"wp","href":"https:\/\/api.w.org\/{rel}","templated":true}]}}