    {"id":26554,"date":"2019-03-13T17:44:21","date_gmt":"2019-03-13T17:44:21","guid":{"rendered":"https:\/\/www.plusvillas.es\/altea\/"},"modified":"2020-01-20T10:16:13","modified_gmt":"2020-01-20T10:16:13","slug":"altea","status":"publish","type":"page","link":"https:\/\/www.plusvillas.es\/de\/altea\/","title":{"rendered":"Altea"},"content":{"rendered":"<p>[vc_row][vc_column]<div id=\"ultimate-heading-611869f8c9b89935d\" class=\"uvc-heading ult-adjust-bottom-margin ultimate-heading-611869f8c9b89935d uvc-2437 \" data-hspacer=\"no_spacer\"  data-halign=\"left\" style=\"text-align:left\"><div class=\"uvc-heading-spacer no_spacer\" style=\"top\"><\/div><div class=\"uvc-main-heading ult-responsive\"  data-ultimate-target='.uvc-heading.ultimate-heading-611869f8c9b89935d h2'  data-responsive-json-new='{\"font-size\":\"\",\"line-height\":\"\"}' ><h2 style=\"font-weight:bold;color:#c31a1f;margin-bottom:-10px;\">ALTEA<\/h2><\/div><div class=\"uvc-sub-heading ult-responsive\"  data-ultimate-target='.uvc-heading.ultimate-heading-611869f8c9b89935d .uvc-sub-heading '  data-responsive-json-new='{\"font-size\":\"\",\"line-height\":\"\"}'  style=\"font-weight:bold;\"><\/p>\n<h1 class=\"haya-header-h2\">Spitzentourismus an der Costa Blanca<\/h1>\n<p><\/div><\/div>[vc_images_carousel images=&#8221;26569,26570&#8243; img_size=&#8221;full&#8221; autoplay=&#8221;yes&#8221; wrap=&#8221;yes&#8221;][vc_column_text]<strong>Altea<\/strong> befindet sich in der Provinz Alicante im Landkreis Marina Baja, der eine starke k\u00fcnstlerische und kulturelle Komponente aufweist, da sich in ihm die Fakult\u00e4t f\u00fcr Sch\u00f6ne K\u00fcnste der Universit\u00e4t Miguel Hern\u00e1ndez befindet.<\/p>\n<p>Altea wird Sie ohne Zweifel \u00fcberraschen und sicherlich werden Sie im n\u00e4chsten Sommer das Erlebnis gerne wiederholen wollen. Dank Plusholidays werden Sie ein wundersch\u00f6nes Erlebnis haben, bei dem der Stress im B\u00fcro bleibt und nicht mit Ihnen an den Strand reist.<\/p>\n<p>Dieser Ort verf\u00fcgt \u00fcber eine mittelgro\u00dfe Einwohnerzahl, so dass er etwas belebter als andere von uns angebotene touristische Ziele (wie Benissa) ist.<\/p>\n<p>Daf\u00fcr gibt es ein wesentlich gr\u00f6\u00dferes Freizeitangebot. Man muss die Nachteile gegen die Vorteile abzuw\u00e4gen wissen, aber tats\u00e4chlich ist dies der einzige Nachteil, ansonsten ist die Gegend wunderbar und die Str\u00e4nde traumhaft.<\/p>\n<p>Die Wirtschaft in dieser Gegend ist stark vom Tourismus gepr\u00e4gt, so dass Sie eine warmherzige und sehr touristenfreundliche Stadt vorfinden, im Unterschied zu anderen Gegenden, wo man weniger auf Touristen eingestellt ist. Deshalb ist diese Gegend ideal f\u00fcr den Urlaub. Auch die Landwirtschaft und der Fischfang sind wichtige Wirtschaftsmotoren, weshalb die Gegend eine starke Naturverbundenheit aufweist, da man ja teilweise von der Natur lebt.<\/p>\n<h2>Str\u00e4nde in Altea<\/h2>\n<p>Zweifelsohne sind die Str\u00e4nde die Hauptattraktion von Altea. Ein sch\u00f6ner Strand ist zum Beispiel der L\u00b4Espigo, der auf Wunsch der Einwohner 1999 neu angelegt wurde, weil er durch den Bau eines Stausees verschwunden gewesen war.<\/p>\n<p>La Olla ist ein entz\u00fcckender Strand mit einer besonderen Magie. Au\u00dferdem gibt es 500 m vom Strand eine kleine Insel. Wenn Sie allerdings kein guter Schwimmer sind, sollten Sie besser nicht dahin schwimmen.<\/p>\n<p>La Cap Negret ist ein anderer Strand, ein Kiesstrand, und das Wasser ist besonders sauber. Au\u00dferdem ist es sehr ruhig dort, so dass er ideal f\u00fcr Kleinkinder ist. Hier k\u00f6nnen diese sich an das Meer und kleinere Wellen gew\u00f6hnen. Zuletzt ist noch der meistbesuchte und beliebteste Strand, La Roda, zu erw\u00e4hnen, was daran liegt, dass er sich in der Altstadt befindet.<\/p>\n<h2>Feste in Altea<\/h2>\n<p>Es ist daraufhin zu weisen, dass jedes Stadtviertel seinen eigenen Schutzpatron feiert. So haben Sie eine gro\u00dfe Auswahl bei den Festen. Im Juni zum Beispiel gibt es die ber\u00fchmten Feste der Heiligen Dreifaltigkeit im Viertel Bellaguarda. Im Juli ist das bestbesuchte Fest das des Heiligen Petrus.<\/p>\n<p>Hervorzuheben sind noch die Feste von Hl. Thomas und die Feste zu Ehren des Cristo Sagrario (Cristus im Tabernakel). Wie Sie sehen, haben alle diese Feste einen starken religi\u00f6sen Hintergrund, aber das bedeutet nicht, dass es in Altea nicht auch eine ganze Reihe k\u00fcnstlerischer Aktivit\u00e4ten gibt. Die Stadt ist Zufluchtsort vieler K\u00fcnstler, wie Benjam\u00edn Palencia, Ram\u00f3n de Soto, Antonio Lago und Lu\u00eds Frutos, gewesen.<\/p>\n<p>Weitere Sehensw\u00fcrdigkeiten sind die Iglesia Monasterio Carmelitas Descalzas, der Torre de la Galera und der Torre de Bellaguarda. Das alte Dorf, besser bekannt als El Fornet, geh\u00f6rt zu den sch\u00f6nsten Gegenden der Stadt und verf\u00fcgt \u00fcber zahlreiche Aussichtspunkte, um den wundersch\u00f6nen Ausblick zu genie\u00dfen. Zu guter Letzt ist noch die Strandpromenade zu nennen, die man unbedingt besuchen und entlangbummeln sollte. Die Stadt verf\u00fcgt ebenfalls \u00fcber einen Yachtclub, den Club N\u00e1utico de Altea.[\/vc_column_text][\/vc_column][\/vc_row]<\/p>\n","protected":false},"excerpt":{"rendered":"<p>[vc_row][vc_column][vc_images_carousel images=&#8221;26569,26570&#8243; img_size=&#8221;full&#8221; autoplay=&#8221;yes&#8221; wrap=&#8221;yes&#8221;][vc_column_text]Altea befindet sich in der Provinz Alicante im Landkreis Marina Baja, der eine starke k\u00fcnstlerische und kulturelle Komponente aufweist, da sich in ihm die Fakult\u00e4t f\u00fcr Sch\u00f6ne K\u00fcnste der Universit\u00e4t Miguel Hern\u00e1ndez befindet. Altea wird Sie ohne Zweifel \u00fcberraschen und sicherlich werden Sie im n\u00e4chsten Sommer das Erlebnis gerne wiederholen wollen. Dank Plusholidays werden Sie ein wundersch\u00f6nes Erlebnis haben, bei &#8230;<\/p>\n","protected":false},"author":5,"featured_media":0,"parent":0,"menu_order":0,"comment_status":"closed","ping_status":"closed","template":"","meta":{"footnotes":"","_vp_format_video_url":"","_vp_image_focal_point":[],"_joinchat":[]},"yoast_head":"<!-- This site is optimized with the Yoast SEO plugin v21.6 - https:\/\/yoast.com\/wordpress\/plugins\/seo\/ -->\n<title>Altea - Plusvillas<\/title>\n<meta name=\"robots\" content=\"index, follow, max-snippet:-1, max-image-preview:large, max-video-preview:-1\" \/>\n<link rel=\"canonical\" href=\"https:\/\/www.plusvillas.es\/de\/altea\/\" \/>\n<meta property=\"og:locale\" content=\"de_DE\" \/>\n<meta property=\"og:type\" content=\"article\" \/>\n<meta property=\"og:title\" content=\"Altea - Plusvillas\" \/>\n<meta property=\"og:description\" content=\"[vc_row][vc_column][vc_images_carousel images=&#8221;26569,26570&#8243; img_size=&#8221;full&#8221; autoplay=&#8221;yes&#8221; wrap=&#8221;yes&#8221;][vc_column_text]Altea befindet sich in der Provinz Alicante im Landkreis Marina Baja, der eine starke k\u00fcnstlerische und kulturelle Komponente aufweist, da sich in ihm die Fakult\u00e4t f\u00fcr Sch\u00f6ne K\u00fcnste der Universit\u00e4t Miguel Hern\u00e1ndez befindet. Altea wird Sie ohne Zweifel \u00fcberraschen und sicherlich werden Sie im n\u00e4chsten Sommer das Erlebnis gerne wiederholen wollen. Dank Plusholidays werden Sie ein wundersch\u00f6nes Erlebnis haben, bei ...\" \/>\n<meta property=\"og:url\" content=\"https:\/\/www.plusvillas.es\/de\/altea\/\" \/>\n<meta property=\"og:site_name\" content=\"Plusvillas\" \/>\n<meta property=\"article:modified_time\" content=\"2020-01-20T10:16:13+00:00\" \/>\n<meta name=\"twitter:card\" content=\"summary_large_image\" \/>\n<meta name=\"twitter:label1\" content=\"Gesch\u00e4tzte Lesezeit\" \/>\n\t<meta name=\"twitter:data1\" content=\"3\u00a0Minuten\" \/>\n<script type=\"application\/ld+json\" class=\"yoast-schema-graph\">{\"@context\":\"https:\/\/schema.org\",\"@graph\":[{\"@type\":\"WebPage\",\"@id\":\"https:\/\/www.plusvillas.es\/de\/altea\/\",\"url\":\"https:\/\/www.plusvillas.es\/de\/altea\/\",\"name\":\"Altea - Plusvillas\",\"isPartOf\":{\"@id\":\"https:\/\/www.plusvillas.es\/de\/#website\"},\"datePublished\":\"2019-03-13T17:44:21+00:00\",\"dateModified\":\"2020-01-20T10:16:13+00:00\",\"breadcrumb\":{\"@id\":\"https:\/\/www.plusvillas.es\/de\/altea\/#breadcrumb\"},\"inLanguage\":\"de\",\"potentialAction\":[{\"@type\":\"ReadAction\",\"target\":[\"https:\/\/www.plusvillas.es\/de\/altea\/\"]}]},{\"@type\":\"BreadcrumbList\",\"@id\":\"https:\/\/www.plusvillas.es\/de\/altea\/#breadcrumb\",\"itemListElement\":[{\"@type\":\"ListItem\",\"position\":1,\"name\":\"Portada\",\"item\":\"https:\/\/www.plusvillas.es\/de\/\"},{\"@type\":\"ListItem\",\"position\":2,\"name\":\"Altea\"}]},{\"@type\":\"WebSite\",\"@id\":\"https:\/\/www.plusvillas.es\/de\/#website\",\"url\":\"https:\/\/www.plusvillas.es\/de\/\",\"name\":\"Plusvillas\",\"description\":\"Venta de inmuebles en la Costa Blanca\",\"potentialAction\":[{\"@type\":\"SearchAction\",\"target\":{\"@type\":\"EntryPoint\",\"urlTemplate\":\"https:\/\/www.plusvillas.es\/de\/?s={search_term_string}\"},\"query-input\":\"required name=search_term_string\"}],\"inLanguage\":\"de\"}]}<\/script>\n<!-- \/ Yoast SEO plugin. -->","yoast_head_json":{"title":"Altea - Plusvillas","robots":{"index":"index","follow":"follow","max-snippet":"max-snippet:-1","max-image-preview":"max-image-preview:large","max-video-preview":"max-video-preview:-1"},"canonical":"https:\/\/www.plusvillas.es\/de\/altea\/","og_locale":"de_DE","og_type":"article","og_title":"Altea - Plusvillas","og_description":"[vc_row][vc_column][vc_images_carousel images=&#8221;26569,26570&#8243; img_size=&#8221;full&#8221; autoplay=&#8221;yes&#8221; wrap=&#8221;yes&#8221;][vc_column_text]Altea befindet sich in der Provinz Alicante im Landkreis Marina Baja, der eine starke k\u00fcnstlerische und kulturelle Komponente aufweist, da sich in ihm die Fakult\u00e4t f\u00fcr Sch\u00f6ne K\u00fcnste der Universit\u00e4t Miguel Hern\u00e1ndez befindet. Altea wird Sie ohne Zweifel \u00fcberraschen und sicherlich werden Sie im n\u00e4chsten Sommer das Erlebnis gerne wiederholen wollen. Dank Plusholidays werden Sie ein wundersch\u00f6nes Erlebnis haben, bei ...","og_url":"https:\/\/www.plusvillas.es\/de\/altea\/","og_site_name":"Plusvillas","article_modified_time":"2020-01-20T10:16:13+00:00","twitter_card":"summary_large_image","twitter_misc":{"Gesch\u00e4tzte Lesezeit":"3\u00a0Minuten"},"schema":{"@context":"https:\/\/schema.org","@graph":[{"@type":"WebPage","@id":"https:\/\/www.plusvillas.es\/de\/altea\/","url":"https:\/\/www.plusvillas.es\/de\/altea\/","name":"Altea - Plusvillas","isPartOf":{"@id":"https:\/\/www.plusvillas.es\/de\/#website"},"datePublished":"2019-03-13T17:44:21+00:00","dateModified":"2020-01-20T10:16:13+00:00","breadcrumb":{"@id":"https:\/\/www.plusvillas.es\/de\/altea\/#breadcrumb"},"inLanguage":"de","potentialAction":[{"@type":"ReadAction","target":["https:\/\/www.plusvillas.es\/de\/altea\/"]}]},{"@type":"BreadcrumbList","@id":"https:\/\/www.plusvillas.es\/de\/altea\/#breadcrumb","itemListElement":[{"@type":"ListItem","position":1,"name":"Portada","item":"https:\/\/www.plusvillas.es\/de\/"},{"@type":"ListItem","position":2,"name":"Altea"}]},{"@type":"WebSite","@id":"https:\/\/www.plusvillas.es\/de\/#website","url":"https:\/\/www.plusvillas.es\/de\/","name":"Plusvillas","description":"Venta de inmuebles en la Costa Blanca","potentialAction":[{"@type":"SearchAction","target":{"@type":"EntryPoint","urlTemplate":"https:\/\/www.plusvillas.es\/de\/?s={search_term_string}"},"query-input":"required name=search_term_string"}],"inLanguage":"de"}]}},"_links":{"self":[{"href":"https:\/\/www.plusvillas.es\/de\/wp-json\/wp\/v2\/pages\/26554"}],"collection":[{"href":"https:\/\/www.plusvillas.es\/de\/wp-json\/wp\/v2\/pages"}],"about":[{"href":"https:\/\/www.plusvillas.es\/de\/wp-json\/wp\/v2\/types\/page"}],"author":[{"embeddable":true,"href":"https:\/\/www.plusvillas.es\/de\/wp-json\/wp\/v2\/users\/5"}],"replies":[{"embeddable":true,"href":"https:\/\/www.plusvillas.es\/de\/wp-json\/wp\/v2\/comments?post=26554"}],"version-history":[{"count":0,"href":"https:\/\/www.plusvillas.es\/de\/wp-json\/wp\/v2\/pages\/26554\/revisions"}],"wp:attachment":[{"href":"https:\/\/www.plusvillas.es\/de\/wp-json\/wp\/v2\/media?parent=26554"}],"curies":[{"name":"wp","href":"https:\/\/api.w.org\/{rel}","templated":true}]}}