    {"id":26641,"date":"2019-07-04T11:32:33","date_gmt":"2019-07-04T11:32:33","guid":{"rendered":"https:\/\/www.plusvillas.es\/javea\/"},"modified":"2020-01-20T11:09:29","modified_gmt":"2020-01-20T11:09:29","slug":"javea","status":"publish","type":"page","link":"https:\/\/www.plusvillas.es\/de\/javea\/","title":{"rendered":"J\u00e1vea"},"content":{"rendered":"<p>[vc_row][vc_column]<div id=\"ultimate-heading-934469f163b53598b\" class=\"uvc-heading ult-adjust-bottom-margin ultimate-heading-934469f163b53598b uvc-5449 \" data-hspacer=\"no_spacer\"  data-halign=\"left\" style=\"text-align:left\"><div class=\"uvc-heading-spacer no_spacer\" style=\"top\"><\/div><div class=\"uvc-main-heading ult-responsive\"  data-ultimate-target='.uvc-heading.ultimate-heading-934469f163b53598b h2'  data-responsive-json-new='{\"font-size\":\"\",\"line-height\":\"\"}' ><h2 style=\"font-weight:bold;color:#c31a1f;margin-bottom:-10px;\">J\u00c1VEA<\/h2><\/div><div class=\"uvc-sub-heading ult-responsive\"  data-ultimate-target='.uvc-heading.ultimate-heading-934469f163b53598b .uvc-sub-heading '  data-responsive-json-new='{\"font-size\":\"\",\"line-height\":\"\"}'  style=\"font-weight:bold;\"><br \/>\n<\/div><\/div>[vc_images_carousel images=&#8221;26642,26648&#8243; img_size=&#8221;full&#8221; autoplay=&#8221;yes&#8221; wrap=&#8221;yes&#8221;][vc_column_text]J\u00e1vea ist eine Gemeinde in der Provinz Alicante im Landkreis Marina Alta mit einer Einwohnerzahl von etwa 27.000. Sie sticht durch die Sch\u00f6nheit ihrer nat\u00fcrlichen Umgebung hervor. Deshalb ist sie eine der besten Optionen, um an der Costa Blanca zum Urlaub machen.<\/p>\n<p>Die Wirtschaft der Stadt st\u00fctzt sich im Wesentlichen auf den Tourismus, so dass sie gerne Touristen empf\u00e4ngt und sie mit einer gro\u00dfen Herzlichkeit aufnimmt. Es gibt au\u00dferdem viel Landwirtschaft und Viehzucht, was der Gegend einen gewissen Reiz verleiht. Schlie\u00dflich m\u00f6chten wir darauf hinweisen, dass es in der Gegend auch eine starke Fischfangindustrie gibt, da der Ort \u00fcber eine eigene Auktionshalle verf\u00fcgt und eine gro\u00dfe Seefahrertradition hat.<\/p>\n<p>Wie wir bereits sagten, ist der Tourismus der Hauptmotor der lokalen Wirtschaft. Dazu kommt der Bausektor. Diese Branche bem\u00fcht sich, den Erfordernissen des Tourismussektors nachzukommen, damit es im Sommer gen\u00fcgend H\u00e4user und Wohnungen zum Mieten gibt.<\/p>\n<p>J\u00e1vea ist, wie wir bereits gesagt haben, eine Stadt mit viel Charme und einer eigenen, sehr charakteristischenPers\u00f6nlichkeit. Aus diesem Grund kann es sein, dass sie Ihnen sehr gut gef\u00e4llt oder \u00fcberhaupt nicht zusagt, aber die meisten sind von ihr begeistert.<\/p>\n<p>Man sollte nicht vergessen, dass die Gegend nicht nur aus Strand besteht, sondern auch Berge beherbergt, unter denen der Berg Montg\u00f3 mit einer H\u00f6he von \u00fcber 750 m hervorsticht. Viele Leute glauben, dass die Costa Blanca nur aus langen Sandstr\u00e4nden besteht, aber J\u00e1vea ist viel mehr als das. Tats\u00e4chlich versicherte Sorolla, dass sie eine der besten Gegenden in Spanien sei, um zu malen, da ihre Landschaften unheimlich inspirierend seien. Ohne Zweifel ist sie eine der sch\u00f6nsten Gegenden in Spanien.<\/p>\n<p>Wenn Sie allerdings gerne am Strand sind, kommen Sie hier auch auf Ihre Kosten. Besonders erw\u00e4hnenswert sind die Cala Blanca, La Barraca, die Cala Granadella und die Cala Ambolo. Es handelt sich dabei um Buchten, die nicht schwer zu erreichen sind.<\/p>\n<p>Die Altstadt ist sehr sch\u00f6n, sie hat ihren mittelalterlichen Stil bewahrt. Ihre Stra\u00dfen sind gepflastert und die kleinen H\u00e4user aus Stein. Es herrscht ein sehr typisches mediterranes Ambiente. Die Kirche-Festung St. Bartholom\u00e4us ist zwar eine Kirche, au\u00dfen aber eine Festung, was eine merkw\u00fcrdige und auffallende Kombination darstellt.<\/p>\n<h2>Str\u00e4nde von J\u00e1vea<\/h2>\n<p>Die Cala Blanca ist eine der sch\u00f6nsten Buchten der Ortschaft, die aus zwei nebeneinanderliegenden Buchten mit Kieseln und Felsen besteht. Sie sind leicht zug\u00e4nglich, so dass Sie nicht lange brauchen, um dorthin zu gelangen.<\/p>\n<p>La Barraca ist eine weitere Kieselbucht mit guter Aussicht auf eine h\u00fcbsche Insel. Sie ist einer der besten Orte zum Tauchen und man kann vom Aussichtspunkt Cruz del Portitxol leicht dorthin gelangen. Wenn Sie allerdings den Spaziergang nicht machen m\u00f6chten, k\u00f6nnen Sie auch mit dem Auto dorthin gelangen.<\/p>\n<p>Die Cala de Granadella verf\u00fcgt \u00fcber t\u00fcrkisblaues Wasser und eignet sich hervorragend zum Tauchen. Sie geh\u00f6rt zu den Lieblingsbuchten der Einwohner von J\u00e1vea, welche die Gegend am besten kennen. Da sie leicht zug\u00e4nglich ist und zu den Besten geh\u00f6rt, sind allerdings meist recht viele Leute dort.<\/p>\n<p>Die Cala Ambolo ist die sch\u00f6nste Bucht von J\u00e1vea, vor allem wegen der wundersch\u00f6nen Farbe ihres Wassers. Hier sind meistens wenig Leute, so dass man sich herrlich hinlegen und die Meeresbrise genie\u00dfen kann.<\/p>\n<h2>Feste in J\u00e1vea<\/h2>\n<p>Es gibt viele Feste, an denen man teilnehmen kann, wie das des San Ant\u00f3n, der Karneval (der noch neu, aber sehr lustig ist), Ostern mit der Leidensgeschichte von Jesus und das Fest des San Vicente Ferrer, dem Schutzpatron der Comunidad Valenciana. Das Hochtragen von Jesus, dem Nazarener, (der Schutzpatron von J\u00e1vea und Hauptperson der gr\u00f6\u00dften Feste des Ortes) ist in der Gegend gut bekannt und ebenfalls sehr empfehlenswert. Tradition sind auch die Johannisfeuer und die Feste der Mauren und Christen. Das lustigste von allen ist aber das lebende Schachspiel, das man im Hafen von J\u00e1vea feiert. Es handelt sich dabei um eine Auff\u00fchrung von Kindern.[\/vc_column_text][\/vc_column][\/vc_row]<\/p>\n","protected":false},"excerpt":{"rendered":"<p>[vc_row][vc_column][vc_images_carousel images=&#8221;26642,26648&#8243; img_size=&#8221;full&#8221; autoplay=&#8221;yes&#8221; wrap=&#8221;yes&#8221;][vc_column_text]J\u00e1vea ist eine Gemeinde in der Provinz Alicante im Landkreis Marina Alta mit einer Einwohnerzahl von etwa 27.000. Sie sticht durch die Sch\u00f6nheit ihrer nat\u00fcrlichen Umgebung hervor. Deshalb ist sie eine der besten Optionen, um an der Costa Blanca zum Urlaub machen. Die Wirtschaft der Stadt st\u00fctzt sich im Wesentlichen auf den Tourismus, so dass sie gerne Touristen empf\u00e4ngt und &#8230;<\/p>\n","protected":false},"author":5,"featured_media":0,"parent":0,"menu_order":0,"comment_status":"closed","ping_status":"closed","template":"","meta":{"footnotes":"","_vp_format_video_url":"","_vp_image_focal_point":[],"_joinchat":[]},"yoast_head":"<!-- This site is optimized with the Yoast SEO plugin v21.6 - https:\/\/yoast.com\/wordpress\/plugins\/seo\/ -->\n<title>J\u00e1vea - Plusvillas<\/title>\n<meta name=\"robots\" content=\"index, follow, max-snippet:-1, max-image-preview:large, max-video-preview:-1\" \/>\n<link rel=\"canonical\" href=\"https:\/\/www.plusvillas.es\/de\/javea\/\" \/>\n<meta property=\"og:locale\" content=\"de_DE\" \/>\n<meta property=\"og:type\" content=\"article\" \/>\n<meta property=\"og:title\" content=\"J\u00e1vea - Plusvillas\" \/>\n<meta property=\"og:description\" content=\"[vc_row][vc_column][vc_images_carousel images=&#8221;26642,26648&#8243; img_size=&#8221;full&#8221; autoplay=&#8221;yes&#8221; wrap=&#8221;yes&#8221;][vc_column_text]J\u00e1vea ist eine Gemeinde in der Provinz Alicante im Landkreis Marina Alta mit einer Einwohnerzahl von etwa 27.000. Sie sticht durch die Sch\u00f6nheit ihrer nat\u00fcrlichen Umgebung hervor. Deshalb ist sie eine der besten Optionen, um an der Costa Blanca zum Urlaub machen. Die Wirtschaft der Stadt st\u00fctzt sich im Wesentlichen auf den Tourismus, so dass sie gerne Touristen empf\u00e4ngt und ...\" \/>\n<meta property=\"og:url\" content=\"https:\/\/www.plusvillas.es\/de\/javea\/\" \/>\n<meta property=\"og:site_name\" content=\"Plusvillas\" \/>\n<meta property=\"article:modified_time\" content=\"2020-01-20T11:09:29+00:00\" \/>\n<meta name=\"twitter:card\" content=\"summary_large_image\" \/>\n<meta name=\"twitter:label1\" content=\"Gesch\u00e4tzte Lesezeit\" \/>\n\t<meta name=\"twitter:data1\" content=\"4\u00a0Minuten\" \/>\n<script type=\"application\/ld+json\" class=\"yoast-schema-graph\">{\"@context\":\"https:\/\/schema.org\",\"@graph\":[{\"@type\":\"WebPage\",\"@id\":\"https:\/\/www.plusvillas.es\/de\/javea\/\",\"url\":\"https:\/\/www.plusvillas.es\/de\/javea\/\",\"name\":\"J\u00e1vea - Plusvillas\",\"isPartOf\":{\"@id\":\"https:\/\/www.plusvillas.es\/de\/#website\"},\"datePublished\":\"2019-07-04T11:32:33+00:00\",\"dateModified\":\"2020-01-20T11:09:29+00:00\",\"breadcrumb\":{\"@id\":\"https:\/\/www.plusvillas.es\/de\/javea\/#breadcrumb\"},\"inLanguage\":\"de\",\"potentialAction\":[{\"@type\":\"ReadAction\",\"target\":[\"https:\/\/www.plusvillas.es\/de\/javea\/\"]}]},{\"@type\":\"BreadcrumbList\",\"@id\":\"https:\/\/www.plusvillas.es\/de\/javea\/#breadcrumb\",\"itemListElement\":[{\"@type\":\"ListItem\",\"position\":1,\"name\":\"Portada\",\"item\":\"https:\/\/www.plusvillas.es\/de\/\"},{\"@type\":\"ListItem\",\"position\":2,\"name\":\"J\u00e1vea\"}]},{\"@type\":\"WebSite\",\"@id\":\"https:\/\/www.plusvillas.es\/de\/#website\",\"url\":\"https:\/\/www.plusvillas.es\/de\/\",\"name\":\"Plusvillas\",\"description\":\"Venta de inmuebles en la Costa Blanca\",\"potentialAction\":[{\"@type\":\"SearchAction\",\"target\":{\"@type\":\"EntryPoint\",\"urlTemplate\":\"https:\/\/www.plusvillas.es\/de\/?s={search_term_string}\"},\"query-input\":\"required name=search_term_string\"}],\"inLanguage\":\"de\"}]}<\/script>\n<!-- \/ Yoast SEO plugin. -->","yoast_head_json":{"title":"J\u00e1vea - Plusvillas","robots":{"index":"index","follow":"follow","max-snippet":"max-snippet:-1","max-image-preview":"max-image-preview:large","max-video-preview":"max-video-preview:-1"},"canonical":"https:\/\/www.plusvillas.es\/de\/javea\/","og_locale":"de_DE","og_type":"article","og_title":"J\u00e1vea - Plusvillas","og_description":"[vc_row][vc_column][vc_images_carousel images=&#8221;26642,26648&#8243; img_size=&#8221;full&#8221; autoplay=&#8221;yes&#8221; wrap=&#8221;yes&#8221;][vc_column_text]J\u00e1vea ist eine Gemeinde in der Provinz Alicante im Landkreis Marina Alta mit einer Einwohnerzahl von etwa 27.000. Sie sticht durch die Sch\u00f6nheit ihrer nat\u00fcrlichen Umgebung hervor. Deshalb ist sie eine der besten Optionen, um an der Costa Blanca zum Urlaub machen. Die Wirtschaft der Stadt st\u00fctzt sich im Wesentlichen auf den Tourismus, so dass sie gerne Touristen empf\u00e4ngt und ...","og_url":"https:\/\/www.plusvillas.es\/de\/javea\/","og_site_name":"Plusvillas","article_modified_time":"2020-01-20T11:09:29+00:00","twitter_card":"summary_large_image","twitter_misc":{"Gesch\u00e4tzte Lesezeit":"4\u00a0Minuten"},"schema":{"@context":"https:\/\/schema.org","@graph":[{"@type":"WebPage","@id":"https:\/\/www.plusvillas.es\/de\/javea\/","url":"https:\/\/www.plusvillas.es\/de\/javea\/","name":"J\u00e1vea - Plusvillas","isPartOf":{"@id":"https:\/\/www.plusvillas.es\/de\/#website"},"datePublished":"2019-07-04T11:32:33+00:00","dateModified":"2020-01-20T11:09:29+00:00","breadcrumb":{"@id":"https:\/\/www.plusvillas.es\/de\/javea\/#breadcrumb"},"inLanguage":"de","potentialAction":[{"@type":"ReadAction","target":["https:\/\/www.plusvillas.es\/de\/javea\/"]}]},{"@type":"BreadcrumbList","@id":"https:\/\/www.plusvillas.es\/de\/javea\/#breadcrumb","itemListElement":[{"@type":"ListItem","position":1,"name":"Portada","item":"https:\/\/www.plusvillas.es\/de\/"},{"@type":"ListItem","position":2,"name":"J\u00e1vea"}]},{"@type":"WebSite","@id":"https:\/\/www.plusvillas.es\/de\/#website","url":"https:\/\/www.plusvillas.es\/de\/","name":"Plusvillas","description":"Venta de inmuebles en la Costa Blanca","potentialAction":[{"@type":"SearchAction","target":{"@type":"EntryPoint","urlTemplate":"https:\/\/www.plusvillas.es\/de\/?s={search_term_string}"},"query-input":"required name=search_term_string"}],"inLanguage":"de"}]}},"_links":{"self":[{"href":"https:\/\/www.plusvillas.es\/de\/wp-json\/wp\/v2\/pages\/26641"}],"collection":[{"href":"https:\/\/www.plusvillas.es\/de\/wp-json\/wp\/v2\/pages"}],"about":[{"href":"https:\/\/www.plusvillas.es\/de\/wp-json\/wp\/v2\/types\/page"}],"author":[{"embeddable":true,"href":"https:\/\/www.plusvillas.es\/de\/wp-json\/wp\/v2\/users\/5"}],"replies":[{"embeddable":true,"href":"https:\/\/www.plusvillas.es\/de\/wp-json\/wp\/v2\/comments?post=26641"}],"version-history":[{"count":0,"href":"https:\/\/www.plusvillas.es\/de\/wp-json\/wp\/v2\/pages\/26641\/revisions"}],"wp:attachment":[{"href":"https:\/\/www.plusvillas.es\/de\/wp-json\/wp\/v2\/media?parent=26641"}],"curies":[{"name":"wp","href":"https:\/\/api.w.org\/{rel}","templated":true}]}}