    {"id":26818,"date":"2019-02-21T13:02:47","date_gmt":"2019-02-21T13:02:47","guid":{"rendered":"https:\/\/www.plusvillas.es\/preguntas-frecuentes\/"},"modified":"2020-01-27T09:40:34","modified_gmt":"2020-01-27T09:40:34","slug":"haeufig-gestellte-fragen","status":"publish","type":"page","link":"https:\/\/www.plusvillas.es\/de\/haeufig-gestellte-fragen\/","title":{"rendered":"H\u00e4ufig gestellte Fragen"},"content":{"rendered":"<p>[vc_row full_width=&#8221;stretch_row&#8221; css=&#8221;.vc_custom_1550656832742{background-color: #f4f4f4 !important;}&#8221;][vc_column][vc_separator color=&#8221;black&#8221;][vc_toggle title=&#8221;Wie kann ich weitere Informationen zu der Immobilie erhalten, die mich interessiert?&#8221; style=&#8221;arrow&#8221; css=&#8221;.vc_custom_1580117876958{margin-top: -10px !important;}&#8221;]Wenn Sie an einer Immobilie interessiert sind, empfehlen wir Ihnen, eine Besichtigung anzufordern, damit Sie deren Eigenschaften und Lage aus erster Hand kennen. Denken Sie daran, dass Sie auch das Telefon 96 583 35 87 zur Verf\u00fcgung haben, in dem wir versuchen, alle Ihre Zweifel zu l\u00f6sen.<\/p>\n<p>[\/vc_toggle][vc_separator color=&#8221;black&#8221; css=&#8221;.vc_custom_1550782633794{margin-top: -5px !important;}&#8221;][vc_toggle title=&#8221;Welche Schritte sollte ich befolgen, um ein Haus zu kaufen?&#8221; style=&#8221;arrow&#8221; css=&#8221;.vc_custom_1580117924355{margin-top: -10px !important;}&#8221;]<\/p>\n<ul>\n<li>Zun\u00e4chst empfehlen wir Ihnen, die Unterkunft zu besuchen und sich pers\u00f6nlich \u00fcber deren Status und Eigenschaften zu informieren.<\/li>\n<li>Wenn die Immobilie den von Ihnen gew\u00fcnschten Anforderungen entspricht, werden wir den Reservierungsvorgang einleiten und Ihren Finanzierungsbedarf analysieren.<\/li>\n<li>Schlie\u00dflich vereinbaren wir mit Ihnen einen Termin f\u00fcr die Unterzeichnung der Immobilie und Sie k\u00f6nnen Ihr neues Haus genie\u00dfen!<\/li>\n<\/ul>\n<p>[\/vc_toggle][vc_separator color=&#8221;black&#8221; css=&#8221;.vc_custom_1550782633794{margin-top: -5px !important;}&#8221;][vc_toggle title=&#8221;Ich habe um einen Besuch gebeten und du hast mich nicht angerufen. Was mache ich?&#8221; style=&#8221;arrow&#8221; css=&#8221;.vc_custom_1580117947282{margin-top: -10px !important;}&#8221;]Wenn es mehr als 72 Stunden her ist, seit Sie einen Besuch angefordert haben, empfehlen wir Ihnen, 96 583 35 87 anzurufen und Ihre Daten und die Immobilie, die Sie besuchen m\u00f6chten, anzugeben. Wir werden den Besuch der Immobilie so schnell wie m\u00f6glich erleichtern.[\/vc_toggle][vc_separator color=&#8221;black&#8221; css=&#8221;.vc_custom_1550782633794{margin-top: -5px !important;}&#8221;][\/vc_column][\/vc_row]<\/p>\n","protected":false},"excerpt":{"rendered":"<p>[vc_row full_width=&#8221;stretch_row&#8221; css=&#8221;.vc_custom_1550656832742{background-color: #f4f4f4 !important;}&#8221;][vc_column][vc_separator color=&#8221;black&#8221;][vc_toggle title=&#8221;Wie kann ich weitere Informationen zu der Immobilie erhalten, die mich interessiert?&#8221; style=&#8221;arrow&#8221; css=&#8221;.vc_custom_1580117876958{margin-top: -10px !important;}&#8221;]Wenn Sie an einer Immobilie interessiert sind, empfehlen wir Ihnen, eine Besichtigung anzufordern, damit Sie deren Eigenschaften und Lage aus erster Hand kennen. Denken Sie daran, dass Sie auch das Telefon 96 583 35 87 zur Verf\u00fcgung haben, in dem wir versuchen, alle &#8230;<\/p>\n","protected":false},"author":5,"featured_media":0,"parent":0,"menu_order":0,"comment_status":"closed","ping_status":"closed","template":"","meta":{"footnotes":"","_vp_format_video_url":"","_vp_image_focal_point":[],"_joinchat":[]},"yoast_head":"<!-- This site is optimized with the Yoast SEO plugin v21.6 - https:\/\/yoast.com\/wordpress\/plugins\/seo\/ -->\n<title>H\u00e4ufig gestellte Fragen - Plusvillas<\/title>\n<meta name=\"robots\" content=\"index, follow, max-snippet:-1, max-image-preview:large, max-video-preview:-1\" \/>\n<link rel=\"canonical\" href=\"https:\/\/www.plusvillas.es\/de\/haeufig-gestellte-fragen\/\" \/>\n<meta property=\"og:locale\" content=\"de_DE\" \/>\n<meta property=\"og:type\" content=\"article\" \/>\n<meta property=\"og:title\" content=\"H\u00e4ufig gestellte Fragen - Plusvillas\" \/>\n<meta property=\"og:description\" content=\"[vc_row full_width=&#8221;stretch_row&#8221; css=&#8221;.vc_custom_1550656832742{background-color: #f4f4f4 !important;}&#8221;][vc_column][vc_separator color=&#8221;black&#8221;][vc_toggle title=&#8221;Wie kann ich weitere Informationen zu der Immobilie erhalten, die mich interessiert?&#8221; style=&#8221;arrow&#8221; css=&#8221;.vc_custom_1580117876958{margin-top: -10px !important;}&#8221;]Wenn Sie an einer Immobilie interessiert sind, empfehlen wir Ihnen, eine Besichtigung anzufordern, damit Sie deren Eigenschaften und Lage aus erster Hand kennen. Denken Sie daran, dass Sie auch das Telefon 96 583 35 87 zur Verf\u00fcgung haben, in dem wir versuchen, alle ...\" \/>\n<meta property=\"og:url\" content=\"https:\/\/www.plusvillas.es\/de\/haeufig-gestellte-fragen\/\" \/>\n<meta property=\"og:site_name\" content=\"Plusvillas\" \/>\n<meta property=\"article:modified_time\" content=\"2020-01-27T09:40:34+00:00\" \/>\n<meta name=\"twitter:card\" content=\"summary_large_image\" \/>\n<meta name=\"twitter:label1\" content=\"Gesch\u00e4tzte Lesezeit\" \/>\n\t<meta name=\"twitter:data1\" content=\"1\u00a0Minute\" \/>\n<script type=\"application\/ld+json\" class=\"yoast-schema-graph\">{\"@context\":\"https:\/\/schema.org\",\"@graph\":[{\"@type\":\"WebPage\",\"@id\":\"https:\/\/www.plusvillas.es\/de\/haeufig-gestellte-fragen\/\",\"url\":\"https:\/\/www.plusvillas.es\/de\/haeufig-gestellte-fragen\/\",\"name\":\"H\u00e4ufig gestellte Fragen - Plusvillas\",\"isPartOf\":{\"@id\":\"https:\/\/www.plusvillas.es\/de\/#website\"},\"datePublished\":\"2019-02-21T13:02:47+00:00\",\"dateModified\":\"2020-01-27T09:40:34+00:00\",\"breadcrumb\":{\"@id\":\"https:\/\/www.plusvillas.es\/de\/haeufig-gestellte-fragen\/#breadcrumb\"},\"inLanguage\":\"de\",\"potentialAction\":[{\"@type\":\"ReadAction\",\"target\":[\"https:\/\/www.plusvillas.es\/de\/haeufig-gestellte-fragen\/\"]}]},{\"@type\":\"BreadcrumbList\",\"@id\":\"https:\/\/www.plusvillas.es\/de\/haeufig-gestellte-fragen\/#breadcrumb\",\"itemListElement\":[{\"@type\":\"ListItem\",\"position\":1,\"name\":\"Portada\",\"item\":\"https:\/\/www.plusvillas.es\/de\/\"},{\"@type\":\"ListItem\",\"position\":2,\"name\":\"H\u00e4ufig gestellte Fragen\"}]},{\"@type\":\"WebSite\",\"@id\":\"https:\/\/www.plusvillas.es\/de\/#website\",\"url\":\"https:\/\/www.plusvillas.es\/de\/\",\"name\":\"Plusvillas\",\"description\":\"Venta de inmuebles en la Costa Blanca\",\"potentialAction\":[{\"@type\":\"SearchAction\",\"target\":{\"@type\":\"EntryPoint\",\"urlTemplate\":\"https:\/\/www.plusvillas.es\/de\/?s={search_term_string}\"},\"query-input\":\"required name=search_term_string\"}],\"inLanguage\":\"de\"}]}<\/script>\n<!-- \/ Yoast SEO plugin. -->","yoast_head_json":{"title":"H\u00e4ufig gestellte Fragen - Plusvillas","robots":{"index":"index","follow":"follow","max-snippet":"max-snippet:-1","max-image-preview":"max-image-preview:large","max-video-preview":"max-video-preview:-1"},"canonical":"https:\/\/www.plusvillas.es\/de\/haeufig-gestellte-fragen\/","og_locale":"de_DE","og_type":"article","og_title":"H\u00e4ufig gestellte Fragen - Plusvillas","og_description":"[vc_row full_width=&#8221;stretch_row&#8221; css=&#8221;.vc_custom_1550656832742{background-color: #f4f4f4 !important;}&#8221;][vc_column][vc_separator color=&#8221;black&#8221;][vc_toggle title=&#8221;Wie kann ich weitere Informationen zu der Immobilie erhalten, die mich interessiert?&#8221; style=&#8221;arrow&#8221; css=&#8221;.vc_custom_1580117876958{margin-top: -10px !important;}&#8221;]Wenn Sie an einer Immobilie interessiert sind, empfehlen wir Ihnen, eine Besichtigung anzufordern, damit Sie deren Eigenschaften und Lage aus erster Hand kennen. Denken Sie daran, dass Sie auch das Telefon 96 583 35 87 zur Verf\u00fcgung haben, in dem wir versuchen, alle ...","og_url":"https:\/\/www.plusvillas.es\/de\/haeufig-gestellte-fragen\/","og_site_name":"Plusvillas","article_modified_time":"2020-01-27T09:40:34+00:00","twitter_card":"summary_large_image","twitter_misc":{"Gesch\u00e4tzte Lesezeit":"1\u00a0Minute"},"schema":{"@context":"https:\/\/schema.org","@graph":[{"@type":"WebPage","@id":"https:\/\/www.plusvillas.es\/de\/haeufig-gestellte-fragen\/","url":"https:\/\/www.plusvillas.es\/de\/haeufig-gestellte-fragen\/","name":"H\u00e4ufig gestellte Fragen - Plusvillas","isPartOf":{"@id":"https:\/\/www.plusvillas.es\/de\/#website"},"datePublished":"2019-02-21T13:02:47+00:00","dateModified":"2020-01-27T09:40:34+00:00","breadcrumb":{"@id":"https:\/\/www.plusvillas.es\/de\/haeufig-gestellte-fragen\/#breadcrumb"},"inLanguage":"de","potentialAction":[{"@type":"ReadAction","target":["https:\/\/www.plusvillas.es\/de\/haeufig-gestellte-fragen\/"]}]},{"@type":"BreadcrumbList","@id":"https:\/\/www.plusvillas.es\/de\/haeufig-gestellte-fragen\/#breadcrumb","itemListElement":[{"@type":"ListItem","position":1,"name":"Portada","item":"https:\/\/www.plusvillas.es\/de\/"},{"@type":"ListItem","position":2,"name":"H\u00e4ufig gestellte Fragen"}]},{"@type":"WebSite","@id":"https:\/\/www.plusvillas.es\/de\/#website","url":"https:\/\/www.plusvillas.es\/de\/","name":"Plusvillas","description":"Venta de inmuebles en la Costa Blanca","potentialAction":[{"@type":"SearchAction","target":{"@type":"EntryPoint","urlTemplate":"https:\/\/www.plusvillas.es\/de\/?s={search_term_string}"},"query-input":"required name=search_term_string"}],"inLanguage":"de"}]}},"_links":{"self":[{"href":"https:\/\/www.plusvillas.es\/de\/wp-json\/wp\/v2\/pages\/26818"}],"collection":[{"href":"https:\/\/www.plusvillas.es\/de\/wp-json\/wp\/v2\/pages"}],"about":[{"href":"https:\/\/www.plusvillas.es\/de\/wp-json\/wp\/v2\/types\/page"}],"author":[{"embeddable":true,"href":"https:\/\/www.plusvillas.es\/de\/wp-json\/wp\/v2\/users\/5"}],"replies":[{"embeddable":true,"href":"https:\/\/www.plusvillas.es\/de\/wp-json\/wp\/v2\/comments?post=26818"}],"version-history":[{"count":0,"href":"https:\/\/www.plusvillas.es\/de\/wp-json\/wp\/v2\/pages\/26818\/revisions"}],"wp:attachment":[{"href":"https:\/\/www.plusvillas.es\/de\/wp-json\/wp\/v2\/media?parent=26818"}],"curies":[{"name":"wp","href":"https:\/\/api.w.org\/{rel}","templated":true}]}}