    {"id":26827,"date":"2019-02-21T10:49:04","date_gmt":"2019-02-21T10:49:04","guid":{"rendered":"https:\/\/www.plusvillas.es\/terminos-de-uso\/"},"modified":"2020-01-27T09:55:29","modified_gmt":"2020-01-27T09:55:29","slug":"nutzungsbedingungen","status":"publish","type":"page","link":"https:\/\/www.plusvillas.es\/de\/nutzungsbedingungen\/","title":{"rendered":"NUTZUNGSBEDINGUNGEN"},"content":{"rendered":"<p>[vc_row][vc_column][vc_column_text]1. Einleitung<br \/>\nDiese allgemeinen Bedingungen regeln ausdr\u00fccklich die Beziehungen zwischen Plusvillas Home Design SL, nachstehend PLUSVILLAS genannt, und jedem Benutzer, der \u00fcber die Website http:\/\/www.plusvillas.es\/, nachstehend die Website genannt, navigiert und interagiert . Der Benutzer ist die Person, die auf die Dienste und Aktivit\u00e4ten der Website zugreift, diese durchsucht, nutzt oder an diesen teilnimmt.<\/p>\n<p>Der Zugang und die Navigation eines Nutzers \u00fcber die Website impliziert die vorbehaltlose Annahme dieser Allgemeinen Nutzungsbedingungen.<\/p>\n<p>Der Zugang und die Navigation eines Nutzers \u00fcber die Website impliziert die vorbehaltlose Annahme dieser Allgemeinen Nutzungsbedingungen.<\/p>\n<p>PLUSVILLAS kann \u00fcber die Website Dienstleistungen oder Produkte anbieten, die eigenen besonderen Bedingungen unterliegen, die je nach Fall diese Bedingungen ersetzen, vervollst\u00e4ndigen und \/ oder \u00e4ndern und \u00fcber die der Benutzer im Einzelfall informiert wird. .<\/p>\n<p>PLUSVILLAS beh\u00e4lt sich jederzeit das Recht vor, die Darstellung und Konfiguration der Website ohne vorherige Ank\u00fcndigung einseitig zu \u00e4ndern.<\/p>\n<p>2. Allgemeine Informationen<br \/>\nIn \u00dcbereinstimmung mit Artikel 10 des Gesetzes 34\/2002 vom 11. Juli \u00fcber Dienste der Informationsgesellschaft und des elektronischen Handels werden die folgenden identifizierenden Daten des Inhabers dieser Website pr\u00e4sentiert:<\/p>\n<p>Plusvillas Home Design S.L.<\/p>\n<p>Calle de la Pau 2 &#8211; 03710 Calpe, Alicante<\/p>\n<p>B-42613307<\/p>\n<p>Eingetragen im Handelsregister von Alicante, Band 4207, Blatt 66, Inschrift 1, Seite A-164743.<\/p>\n<div class=\"video-container\">\n<blockquote class=\"wp-embedded-content\" data-secret=\"HSvyMq4TZR\"><p><a href=\"https:\/\/www.plusvillas.es\/de\/\">Kaufen<\/a><\/p><\/blockquote>\n<p><iframe title=\"&#8222;Kaufen&#8220; &#8212; Plusvillas\" class=\"wp-embedded-content\" sandbox=\"allow-scripts\" security=\"restricted\" style=\"position: absolute; clip: rect(1px, 1px, 1px, 1px);\" src=\"https:\/\/www.plusvillas.es\/de\/embed\/#?secret=HSvyMq4TZR\" data-secret=\"HSvyMq4TZR\" width=\"600\" height=\"338\" frameborder=\"0\" marginwidth=\"0\" marginheight=\"0\" scrolling=\"no\"><\/iframe><\/div>\n<p>3. Objekt<br \/>\nDiese Website wurde erstellt, um die von PLUSVILLAS angebotenen Dienstleistungen, bestehend aus der Vermietung und dem Verkauf von Immobilien, bekannt zu machen.<\/p>\n<p>4. Geistiges und gewerbliches Eigentum<br \/>\nPLUSVILLAS ist Inhaber aller Rechte an geistigem Eigentum der Seite http:\/\/www.plusvillas.es\/ sowie des Quellcodes, des Designs, der Navigationsstrukturen und der darin enthaltenen Elemente. PLUSVILLEN entsprechen auch der ausschlie\u00dflichen Aus\u00fcbung ihrer Verwertungsrechte in jeglicher Form und insbesondere des Rechts auf Vervielf\u00e4ltigung, Verbreitung, \u00f6ffentliche Kommunikation und Umwandlung gem\u00e4\u00df den spanischen Rechtsvorschriften und der geltenden Europ\u00e4ischen Union.<\/p>\n<p>Diese Website http:\/\/www.plusvillas.es\/ enth\u00e4lt mit ihren Seiten und den darin enthaltenen Informationen oder Elementen Texte, Dokumente, Fotografien, Zeichnungen, grafische Darstellungen, Computerprogramme sowie Logos, Marken und Namen Marken oder andere Kennzeichen, die durch geistige oder gewerbliche Schutzrechte gesch\u00fctzt sind und deren Eigent\u00fcmer oder rechtm\u00e4\u00dfiger Lizenznehmer PLUSVILLAS ist.<\/p>\n<p>Die Genehmigung des Nutzers zum Zugriff auf die Website beinhaltet nicht den Verzicht, die \u00dcbertragung, die Lizenz oder die vollst\u00e4ndige oder teilweise \u00dcbertragung von Rechten an geistigem oder gewerblichem Eigentum durch PLUSVILLAS.<\/p>\n<p>5. Zugriff und Verwendung<br \/>\nDie Verwendung der Informationen und Inhalte, die auf dieser Website zur Verf\u00fcgung gestellt werden k\u00f6nnen, sowie der Zugang liegen in der alleinigen Verantwortung der Person, die sie ausf\u00fchrt.<\/p>\n<p>Die Bedingungen f\u00fcr den Zugriff auf das Web unterliegen der aktuellen Gesetzm\u00e4\u00dfigkeit und den Grunds\u00e4tzen von Treu und Glauben und deren rechtm\u00e4\u00dfiger Verwendung. Jede Art von Handlung zum Nachteil von PLUSVILLAS ist generell untersagt. Die Nutzung dieser Website f\u00fcr illegale oder nicht autorisierte Zwecke ist strengstens untersagt.<\/p>\n<p>Jede Art der Verwertung, einschlie\u00dflich aller Arten der Vervielf\u00e4ltigung, Verbreitung, Weitergabe an Dritte, \u00f6ffentlichen Kommunikation und Umwandlung der vorgenannten Werke, Kreationen und Kennzeichen durch jedwede Art der Unterst\u00fctzung und Mittel ohne vorherige und ausdr\u00fcckliche Zustimmung der jeweiligen Person ist untersagt Schlagzeilen Die Nichtbeachtung dieses Verbots kann eine Straftat darstellen, die nach geltendem Recht strafbar ist.<\/p>\n<p>6. Verantwortung des Benutzers<br \/>\nDer Benutzer tr\u00e4gt die volle Verantwortung f\u00fcr den Zugang und die korrekte Nutzung der Website gem\u00e4\u00df den geltenden nationalen und internationalen Gesetzen sowie den Grunds\u00e4tzen von Treu und Glauben, Moral, guten Sitten und der \u00f6ffentlichen Ordnung. Insbesondere verpflichtet es sich, die vorliegenden Nutzungsbedingungen gewissenhaft einzuhalten.<\/p>\n<p>Die Benutzer werden die Dienste und Inhalte der Website nicht f\u00fcr illegale Zwecke oder Wirkungen nutzen und diese nicht f\u00fcr die Rechte und Interessen Dritter verwenden oder die Website, ihre Inhalte und deren Inhalte in irgendeiner Weise besch\u00e4digen, deaktivieren, beeintr\u00e4chtigen oder verschlechtern dienstleistungen Ebenso ist es untersagt, die normale Nutzung oder das Vergn\u00fcgen des Webs f\u00fcr andere Benutzer zu verhindern.<\/p>\n<p>PLUSVILLAS ist nicht verantwortlich f\u00fcr die Verwendung der auf dieser Website bereitgestellten Daten durch Dritte. Wer diesen Pflichten nicht nachkommt, haftet f\u00fcr die von ihm verursachten Sch\u00e4den. PLUSVILLAS haftet nicht f\u00fcr Konsequenzen, Sch\u00e4den oder Verluste, die sich aus dem Zugriff oder der rechtswidrigen Verwendung durch Dritte ergeben.<\/p>\n<p>PLUSVILLAS \u00fcbernimmt keine Verantwortung f\u00fcr die Richtigkeit der von den Internetnutzern bereitgestellten Daten. In keinem Fall \u00fcbernimmt PLUSVILLAS eine Verantwortung f\u00fcr die unzureichende Richtigkeit der von den Internetnutzern im Internet ver\u00f6ffentlichten Daten wie Adressen, Telefonnummern, E &#8211; Mails oder Namen gleich.<\/p>\n<p>Im Allgemeinen verpflichtet sich der Nutzer, beispielhaft und nicht steuerlich:<\/p>\n<p>Verwenden Sie die Website nicht f\u00fcr illegale oder nicht autorisierte Zwecke.<\/p>\n<p>Die Website ganz oder teilweise nicht zu ver\u00e4ndern oder zu modifizieren, die Funktionen oder Dienste der Website zu umgehen, zu deaktivieren oder auf andere Weise zu manipulieren.<\/p>\n<p>Keine Verletzung der Rechte an gewerblichem und geistigem Eigentum oder der Vorschriften zum Schutz personenbezogener Daten.<\/p>\n<p>Verwenden Sie die Website nicht, um das eigene Image zu beleidigen, zu diffamieren, einzusch\u00fcchtern, zu verletzen oder andere Benutzer zu bel\u00e4stigen.<\/p>\n<p>Ver\u00f6ffentlichen Sie auf der Website keine Kommentare oder Informationen, die illegal, rassistisch, fremdenfeindlich, obsz\u00f6n, pornografisch, missbr\u00e4uchlich, diffamierend, irref\u00fchrend, betr\u00fcgerisch oder in irgendeiner Weise gegen die guten Sitten oder die \u00f6ffentliche Ordnung versto\u00dfen.<\/p>\n<p>Greifen Sie nicht auf die E-Mail-Konten anderer Benutzer zu.<\/p>\n<p>Senden Sie keine massiven und \/ oder sich wiederholenden E-Mails an mehrere Personen oder senden Sie keine E-Mail-Adressen von Dritten ohne deren Zustimmung.<\/p>\n<p>Ungeachtet des Vorstehenden beh\u00e4lt sich PLUSVILLAS das Recht vor, Nutzern, die gegen diese Allgemeinen Gesch\u00e4ftsbedingungen versto\u00dfen, den Zugang zur Website jederzeit und ohne vorherige Ank\u00fcndigung zu verweigern.<\/p>\n<p>7. Verantwortung von PLUSVILLAS<br \/>\nDer Benutzer ist daf\u00fcr verantwortlich, \u00fcber die f\u00fcr das Surfen im Internet und den Zugriff auf die PLUSVILLAS-Website erforderlichen Dienste und Ger\u00e4te zu verf\u00fcgen. Im Falle eines Vorfalls oder einer Schwierigkeit, auf http:\/\/www.plusvillas.es\/ zuzugreifen, kann der Benutzer PLUSVILLAS \u00fcber die E-Mail info@plusvillas.es informieren, die den Vorfall analysiert und dem Benutzer Anweisungen zur L\u00f6sung gibt in k\u00fcrzester zeit.<\/p>\n<p>PLUSVILLAS reagiert nicht bei Dienstunterbrechungen, Verbindungsfehlern, mangelnder Verf\u00fcgbarkeit oder M\u00e4ngeln des Internetzugangs oder bei Unterbrechungen des Internet-Netzwerks oder aus anderen Gr\u00fcnden, die au\u00dferhalb der Kontrolle von PLUSVILLAS liegen.<\/p>\n<p>Ebenso haftet PLUSVILLAS nicht f\u00fcr Handlungen oder Unterlassungen Dritter, unabh\u00e4ngig davon, ob diese Dritten vertraglich mit PLUSVILLAS verbunden sind.<\/p>\n<p>8. Ausschluss von Garantien und Haftung<br \/>\nPLUSVILLAS \u00fcbernimmt keine Garantie oder Haftung f\u00fcr Sch\u00e4den jeglicher Art, die verursacht werden k\u00f6nnten durch:<\/p>\n<p>Mangel an Verf\u00fcgbarkeit, Wartung und effektivem Betrieb der Website und \/ oder ihrer Dienste oder Inhalte.<\/p>\n<p>Der Mangel an N\u00fctzlichkeit, Angemessenheit oder G\u00fcltigkeit der Website und \/ oder ihrer Dienste oder Inhalte, um bestimmte Bed\u00fcrfnisse, Aktivit\u00e4ten oder Ergebnisse oder Erwartungen der Benutzer zu erf\u00fcllen.<\/p>\n<p>Das Vorhandensein von Viren, b\u00f6swilligen oder sch\u00e4dlichen Programmen in den Inhalten<\/p>\n<p>Die widerrechtliche, fahrl\u00e4ssige, betr\u00fcgerische Verwendung der Website, ihrer Dienste oder Inhalte durch den Benutzer, die diesen Nutzungsbedingungen zuwiderl\u00e4uft, erfolgt nach Treu und Glauben und unter Versto\u00df gegen die allgemein anerkannten Verwendungen oder gegen die \u00f6ffentliche Ordnung.<\/p>\n<p>Die Verletzung von Pflichten oder Verpflichtungen Dritter in Bezug auf die Dienste, die den Nutzern \u00fcber die Website zur Verf\u00fcgung gestellt werden.<\/p>\n<p>9. Link Policy<br \/>\nPersonen oder Organisationen, die beabsichtigen, einen Hyperlink von einer Webseite eines anderen Internetportals zu einer der PLUSVILLAS-Webseiten zu erstellen oder zu erstellen, m\u00fcssen die folgenden Bedingungen erf\u00fcllen:<\/p>\n<p>Die vollst\u00e4ndige oder teilweise Reproduktion von Diensten oder Inhalten der Website ist ohne vorherige ausdr\u00fcckliche Genehmigung von PLUSVILLAS nicht gestattet.<\/p>\n<p>Ohne die vorherige ausdr\u00fcckliche Genehmigung von PLUSVILLAS werden keine Deep Links, IMG- oder Bildlinks oder Frames mit PLUSVILLAS-Seiten erstellt.<\/p>\n<p>Weder auf den Seiten von PLUSVILLAS noch auf den Diensten oder Inhalten von PLUSVILLAS werden falsche, ungenaue oder falsche Angaben gemacht. Mit Ausnahme der Zeichen, die Teil des Hyperlinks sind, enth\u00e4lt die Webseite, auf der der Hyperlink erstellt wurde, keine Marke, keinen Handelsnamen, kein Firmenlabel, keine Bezeichnung, kein Logo, keinen Slogan oder andere Unterscheidungsmerkmale von PLUSVILLAS, es sei denn, dies wurde ausdr\u00fccklich von PLUSVILLAS genehmigt.<\/p>\n<p>Die Einrichtung des Hyperlinks impliziert weder das Bestehen von Beziehungen zwischen PLUSVILLAS und dem Eigent\u00fcmer der Website oder des Portals, von dem aus es erstellt wurde, noch die Kenntnis und Akzeptanz von PLUSVILLAS der auf dieser Website oder diesem Portal angebotenen Dienste und Inhalte.<\/p>\n<p>PLUSVILLAS ist nicht verantwortlich f\u00fcr die Inhalte oder Dienste, die der \u00d6ffentlichkeit auf der Website oder im Portal, von der aus der Hyperlink erstellt wird, zur Verf\u00fcgung gestellt werden, sowie f\u00fcr die darin enthaltenen Informationen und Aussagen.<\/p>\n<p>10. Links<br \/>\nPLUSVILLAS \u00fcbernimmt keine Verantwortung f\u00fcr die aus den verlinkten Inhalten (Links) abgeleiteten Inhalte (Links), die \u00fcber die Website dem Nutzer den Zugang zu Vorteilen und Dienstleistungen erm\u00f6glichen, die von Dritten angeboten werden, sofern diese sich au\u00dferhalb derselben befinden. Daher ist PLUSVILLAS nicht verantwortlich f\u00fcr die darin enthaltenen Informationen oder f\u00fcr irgendwelche Auswirkungen, die sich aus solchen Informationen ergeben k\u00f6nnen. Wenn ein Benutzer oder ein Dritter feststellt, dass solche Links gegen Gesetze, Sitten oder die \u00f6ffentliche Ordnung versto\u00dfen, m\u00fcssen Sie uns dies \u00fcber die E-Mail info@plusvillas.es mitteilen.<\/p>\n<p>11. Informationen zu Produkten und Verf\u00fcgbarkeit<br \/>\nPLUSVILLAS garantiert mit Ausnahme von Tippfehlern die Aktualit\u00e4t der Informationen, die in Bezug auf das Produkt enthalten sind, das Teil seines kommerziellen Portfolios ist, und lehnt jede Verantwortung f\u00fcr Informationen ab, die von Dritten eingegeben wurden, die nicht von PLUSVILLAS unterst\u00fctzt oder garantiert werden, sowie f\u00fcr Informationen, die nicht in enthalten sind Diese Website und daher nicht von PLUSVILLAS erstellt oder nicht mit Ihrem Namen ver\u00f6ffentlicht.<\/p>\n<p>PLUSVILLAS bietet seine Produkte mit den Informationen an, die der Benutzer ben\u00f6tigt, um die spezifischen Eigenschaften der angebotenen Produkte zu kennen.<\/p>\n<p>Der Inhalt dieser Seiten ist rein informativ und stellt weder ein festes Angebot noch einen vertraglichen Wert dar, da es sich um einen indikativen Inhalt handelt. Daher ist der Benutzer verpflichtet, mit PLUSVILLAS die Echtzeitsituation der erhaltenen Informationen zu best\u00e4tigen. PLUSVILLAS beh\u00e4lt sich die M\u00f6glichkeit vor, seine Produkte und Preise zu aktualisieren, den Informationsgegenstand der Waren zu \u00e4ndern, insbesondere im Falle eines Verkaufs, und sogar Immobilien aus dem Verkauf zu streichen, ohne die vorhergehende Situation zu beeintr\u00e4chtigen.<\/p>\n<p>In unseren B\u00fcros finden Sie alle Informationen, auf die Sie gem\u00e4\u00df dem K\u00f6niglichen Erlass 515\/1989 vom 21. April \u00fcber den Verbraucherschutz hinsichtlich der beim Verkauf und Kauf von H\u00e4usern zu erteilenden Ausk\u00fcnfte und erg\u00e4nzenden regionalen Vorschriften Anspruch haben.<\/p>\n<p>In Bezug auf die von Dritten eingegebenen Informationen ist PLUSVILLAS weder f\u00fcr deren Richtigkeit noch f\u00fcr deren Aktualisierung verantwortlich. Der Interessent sollte sich direkt an den Werbetreibenden PLUSVILLAS wenden, da diese Website diesen Dritten keine Beratung oder \u00dcberpr\u00fcfung der Einhaltung der Vorschriften bietet Vorschriften sind hingegen jegliche Beziehungen, die sich aus diesen f\u00fcr PLUSVILLAS v\u00f6llig fremden Anzeigen ergeben k\u00f6nnten. F\u00fcr diese Zwecke wird angegeben, dass die Ergebnisse im Zusammenhang mit dem Hypothekensimulator aus den Daten stammen, die von den Bankinstituten bereitgestellt werden, die Eigent\u00fcmer der Immobilien sind und lediglich informativen Charakter haben. Sie werden daher als von Dritten eingegebene Informationen eingestuft. Folglich unterliegen sie den Bedingungen des vorherigen Absatzes. Diese Informationen begr\u00fcnden weder ein Vertragsverh\u00e4ltnis noch ein Angebot von PLUSVILLAS.<\/p>\n<p>12. Besuchsanfrage<br \/>\nDer Benutzer kann den Besuch einer Immobilie \u00fcber die Website beantragen. Um mit der Pr\u00e4sentation der Besuchsanfrage fortzufahren, muss der Benutzer die Pflichtfelder der Website ausf\u00fcllen.<\/p>\n<p>Innerhalb von maximal zwei Arbeitstagen wird der Benutzer von einem externen Vermittler von PLUSVILLAS kontaktiert, um den Besuch der gew\u00fcnschten Immobilie zu koordinieren.<\/p>\n<p>Zu diesen Zwecken erkl\u00e4rt sich der Nutzer gem\u00e4\u00df den Bestimmungen des Gesetzes 15\/1999 \u00fcber den Schutz personenbezogener Daten (LOPD) damit einverstanden, dass PLUSVILLAS seine personenbezogenen Daten nur zu den Zwecken der Durchf\u00fchrung weitergibt den Besuch der ausgew\u00e4hlten Immobilie gem\u00e4\u00df den Bestimmungen des vorherigen Absatzes. Der Benutzer kann sein Recht auf Zugang, Berichtigung, L\u00f6schung und Widerspruch jederzeit und im Einklang mit der LOPD durch schriftliche Mitteilung an die Adresse des Dateimanagers Plusvillas Home Design SL per Post an die Adresse Calle de la Pau aus\u00fcben 2, 03710 Calpe (Alicante) oder per E-Mail info@plusvillas.es.<\/p>\n<p>Jede Anfrage oder jeder Vorfall bez\u00fcglich des Besuchs sowie jede Art von Information, die der Benutzer m\u00f6glicherweise ben\u00f6tigt, kann unter der Kundendienst-Telefonnummer 96 583 35 87 unter Angabe der Referenz des Eigentums und der pers\u00f6nlichen Daten erfolgen.<\/p>\n<p>Nach dem Besuch von PLUSVILLAS wird der Benutzer unter der angegebenen Telefonnummer kontaktiert, um die Zufriedenheit mit dem Service zu erfahren.<\/p>\n<p>13. Vorlage des Kaufangebots<br \/>\nDer Nutzer kann \u00fcber die Website ein Kaufangebot f\u00fcr die Immobilie abgeben, solange er dies \u00fcberpr\u00fcft und den Status und die Eigenschaften der Immobilie \u00fcberpr\u00fcft hat.<\/p>\n<p>Um mit der Pr\u00e4sentation des Angebots fortzufahren, muss der Nutzer die Pflichtfelder der Website ausf\u00fcllen und den von der Unterkunft angebotenen Betrag angeben. In der H\u00f6he des Angebots sind keine Steuern oder sonstigen Kosten des Verkaufs enthalten.<\/p>\n<p>\u00dcber die Website eingegangene Angebote werden in k\u00fcrzester Zeit gepr\u00fcft und bearbeitet. Das positive oder negative Ergebnis wird dem Interessenten unter der von Ihnen angegebenen Kontakttelefonnummer mitgeteilt. Wenn positiv, werden die Bedingungen, unter denen die Immobilie \u00fcbertragen werden w\u00fcrde, best\u00e4tigt.<\/p>\n<p>Jede Anfrage oder jeder Vorfall bez\u00fcglich des Angebots sowie jede Art von Information, die der Benutzer m\u00f6glicherweise ben\u00f6tigt, kann unter der Kundendienst-Telefonnummer 96 583 35 87 unter Angabe der Referenz der Immobilie und der pers\u00f6nlichen Daten erfolgen.<\/p>\n<p>14. Anwendbares Recht<br \/>\nDieser Vertrag unterliegt dem spanischen Recht, das in Bezug auf Auslegung, G\u00fcltigkeit und Ausf\u00fchrung auf die in diesem Vertrag nicht genannten Bestimmungen Anwendung findet. Im Falle von Streitigkeiten bez\u00fcglich dieser Allgemeinen Gesch\u00e4ftsbedingungen, falls der Kauf von einer Einzelperson get\u00e4tigt wurde, unterwerfen sich die Parteien der Gerichtsbarkeit der Gerichte, die dem Verbraucher entsprechen.<\/p>\n<p>Im Falle eines Kaufs durch einen Fachmann oder ein Unternehmen legen beide Parteien unter ausdr\u00fccklichem Verzicht auf eine andere Gerichtsbarkeit die Gerichte von Alicante vor.[\/vc_column_text][\/vc_column][\/vc_row]<\/p>\n","protected":false},"excerpt":{"rendered":"<p>[vc_row][vc_column][vc_column_text]1. Einleitung Diese allgemeinen Bedingungen regeln ausdr\u00fccklich die Beziehungen zwischen Plusvillas Home Design SL, nachstehend PLUSVILLAS genannt, und jedem Benutzer, der \u00fcber die Website http:\/\/www.plusvillas.es\/, nachstehend die Website genannt, navigiert und interagiert . Der Benutzer ist die Person, die auf die Dienste und Aktivit\u00e4ten der Website zugreift, diese durchsucht, nutzt oder an diesen teilnimmt. Der Zugang und die Navigation eines Nutzers \u00fcber die Website &#8230;<\/p>\n","protected":false},"author":5,"featured_media":0,"parent":0,"menu_order":0,"comment_status":"closed","ping_status":"closed","template":"","meta":{"footnotes":"","_vp_format_video_url":"","_vp_image_focal_point":[],"_joinchat":[]},"yoast_head":"<!-- This site is optimized with the Yoast SEO plugin v21.6 - https:\/\/yoast.com\/wordpress\/plugins\/seo\/ -->\n<title>NUTZUNGSBEDINGUNGEN - Plusvillas<\/title>\n<meta name=\"robots\" content=\"index, follow, max-snippet:-1, max-image-preview:large, max-video-preview:-1\" \/>\n<link rel=\"canonical\" href=\"https:\/\/www.plusvillas.es\/de\/nutzungsbedingungen\/\" \/>\n<meta property=\"og:locale\" content=\"de_DE\" \/>\n<meta property=\"og:type\" content=\"article\" \/>\n<meta property=\"og:title\" content=\"NUTZUNGSBEDINGUNGEN - Plusvillas\" \/>\n<meta property=\"og:description\" content=\"[vc_row][vc_column][vc_column_text]1. Einleitung Diese allgemeinen Bedingungen regeln ausdr\u00fccklich die Beziehungen zwischen Plusvillas Home Design SL, nachstehend PLUSVILLAS genannt, und jedem Benutzer, der \u00fcber die Website http:\/\/www.plusvillas.es\/, nachstehend die Website genannt, navigiert und interagiert . Der Benutzer ist die Person, die auf die Dienste und Aktivit\u00e4ten der Website zugreift, diese durchsucht, nutzt oder an diesen teilnimmt. Der Zugang und die Navigation eines Nutzers \u00fcber die Website ...\" \/>\n<meta property=\"og:url\" content=\"https:\/\/www.plusvillas.es\/de\/nutzungsbedingungen\/\" \/>\n<meta property=\"og:site_name\" content=\"Plusvillas\" \/>\n<meta property=\"article:modified_time\" content=\"2020-01-27T09:55:29+00:00\" \/>\n<meta name=\"twitter:card\" content=\"summary_large_image\" \/>\n<meta name=\"twitter:label1\" content=\"Gesch\u00e4tzte Lesezeit\" \/>\n\t<meta name=\"twitter:data1\" content=\"12\u00a0Minuten\" \/>\n<script type=\"application\/ld+json\" class=\"yoast-schema-graph\">{\"@context\":\"https:\/\/schema.org\",\"@graph\":[{\"@type\":\"WebPage\",\"@id\":\"https:\/\/www.plusvillas.es\/de\/nutzungsbedingungen\/\",\"url\":\"https:\/\/www.plusvillas.es\/de\/nutzungsbedingungen\/\",\"name\":\"NUTZUNGSBEDINGUNGEN - Plusvillas\",\"isPartOf\":{\"@id\":\"https:\/\/www.plusvillas.es\/de\/#website\"},\"datePublished\":\"2019-02-21T10:49:04+00:00\",\"dateModified\":\"2020-01-27T09:55:29+00:00\",\"breadcrumb\":{\"@id\":\"https:\/\/www.plusvillas.es\/de\/nutzungsbedingungen\/#breadcrumb\"},\"inLanguage\":\"de\",\"potentialAction\":[{\"@type\":\"ReadAction\",\"target\":[\"https:\/\/www.plusvillas.es\/de\/nutzungsbedingungen\/\"]}]},{\"@type\":\"BreadcrumbList\",\"@id\":\"https:\/\/www.plusvillas.es\/de\/nutzungsbedingungen\/#breadcrumb\",\"itemListElement\":[{\"@type\":\"ListItem\",\"position\":1,\"name\":\"Portada\",\"item\":\"https:\/\/www.plusvillas.es\/de\/\"},{\"@type\":\"ListItem\",\"position\":2,\"name\":\"NUTZUNGSBEDINGUNGEN\"}]},{\"@type\":\"WebSite\",\"@id\":\"https:\/\/www.plusvillas.es\/de\/#website\",\"url\":\"https:\/\/www.plusvillas.es\/de\/\",\"name\":\"Plusvillas\",\"description\":\"Venta de inmuebles en la Costa Blanca\",\"potentialAction\":[{\"@type\":\"SearchAction\",\"target\":{\"@type\":\"EntryPoint\",\"urlTemplate\":\"https:\/\/www.plusvillas.es\/de\/?s={search_term_string}\"},\"query-input\":\"required name=search_term_string\"}],\"inLanguage\":\"de\"}]}<\/script>\n<!-- \/ Yoast SEO plugin. -->","yoast_head_json":{"title":"NUTZUNGSBEDINGUNGEN - Plusvillas","robots":{"index":"index","follow":"follow","max-snippet":"max-snippet:-1","max-image-preview":"max-image-preview:large","max-video-preview":"max-video-preview:-1"},"canonical":"https:\/\/www.plusvillas.es\/de\/nutzungsbedingungen\/","og_locale":"de_DE","og_type":"article","og_title":"NUTZUNGSBEDINGUNGEN - Plusvillas","og_description":"[vc_row][vc_column][vc_column_text]1. Einleitung Diese allgemeinen Bedingungen regeln ausdr\u00fccklich die Beziehungen zwischen Plusvillas Home Design SL, nachstehend PLUSVILLAS genannt, und jedem Benutzer, der \u00fcber die Website http:\/\/www.plusvillas.es\/, nachstehend die Website genannt, navigiert und interagiert . Der Benutzer ist die Person, die auf die Dienste und Aktivit\u00e4ten der Website zugreift, diese durchsucht, nutzt oder an diesen teilnimmt. Der Zugang und die Navigation eines Nutzers \u00fcber die Website ...","og_url":"https:\/\/www.plusvillas.es\/de\/nutzungsbedingungen\/","og_site_name":"Plusvillas","article_modified_time":"2020-01-27T09:55:29+00:00","twitter_card":"summary_large_image","twitter_misc":{"Gesch\u00e4tzte Lesezeit":"12\u00a0Minuten"},"schema":{"@context":"https:\/\/schema.org","@graph":[{"@type":"WebPage","@id":"https:\/\/www.plusvillas.es\/de\/nutzungsbedingungen\/","url":"https:\/\/www.plusvillas.es\/de\/nutzungsbedingungen\/","name":"NUTZUNGSBEDINGUNGEN - Plusvillas","isPartOf":{"@id":"https:\/\/www.plusvillas.es\/de\/#website"},"datePublished":"2019-02-21T10:49:04+00:00","dateModified":"2020-01-27T09:55:29+00:00","breadcrumb":{"@id":"https:\/\/www.plusvillas.es\/de\/nutzungsbedingungen\/#breadcrumb"},"inLanguage":"de","potentialAction":[{"@type":"ReadAction","target":["https:\/\/www.plusvillas.es\/de\/nutzungsbedingungen\/"]}]},{"@type":"BreadcrumbList","@id":"https:\/\/www.plusvillas.es\/de\/nutzungsbedingungen\/#breadcrumb","itemListElement":[{"@type":"ListItem","position":1,"name":"Portada","item":"https:\/\/www.plusvillas.es\/de\/"},{"@type":"ListItem","position":2,"name":"NUTZUNGSBEDINGUNGEN"}]},{"@type":"WebSite","@id":"https:\/\/www.plusvillas.es\/de\/#website","url":"https:\/\/www.plusvillas.es\/de\/","name":"Plusvillas","description":"Venta de inmuebles en la Costa Blanca","potentialAction":[{"@type":"SearchAction","target":{"@type":"EntryPoint","urlTemplate":"https:\/\/www.plusvillas.es\/de\/?s={search_term_string}"},"query-input":"required name=search_term_string"}],"inLanguage":"de"}]}},"_links":{"self":[{"href":"https:\/\/www.plusvillas.es\/de\/wp-json\/wp\/v2\/pages\/26827"}],"collection":[{"href":"https:\/\/www.plusvillas.es\/de\/wp-json\/wp\/v2\/pages"}],"about":[{"href":"https:\/\/www.plusvillas.es\/de\/wp-json\/wp\/v2\/types\/page"}],"author":[{"embeddable":true,"href":"https:\/\/www.plusvillas.es\/de\/wp-json\/wp\/v2\/users\/5"}],"replies":[{"embeddable":true,"href":"https:\/\/www.plusvillas.es\/de\/wp-json\/wp\/v2\/comments?post=26827"}],"version-history":[{"count":0,"href":"https:\/\/www.plusvillas.es\/de\/wp-json\/wp\/v2\/pages\/26827\/revisions"}],"wp:attachment":[{"href":"https:\/\/www.plusvillas.es\/de\/wp-json\/wp\/v2\/media?parent=26827"}],"curies":[{"name":"wp","href":"https:\/\/api.w.org\/{rel}","templated":true}]}}