    {"id":26892,"date":"2019-07-05T12:41:03","date_gmt":"2019-07-05T12:41:03","guid":{"rendered":"https:\/\/www.plusvillas.es\/denia\/"},"modified":"2020-01-27T13:18:00","modified_gmt":"2020-01-27T13:18:00","slug":"denia","status":"publish","type":"page","link":"https:\/\/www.plusvillas.es\/de\/denia\/","title":{"rendered":"D\u00e9nia"},"content":{"rendered":"<p>[vc_row][vc_column]<div id=\"ultimate-heading-353869f7a46829839\" class=\"uvc-heading ult-adjust-bottom-margin ultimate-heading-353869f7a46829839 uvc-4205 \" data-hspacer=\"no_spacer\"  data-halign=\"left\" style=\"text-align:left\"><div class=\"uvc-heading-spacer no_spacer\" style=\"top\"><\/div><div class=\"uvc-main-heading ult-responsive\"  data-ultimate-target='.uvc-heading.ultimate-heading-353869f7a46829839 h2'  data-responsive-json-new='{\"font-size\":\"\",\"line-height\":\"\"}' ><h2 style=\"font-weight:bold;color:#c31a1f;margin-bottom:-10px;\">D\u00c9NIA<\/h2><\/div><div class=\"uvc-sub-heading ult-responsive\"  data-ultimate-target='.uvc-heading.ultimate-heading-353869f7a46829839 .uvc-sub-heading '  data-responsive-json-new='{\"font-size\":\"\",\"line-height\":\"\"}'  style=\"font-weight:bold;\"><\/p>\n<h1>Unterk\u00fcnfte f\u00fcr einen unvergesslichen Urlaub<\/h1>\n<p><\/div><\/div>[vc_images_carousel images=&#8221;26887,19552&#8243; img_size=&#8221;full&#8221; autoplay=&#8221;yes&#8221; wrap=&#8221;yes&#8221;][vc_column_text]Bei der Auswahl der besten Touristenattraktionen oder Sehensw\u00fcrdigkeiten, die wir in unserem Urlaub besuchen m\u00f6chten, m\u00fcssen wir eine Reihe von Faktoren ber\u00fccksichtigen, die jede Reise oder jeden Ausflug zu einem unvergesslichen Erlebnis machen. Das Normalste ist jedoch, dass Sie Hilfe ben\u00f6tigen, wenn Sie das Gebiet nicht kennen.<\/p>\n<p>Deshalb wollten wir bei Plusholidays die auff\u00e4lligsten Aspekte von Denia enth\u00fcllen.<\/p>\n<p>Denia ist eine Stadt in Alicante, die in Marina Alta umrahmt ist und eine durchschnittliche Bev\u00f6lkerung von etwa 40.000 Einwohnern hat. Diese Zahl nimmt jedoch im Sommer durch die Ankunft von Touristen zu. Es ist ein sehr beliebtes Reiseziel und die Leute m\u00f6gen es normalerweise sehr, besonders die Madrider. Es hat auch Touristen nicht nur Staatsangeh\u00f6rige, sondern aus der ganzen Welt, so ist es ein guter Ort, wenn Sie jung sind, um Leute zu treffen und neue Freunde zu finden.<\/p>\n<p>Denia hat einen Handelshafen, von dem aus wir nach Ibiza ziehen oder verschiedene F\u00e4hrausfl\u00fcge entlang der K\u00fcste unternehmen k\u00f6nnen.<\/p>\n<p><strong>Freizeit und Freizeitaktivit\u00e4ten in Denia<\/strong><br \/>\nMit den gef\u00fchrten Aktivit\u00e4ten in Denia k\u00f6nnen Sie die Gegend auf viel intimere Weise entdecken und Abenteuer und Sport mit der Familie genie\u00dfen. Zum Beispiel Windsurfen, Kajakfahren, Paintball oder Mehrfamilienaktivit\u00e4ten.<\/p>\n<p>Eine sehr gute Alternative ist das Freizeitunternehmen Okaventuras, das verschiedene Routen und Sportarten entlang der K\u00fcste und am Fu\u00dfe der gro\u00dfen Klippen anbietet, was ein sehr naturistisches Erlebnis ist. Sie k\u00f6nnen auch Canyoning \u00fcben, wenn Sie eine abenteuerlustige Sportart bevorzugen.<\/p>\n<p>Wandern ist zweifellos eine weitere sehr interessante Aktivit\u00e4t, mit der Sie die Flora und Fauna der Region kennenlernen und die Naturwunder entdecken k\u00f6nnen, die Denia umgeben. Gl\u00fccklicherweise ist die Peripherie der Stadt nicht invasiv und respektiert die nat\u00fcrliche Umgebung sehr gut.<\/p>\n<p><strong>Denia Str\u00e4nde<\/strong><br \/>\nIn Bezug auf die Str\u00e4nde von Denia ist anzumerken, dass die meisten Str\u00e4nde wundersch\u00f6n sind und ein gro\u00dfartiges Erlebnis bieten, insbesondere f\u00fcr die Kleinsten, die sich durch das Bilden von Sandburgen und das Spielen mit den Wellen unterhalten lassen, f\u00fcr die sie im Prinzip nicht gef\u00e4hrlich sind sie.<\/p>\n<p>Denia hat eine K\u00fcste von 20 Kilometern, die es erm\u00f6glicht, das Gebiet in zwei Teile zu unterteilen: den Norden mit breiten Str\u00e4nden und Sand und den S\u00fcden, wo die Buchten felsig sind. Diese Str\u00e4nde sind nach ISO 14001 und ISO 9001-2000 zertifiziert, was darauf hinweist, dass es sich um Qualit\u00e4tsstr\u00e4nde mit gutem Umweltmanagement handelt.<\/p>\n<p>Die Marinas haben die meisten Sandstr\u00e4nde wie Les Deveses oder L\u2019Almadraba, die Sie \u00fcberraschen werden. Les Rotes hat viele Buchten und die Promenade, f\u00fcr die es sehr empfehlenswert ist, alleine mit dem Paar spazieren zu gehen.<\/p>\n<p>In Bezug auf die Gastronomie der Region m\u00fcssen wir den Red Gamba-Wettbewerb, die Tapas-Route und das gastronomische Treffen von Arr\u00f3s Cald\u00f3s hervorheben. Wenn Sie also gut essen m\u00f6chten, ist Denia eine sehr gute Stadt f\u00fcr Sie.<\/p>\n<p><strong>Denia Parteien<\/strong><br \/>\nIn Bezug auf die Feierlichkeiten in Denia sollte angemerkt werden, dass es dort ein gutes Nachtleben gibt, weshalb es besonders angenehm ist, durch die Stra\u00dfen in der N\u00e4he des Hafens oder eines der Str\u00e4nde zu spazieren, wo wir sowohl Restaurants als auch Mahlzeiten der Insel genie\u00dfen k\u00f6nnen Bereich, wie Live-Musik-Konzerte und viele andere Aktivit\u00e4ten.<\/p>\n<p>Denia hat ein sehr gutes Nachtleben zu bieten, so dass junge Paare eine gro\u00dfartige Zeit haben und es genie\u00dfen k\u00f6nnen. Die Freizeitgestaltung ist abwechslungsreich, so dass Sie das finden, was am besten zu Ihnen passt.<\/p>\n<p>In Bezug auf die traditionelleren Feste sei auf das typische Fest der Mauren und Christen hingewiesen, das f\u00fcr den spanischen Aufstand mit den Komparsen charakteristisch ist, den Fehlern, die mit der Pflanze und dem Schie\u00dfpulver beginnen und von einigen sch\u00f6nen Paraden und der Masclet\u00e1 geschm\u00fcckt werden. Es gibt auch religi\u00f6se Feste wie die Partys in der Einsiedelei von San Juan und andere wie die Lagerfeuer von San Juan, die sehr zu empfehlen sind, zumal sie eine starke maritime Atmosph\u00e4re haben, die Sie in Ihrer Stadt sicherlich nicht haben werden. Die beste Attraktion im Dezember ist der mittelalterliche Markt, der sich in den Stra\u00dfen des historischen Stadtkerns befindet. Er ist besonders f\u00fcr diejenigen zu empfehlen, die die Feudalzeit nachahmen m\u00f6chten.<\/p>\n<p><strong>Rathaus von Denia<\/strong><br \/>\nDas Rathaus zeichnet sich durch die F\u00f6rderung unterschiedlicher Freizeit- und Kulturangebote aus, der Schwerpunkt liegt jedoch eher auf kleinen Kindern, da Erwachsene bereits gen\u00fcgend M\u00f6glichkeiten in der Stadt haben. Tats\u00e4chlich ist Denia eine der besten St\u00e4dte an der Costa Blanca, wenn es um das Nachtleben geht.<\/p>\n<p>Wenn Sie detailliertere Informationen w\u00fcnschen, befindet sich das Tourismusb\u00fcro an der Plaza del Consell. Dort werden Sie begeistert sein und die besten Empfehlungen geben, um das Beste aus Denia herauszuholen.<\/p>\n<p>Zusammenfassend ist Denia eine sehr gute Stadt, wenn es darum geht, Ihren Urlaub zu verbringen. Wenn Sie also wirklich an einer ruhigen Umgebung interessiert sind, die ohne Zweifel ein Nachtleben von hoher Qualit\u00e4t verbindet, muss Denia Ihr n\u00e4chstes Urlaubsziel sein. Dar\u00fcber hinaus k\u00f6nnen Sie dank Plusholidays[\/vc_column_text][\/vc_column][\/vc_row]<\/p>\n","protected":false},"excerpt":{"rendered":"<p>[vc_row][vc_column][vc_images_carousel images=&#8221;26887,19552&#8243; img_size=&#8221;full&#8221; autoplay=&#8221;yes&#8221; wrap=&#8221;yes&#8221;][vc_column_text]Bei der Auswahl der besten Touristenattraktionen oder Sehensw\u00fcrdigkeiten, die wir in unserem Urlaub besuchen m\u00f6chten, m\u00fcssen wir eine Reihe von Faktoren ber\u00fccksichtigen, die jede Reise oder jeden Ausflug zu einem unvergesslichen Erlebnis machen. Das Normalste ist jedoch, dass Sie Hilfe ben\u00f6tigen, wenn Sie das Gebiet nicht kennen. Deshalb wollten wir bei Plusholidays die auff\u00e4lligsten Aspekte von Denia enth\u00fcllen. Denia ist &#8230;<\/p>\n","protected":false},"author":5,"featured_media":0,"parent":0,"menu_order":0,"comment_status":"closed","ping_status":"closed","template":"","meta":{"footnotes":"","_vp_format_video_url":"","_vp_image_focal_point":[],"_joinchat":[]},"yoast_head":"<!-- This site is optimized with the Yoast SEO plugin v21.6 - https:\/\/yoast.com\/wordpress\/plugins\/seo\/ -->\n<title>D\u00e9nia - Plusvillas<\/title>\n<meta name=\"robots\" content=\"index, follow, max-snippet:-1, max-image-preview:large, max-video-preview:-1\" \/>\n<link rel=\"canonical\" href=\"https:\/\/www.plusvillas.es\/de\/denia\/\" \/>\n<meta property=\"og:locale\" content=\"de_DE\" \/>\n<meta property=\"og:type\" content=\"article\" \/>\n<meta property=\"og:title\" content=\"D\u00e9nia - Plusvillas\" \/>\n<meta property=\"og:description\" content=\"[vc_row][vc_column][vc_images_carousel images=&#8221;26887,19552&#8243; img_size=&#8221;full&#8221; autoplay=&#8221;yes&#8221; wrap=&#8221;yes&#8221;][vc_column_text]Bei der Auswahl der besten Touristenattraktionen oder Sehensw\u00fcrdigkeiten, die wir in unserem Urlaub besuchen m\u00f6chten, m\u00fcssen wir eine Reihe von Faktoren ber\u00fccksichtigen, die jede Reise oder jeden Ausflug zu einem unvergesslichen Erlebnis machen. Das Normalste ist jedoch, dass Sie Hilfe ben\u00f6tigen, wenn Sie das Gebiet nicht kennen. Deshalb wollten wir bei Plusholidays die auff\u00e4lligsten Aspekte von Denia enth\u00fcllen. Denia ist ...\" \/>\n<meta property=\"og:url\" content=\"https:\/\/www.plusvillas.es\/de\/denia\/\" \/>\n<meta property=\"og:site_name\" content=\"Plusvillas\" \/>\n<meta property=\"article:modified_time\" content=\"2020-01-27T13:18:00+00:00\" \/>\n<meta name=\"twitter:card\" content=\"summary_large_image\" \/>\n<meta name=\"twitter:label1\" content=\"Gesch\u00e4tzte Lesezeit\" \/>\n\t<meta name=\"twitter:data1\" content=\"5\u00a0Minuten\" \/>\n<script type=\"application\/ld+json\" class=\"yoast-schema-graph\">{\"@context\":\"https:\/\/schema.org\",\"@graph\":[{\"@type\":\"WebPage\",\"@id\":\"https:\/\/www.plusvillas.es\/de\/denia\/\",\"url\":\"https:\/\/www.plusvillas.es\/de\/denia\/\",\"name\":\"D\u00e9nia - Plusvillas\",\"isPartOf\":{\"@id\":\"https:\/\/www.plusvillas.es\/de\/#website\"},\"datePublished\":\"2019-07-05T12:41:03+00:00\",\"dateModified\":\"2020-01-27T13:18:00+00:00\",\"breadcrumb\":{\"@id\":\"https:\/\/www.plusvillas.es\/de\/denia\/#breadcrumb\"},\"inLanguage\":\"de\",\"potentialAction\":[{\"@type\":\"ReadAction\",\"target\":[\"https:\/\/www.plusvillas.es\/de\/denia\/\"]}]},{\"@type\":\"BreadcrumbList\",\"@id\":\"https:\/\/www.plusvillas.es\/de\/denia\/#breadcrumb\",\"itemListElement\":[{\"@type\":\"ListItem\",\"position\":1,\"name\":\"Portada\",\"item\":\"https:\/\/www.plusvillas.es\/de\/\"},{\"@type\":\"ListItem\",\"position\":2,\"name\":\"D\u00e9nia\"}]},{\"@type\":\"WebSite\",\"@id\":\"https:\/\/www.plusvillas.es\/de\/#website\",\"url\":\"https:\/\/www.plusvillas.es\/de\/\",\"name\":\"Plusvillas\",\"description\":\"Venta de inmuebles en la Costa Blanca\",\"potentialAction\":[{\"@type\":\"SearchAction\",\"target\":{\"@type\":\"EntryPoint\",\"urlTemplate\":\"https:\/\/www.plusvillas.es\/de\/?s={search_term_string}\"},\"query-input\":\"required name=search_term_string\"}],\"inLanguage\":\"de\"}]}<\/script>\n<!-- \/ Yoast SEO plugin. -->","yoast_head_json":{"title":"D\u00e9nia - Plusvillas","robots":{"index":"index","follow":"follow","max-snippet":"max-snippet:-1","max-image-preview":"max-image-preview:large","max-video-preview":"max-video-preview:-1"},"canonical":"https:\/\/www.plusvillas.es\/de\/denia\/","og_locale":"de_DE","og_type":"article","og_title":"D\u00e9nia - Plusvillas","og_description":"[vc_row][vc_column][vc_images_carousel images=&#8221;26887,19552&#8243; img_size=&#8221;full&#8221; autoplay=&#8221;yes&#8221; wrap=&#8221;yes&#8221;][vc_column_text]Bei der Auswahl der besten Touristenattraktionen oder Sehensw\u00fcrdigkeiten, die wir in unserem Urlaub besuchen m\u00f6chten, m\u00fcssen wir eine Reihe von Faktoren ber\u00fccksichtigen, die jede Reise oder jeden Ausflug zu einem unvergesslichen Erlebnis machen. Das Normalste ist jedoch, dass Sie Hilfe ben\u00f6tigen, wenn Sie das Gebiet nicht kennen. Deshalb wollten wir bei Plusholidays die auff\u00e4lligsten Aspekte von Denia enth\u00fcllen. Denia ist ...","og_url":"https:\/\/www.plusvillas.es\/de\/denia\/","og_site_name":"Plusvillas","article_modified_time":"2020-01-27T13:18:00+00:00","twitter_card":"summary_large_image","twitter_misc":{"Gesch\u00e4tzte Lesezeit":"5\u00a0Minuten"},"schema":{"@context":"https:\/\/schema.org","@graph":[{"@type":"WebPage","@id":"https:\/\/www.plusvillas.es\/de\/denia\/","url":"https:\/\/www.plusvillas.es\/de\/denia\/","name":"D\u00e9nia - Plusvillas","isPartOf":{"@id":"https:\/\/www.plusvillas.es\/de\/#website"},"datePublished":"2019-07-05T12:41:03+00:00","dateModified":"2020-01-27T13:18:00+00:00","breadcrumb":{"@id":"https:\/\/www.plusvillas.es\/de\/denia\/#breadcrumb"},"inLanguage":"de","potentialAction":[{"@type":"ReadAction","target":["https:\/\/www.plusvillas.es\/de\/denia\/"]}]},{"@type":"BreadcrumbList","@id":"https:\/\/www.plusvillas.es\/de\/denia\/#breadcrumb","itemListElement":[{"@type":"ListItem","position":1,"name":"Portada","item":"https:\/\/www.plusvillas.es\/de\/"},{"@type":"ListItem","position":2,"name":"D\u00e9nia"}]},{"@type":"WebSite","@id":"https:\/\/www.plusvillas.es\/de\/#website","url":"https:\/\/www.plusvillas.es\/de\/","name":"Plusvillas","description":"Venta de inmuebles en la Costa Blanca","potentialAction":[{"@type":"SearchAction","target":{"@type":"EntryPoint","urlTemplate":"https:\/\/www.plusvillas.es\/de\/?s={search_term_string}"},"query-input":"required name=search_term_string"}],"inLanguage":"de"}]}},"_links":{"self":[{"href":"https:\/\/www.plusvillas.es\/de\/wp-json\/wp\/v2\/pages\/26892"}],"collection":[{"href":"https:\/\/www.plusvillas.es\/de\/wp-json\/wp\/v2\/pages"}],"about":[{"href":"https:\/\/www.plusvillas.es\/de\/wp-json\/wp\/v2\/types\/page"}],"author":[{"embeddable":true,"href":"https:\/\/www.plusvillas.es\/de\/wp-json\/wp\/v2\/users\/5"}],"replies":[{"embeddable":true,"href":"https:\/\/www.plusvillas.es\/de\/wp-json\/wp\/v2\/comments?post=26892"}],"version-history":[{"count":0,"href":"https:\/\/www.plusvillas.es\/de\/wp-json\/wp\/v2\/pages\/26892\/revisions"}],"wp:attachment":[{"href":"https:\/\/www.plusvillas.es\/de\/wp-json\/wp\/v2\/media?parent=26892"}],"curies":[{"name":"wp","href":"https:\/\/api.w.org\/{rel}","templated":true}]}}