    {"id":26402,"date":"2019-02-01T10:10:07","date_gmt":"2019-02-01T10:10:07","guid":{"rendered":"https:\/\/www.plusvillas.es\/nuestra-empresa\/"},"modified":"2023-09-18T15:44:18","modified_gmt":"2023-09-18T15:44:18","slug":"pourquoi-plusvillas","status":"publish","type":"page","link":"https:\/\/www.plusvillas.es\/fr\/pourquoi-plusvillas\/","title":{"rendered":"Pourquoi Plusvillas?"},"content":{"rendered":"<p>[vc_row full_width=&#8221;stretch_row&#8221; css=&#8221;.vc_custom_1559033362025{background-color: #ffffff !important;}&#8221;][vc_column]<div id=\"ultimate-heading-543469e5808e26d87\" class=\"uvc-heading ult-adjust-bottom-margin ultimate-heading-543469e5808e26d87 uvc-3983 \" data-hspacer=\"no_spacer\"  data-halign=\"left\" style=\"text-align:left\"><div class=\"uvc-heading-spacer no_spacer\" style=\"top\"><\/div><div class=\"uvc-main-heading ult-responsive\"  data-ultimate-target='.uvc-heading.ultimate-heading-543469e5808e26d87 h2'  data-responsive-json-new='{\"font-size\":\"\",\"line-height\":\"\"}' ><h2 style=\"font-weight:bold;color:#c31a1f;\">SUR NOUS<\/h2><\/div><\/div>[\/vc_column][\/vc_row][vc_row full_width=&#8221;stretch_row&#8221; css=&#8221;.vc_custom_1556887182902{background-color: #ffffff !important;}&#8221;][vc_column width=&#8221;1\/2&#8243;]<div id=\"ultimate-heading-525569e5808e26e5e\" class=\"uvc-heading ult-adjust-bottom-margin ultimate-heading-525569e5808e26e5e uvc-9212 \" data-hspacer=\"no_spacer\"  data-halign=\"left\" style=\"text-align:left\"><div class=\"uvc-heading-spacer no_spacer\" style=\"top\"><\/div><div class=\"uvc-sub-heading ult-responsive\"  data-ultimate-target='.uvc-heading.ultimate-heading-525569e5808e26e5e .uvc-sub-heading '  data-responsive-json-new='{\"font-size\":\"\",\"line-height\":\"\"}'  style=\"font-weight:bold;\"><\/p>\n<h1 class=\"haya-header-h2\">Qui sommes nous<\/h1>\n<p><\/div><\/div>[vc_column_text css=&#8221;.vc_custom_1579259036798{padding-top: 20px !important;}&#8221;]<strong>PlusVillas <\/strong>est une r\u00e9f\u00e9rence dans le secteur immobilier \u00e0 Calpe, avec plus de 30 ans d&#8217;exp\u00e9rience dans la construction, la conception et la vente de biens immobiliers dans le nord de la Costa Blanca. Notre longue histoire et notre croissance solide sont une valeur s\u00fbre lorsque nous choisissons le meilleur conseiller pour acheter ou vendre votre propri\u00e9t\u00e9.[\/vc_column_text][\/vc_column][vc_column width=&#8221;1\/2&#8243;]<div id=\"ultimate-heading-572269e5808e26f17\" class=\"uvc-heading ult-adjust-bottom-margin ultimate-heading-572269e5808e26f17 uvc-9420 \" data-hspacer=\"no_spacer\"  data-halign=\"left\" style=\"text-align:left\"><div class=\"uvc-heading-spacer no_spacer\" style=\"top\"><\/div><div class=\"uvc-sub-heading ult-responsive\"  data-ultimate-target='.uvc-heading.ultimate-heading-572269e5808e26f17 .uvc-sub-heading '  data-responsive-json-new='{\"font-size\":\"\",\"line-height\":\"\"}'  style=\"font-weight:bold;\"><\/p>\n<h1 class=\"haya-header-h2\">Ce qui nous diff\u00e9rencie?<\/h1>\n<p><\/div><\/div>[vc_column_text css=&#8221;.vc_custom_1579259124225{padding-top: 20px !important;}&#8221;]<strong>1. Notre \u00e9quipe:<\/strong> nous formons une grande famille multidisciplinaire et multilingue qui prendra soin de vous et de vos int\u00e9r\u00eats avant, pendant et apr\u00e8s le processus d&#8217;achat et de vente.<\/p>\n<p><strong>2. Design:<\/strong> Si ce que vous recherchez n\u2019existe pas encore, \u00e0 PlusVillas, nous proposons \u00e0 notre \u00e9quipe qualifi\u00e9e de concevoir ensemble la maison id\u00e9ale pour vous.<\/p>\n<p><strong>3. Investissement:<\/strong> PlusVillas n&#8217;est pas seulement un agent immobilier \u00e0 utiliser; C&#8217;est aussi un projet con\u00e7u pour ceux qui souhaitent acheter la r\u00e9sidence secondaire de leurs r\u00eaves et obtenir une rentabilit\u00e9 maximale quand ils ne l&#8217;appr\u00e9cient pas. La vaste exp\u00e9rience de l\u2019\u00e9quipe de location de vacances associ\u00e9e \u00e0 PlusVillas vous permettra d\u2019optimiser les avantages de votre investissement.[\/vc_column_text][\/vc_column][\/vc_row][vc_row full_width=&#8221;stretch_row&#8221; css=&#8221;.vc_custom_1550600560464{background-color: #f4f4f4 !important;}&#8221;][vc_column]<div id=\"ultimate-heading-145369e5808e26fb4\" class=\"uvc-heading ult-adjust-bottom-margin ultimate-heading-145369e5808e26fb4 uvc-171 \" data-hspacer=\"no_spacer\"  data-halign=\"left\" style=\"text-align:left\"><div class=\"uvc-heading-spacer no_spacer\" style=\"top\"><\/div><div class=\"uvc-main-heading ult-responsive\"  data-ultimate-target='.uvc-heading.ultimate-heading-145369e5808e26fb4 h2'  data-responsive-json-new='{\"font-size\":\"\",\"line-height\":\"\"}' ><h2 style=\"font-weight:bold;color:#c31a1f;margin-bottom:-15px;\">NOUS SOMMES POUR VOUS AIDER<\/h2><\/div><div class=\"uvc-sub-heading ult-responsive\"  data-ultimate-target='.uvc-heading.ultimate-heading-145369e5808e26fb4 .uvc-sub-heading '  data-responsive-json-new='{\"font-size\":\"\",\"line-height\":\"\"}'  style=\"font-weight:bold;\"><\/p>\n<h1>Plusvillas appartient au GROUPE PLUSHOLIDAYS<\/h1>\n<p><\/div><\/div>[vc_row_inner][vc_column_inner width=&#8221;1\/5&#8243; css=&#8221;.vc_custom_1576759544051{background-color: #ffffff !important;border-radius: 5px !important;}&#8221;]<div class=\"ult-team-member-wrap ult-style-1   ult_team\"><div class=\"ult-team-member-image\" style=\"\"> <img decoding=\"async\" class=\"ult-team-grayscale\" src=\"https:\/\/www.plusvillas.es\/wp-content\/uploads\/2022\/02\/Raul.jpg\" alt=\"null\"  style=\"\"><span class=\"ult-team-member-image-overlay \"  ><\/span><\/div><div class=\"ult-team-member-bio-wrap style-1 ultimate-heading69e5808e276a5\" style=\"text-align:center;; \"><div class=\"ult-team-member-name-wrap\"><h2 class=\"ult-team-member-name ult-responsive\"  data-ultimate-target='.ult-team-member-bio-wrap.ultimate-heading69e5808e276a5 .ult-team-member-name'  data-responsive-json-new='{\"font-size\":\"\",\"line-height\":\"\"}'  style=\"\">Ra\u00fal Such Witzke<\/h2><div class=\"ult-team-member-position ult-responsive\"  data-ultimate-target='.ult-team-member-bio-wrap.ultimate-heading69e5808e276a5 .ult-team-member-position'  data-responsive-json-new='{\"font-size\":\"\",\"line-height\":\"\"}'  style=\"\">Directeur des op\u00e9rations<\/div><div class=\"ult-team-member-description ult-responsive\"  data-ultimate-target='.ult-team-member-bio-wrap.ultimate-heading69e5808e276a5 .ult-team-member-description'  data-responsive-json-new='{\"font-size\":\"\",\"line-height\":\"\"}'  style=\"\"><p><i class=\"fa fa-phone\" aria-hidden=\"true\"><\/i> (+34) 965 833 587<br \/>\n<i class=\"fa fa-mobile\" aria-hidden=\"true\"><\/i> (+34) 663 581 444<br \/>\n<a href=\"mailto:rsuch@plusholidays.es\">rsuch@plusholidays.es<\/a><\/p>\n<p><\/p><\/div><div style=\"margin-bottom:15px\"><\/div><\/div><\/div><\/div>[\/vc_column_inner][vc_column_inner width=&#8221;1\/5&#8243; css=&#8221;.vc_custom_1576759551016{background-color: #ffffff !important;border-radius: 5px !important;}&#8221;]<div class=\"ult-team-member-wrap ult-style-1   ult_team\"><div class=\"ult-team-member-image\" style=\"\"> <img decoding=\"async\" class=\"ult-team-grayscale\" src=\"https:\/\/www.plusvillas.es\/wp-content\/uploads\/2022\/02\/Mario.jpg\" alt=\"null\"  style=\"\"><span class=\"ult-team-member-image-overlay \"  ><\/span><\/div><div class=\"ult-team-member-bio-wrap style-1 ultimate-heading69e5808e27daf\" style=\"text-align:center;; \"><div class=\"ult-team-member-name-wrap\"><h2 class=\"ult-team-member-name ult-responsive\"  data-ultimate-target='.ult-team-member-bio-wrap.ultimate-heading69e5808e27daf .ult-team-member-name'  data-responsive-json-new='{\"font-size\":\"\",\"line-height\":\"\"}'  style=\"\">Mario Such Witzke<\/h2><div class=\"ult-team-member-position ult-responsive\"  data-ultimate-target='.ult-team-member-bio-wrap.ultimate-heading69e5808e27daf .ult-team-member-position'  data-responsive-json-new='{\"font-size\":\"\",\"line-height\":\"\"}'  style=\"\">Bureau d'architecture<\/div><div class=\"ult-team-member-description ult-responsive\"  data-ultimate-target='.ult-team-member-bio-wrap.ultimate-heading69e5808e27daf .ult-team-member-description'  data-responsive-json-new='{\"font-size\":\"\",\"line-height\":\"\"}'  style=\"\"><p><i class=\"fa fa-phone\" aria-hidden=\"true\"><\/i> (+34) 965 833 587<br \/>\n<i class=\"fa fa-mobile\" aria-hidden=\"true\"><\/i> (+34) 663 814 294<br \/>\n<a href=\"mailto:msuch@plusvillas.es\">msuch@plusvillas.es<\/a><\/p>\n<p><\/p><\/div><div style=\"margin-bottom:15px\"><\/div><\/div><\/div><\/div>[\/vc_column_inner][vc_column_inner width=&#8221;1\/5&#8243; css=&#8221;.vc_custom_1576759563557{background-color: #ffffff !important;border-radius: 5px !important;}&#8221;]<div class=\"ult-team-member-wrap ult-style-1   ult_team\"><div class=\"ult-team-member-image\" style=\"\"> <img decoding=\"async\" class=\"ult-team-grayscale\" src=\"https:\/\/www.plusvillas.es\/wp-content\/uploads\/2022\/02\/Sergio.jpg\" alt=\"null\"  style=\"\"><span class=\"ult-team-member-image-overlay \"  ><\/span><\/div><div class=\"ult-team-member-bio-wrap style-1 ultimate-heading69e5808e2841f\" style=\"text-align:center;; \"><div class=\"ult-team-member-name-wrap\"><h2 class=\"ult-team-member-name ult-responsive\"  data-ultimate-target='.ult-team-member-bio-wrap.ultimate-heading69e5808e2841f .ult-team-member-name'  data-responsive-json-new='{\"font-size\":\"\",\"line-height\":\"\"}'  style=\"\">Sergio Such Witzke<\/h2><div class=\"ult-team-member-position ult-responsive\"  data-ultimate-target='.ult-team-member-bio-wrap.ultimate-heading69e5808e2841f .ult-team-member-position'  data-responsive-json-new='{\"font-size\":\"\",\"line-height\":\"\"}'  style=\"\">D\u00e9p. d'administration<\/div><div class=\"ult-team-member-description ult-responsive\"  data-ultimate-target='.ult-team-member-bio-wrap.ultimate-heading69e5808e2841f .ult-team-member-description'  data-responsive-json-new='{\"font-size\":\"\",\"line-height\":\"\"}'  style=\"\"><p><i class=\"fa fa-phone\" aria-hidden=\"true\"><\/i> (+34) 965 833 587<br \/>\n<i class=\"fa fa-mobile\" aria-hidden=\"true\"><\/i> (+34) 671 626 062<br \/>\n<a href=\"mailto:contabilidad@plusholidays.es\">contabilidad@plusholidays.es<\/a><\/p>\n<p><\/p><\/div><div style=\"margin-bottom:15px\"><\/div><\/div><\/div><\/div>[\/vc_column_inner][vc_column_inner width=&#8221;1\/5&#8243; css=&#8221;.vc_custom_1576759573933{background-color: #ffffff !important;border-radius: 5px !important;}&#8221;]<div class=\"ult-team-member-wrap ult-style-1   ult_team\"><div class=\"ult-team-member-image\" style=\"\"> <img decoding=\"async\" class=\"ult-team-grayscale\" src=\"https:\/\/www.plusvillas.es\/wp-content\/uploads\/2022\/02\/Mandy.jpg\" alt=\"null\"  style=\"\"><span class=\"ult-team-member-image-overlay \"  ><\/span><\/div><div class=\"ult-team-member-bio-wrap style-1 ultimate-heading69e5808e289aa\" style=\"text-align:center;; \"><div class=\"ult-team-member-name-wrap\"><h2 class=\"ult-team-member-name ult-responsive\"  data-ultimate-target='.ult-team-member-bio-wrap.ultimate-heading69e5808e289aa .ult-team-member-name'  data-responsive-json-new='{\"font-size\":\"\",\"line-height\":\"\"}'  style=\"\">Mandy Bruot<\/h2><div class=\"ult-team-member-position ult-responsive\"  data-ultimate-target='.ult-team-member-bio-wrap.ultimate-heading69e5808e289aa .ult-team-member-position'  data-responsive-json-new='{\"font-size\":\"\",\"line-height\":\"\"}'  style=\"\">D\u00e9p. commercial<\/div><div class=\"ult-team-member-description ult-responsive\"  data-ultimate-target='.ult-team-member-bio-wrap.ultimate-heading69e5808e289aa .ult-team-member-description'  data-responsive-json-new='{\"font-size\":\"\",\"line-height\":\"\"}'  style=\"\"><p><i class=\"fa fa-phone\" aria-hidden=\"true\"><\/i> (+34) 965 833 587<br \/>\n<i class=\"fa fa-mobile\" aria-hidden=\"true\"><\/i> (+34) 667 776 922<br \/>\n<a href=\"mailto:mbruot@plusvillas.es\">mbruot@plusvillas.es<\/a><\/p>\n<p><\/p><\/div><div style=\"margin-bottom:15px\"><\/div><\/div><\/div><\/div>[\/vc_column_inner][\/vc_row_inner][\/vc_column][\/vc_row][vc_row full_width=&#8221;stretch_row&#8221; css=&#8221;.vc_custom_1559732245024{background-color: #f4f4f4 !important;}&#8221;][vc_column css=&#8221;.vc_custom_1559732253477{margin-top: 20px !important;}&#8221;]<div id=\"ultimate-heading-382869e5808e28a9d\" class=\"uvc-heading ult-adjust-bottom-margin ultimate-heading-382869e5808e28a9d uvc-6309 \" data-hspacer=\"no_spacer\"  data-halign=\"left\" style=\"text-align:left\"><div class=\"uvc-heading-spacer no_spacer\" style=\"top\"><\/div><div class=\"uvc-main-heading ult-responsive\"  data-ultimate-target='.uvc-heading.ultimate-heading-382869e5808e28a9d h2'  data-responsive-json-new='{\"font-size\":\"\",\"line-height\":\"\"}' ><h2 style=\"font-weight:bold;color:#c31a1f;margin-bottom:-15px;\">SOCI\u00c9T\u00c9S DU GROUPE<\/h2><\/div><div class=\"uvc-sub-heading ult-responsive\"  data-ultimate-target='.uvc-heading.ultimate-heading-382869e5808e28a9d .uvc-sub-heading '  data-responsive-json-new='{\"font-size\":\"\",\"line-height\":\"\"}'  style=\"font-weight:bold;\"><\/p>\n<h1>Plusvillas appartient au GROUPE PLUSHOLIDAYS<\/h1>\n<p><\/div><\/div>[vc_row_inner css=&#8221;.vc_custom_1550659092937{padding-top: 30px !important;}&#8221;][vc_column_inner width=&#8221;1\/3&#8243;][vc_single_image image=&#8221;26417&#8243; img_size=&#8221;300&#215;56&#8243; alignment=&#8221;center&#8221;][\/vc_column_inner][vc_column_inner width=&#8221;2\/3&#8243;][vc_column_text]Le projet <strong>PlusVillas<\/strong> est n\u00e9 avec enthousiasme au sein du <strong>GROUPE PLUSHOLIDAYS,<\/strong> fruit d\u2019une vaste exp\u00e9rience du secteur immobilier de son \u00e9quipe et du professionnalisme de <strong>PlusHolidays<\/strong>, l\u2019une des meilleures agences de location de vacances du nord de la <strong>Costa Blanca.<\/strong>[\/vc_column_text][\/vc_column_inner][\/vc_row_inner][vc_row_inner css=&#8221;.vc_custom_1550659092937{padding-top: 30px !important;}&#8221;][vc_column_inner width=&#8221;1\/3&#8243;][vc_single_image image=&#8221;26419&#8243; img_size=&#8221;250&#215;90&#8243; alignment=&#8221;center&#8221;][\/vc_column_inner][vc_column_inner width=&#8221;2\/3&#8243;][vc_column_text]Il a \u00e9t\u00e9 cr\u00e9\u00e9 dans le but d\u2019aider nos clients \u00e0 trouver le logement id\u00e9al, qu\u2019ils recherchent le futur logement qu\u2019ils ont toujours r\u00eav\u00e9 ou une r\u00e9sidence secondaire pour se d\u00e9connecter des rives de la M\u00e9diterran\u00e9e.[\/vc_column_text][\/vc_column_inner][\/vc_row_inner][vc_row_inner css=&#8221;.vc_custom_1550659092937{padding-top: 30px !important;}&#8221;][vc_column_inner width=&#8221;1\/3&#8243;][vc_single_image image=&#8221;53629&#8243; img_size=&#8221;200&#215;100&#8243; alignment=&#8221;center&#8221;][\/vc_column_inner][vc_column_inner width=&#8221;2\/3&#8243;][vc_column_text]Mais <strong>PlusVillas<\/strong> n\u2019est pas seulement une agence immobili\u00e8re: si vous ne trouvez pas ce que vous cherchez, nous mettons \u00e0 votre service notre \u00e9quipe qualifi\u00e9e, dirig\u00e9e par<strong><a href=\"https:\/\/www.msestudio.es\"> Mario Such<\/a>,<\/strong> pour concevoir et construire ensemble, l\u2019endroit o\u00f9 vous passerez vos meilleurs moments. Avec nous, vous aurez un conseil avis\u00e9 si vous souhaitez planifier une nouvelle maison ou mener \u00e0 bien une r\u00e9forme qui transformera la propri\u00e9t\u00e9 achet\u00e9e en une r\u00e9sidence id\u00e9ale.[\/vc_column_text][\/vc_column_inner][\/vc_row_inner][\/vc_column][\/vc_row]<\/p>\n","protected":false},"excerpt":{"rendered":"<p>[vc_row full_width=&#8221;stretch_row&#8221; css=&#8221;.vc_custom_1559033362025{background-color: #ffffff !important;}&#8221;][vc_column][\/vc_column][\/vc_row][vc_row full_width=&#8221;stretch_row&#8221; css=&#8221;.vc_custom_1556887182902{background-color: #ffffff !important;}&#8221;][vc_column width=&#8221;1\/2&#8243;][vc_column_text css=&#8221;.vc_custom_1579259036798{padding-top: 20px !important;}&#8221;]PlusVillas est une r\u00e9f\u00e9rence dans le secteur immobilier \u00e0 Calpe, avec plus de 30 ans d&#8217;exp\u00e9rience dans la construction, la conception et la vente de biens immobiliers dans le nord de la Costa Blanca. Notre longue histoire et notre croissance solide sont une valeur s\u00fbre lorsque nous choisissons le meilleur conseiller pour &#8230;<\/p>\n","protected":false},"author":5,"featured_media":0,"parent":0,"menu_order":0,"comment_status":"closed","ping_status":"closed","template":"","meta":{"footnotes":"","_vp_format_video_url":"","_vp_image_focal_point":[],"_joinchat":[]},"yoast_head":"<!-- This site is optimized with the Yoast SEO plugin v21.6 - https:\/\/yoast.com\/wordpress\/plugins\/seo\/ -->\n<title>Pourquoi nous choisir pour vendre vos propri\u00e9t\u00e9s - Plusvillas<\/title>\n<meta name=\"description\" content=\"Plusvillas est une entreprise avec plus de 30 ans d&#039;exp\u00e9rience dans la vente de biens immobiliers sur la Costa Blanca avec une \u00e9quipe de confiance.\" \/>\n<meta name=\"robots\" content=\"index, follow, max-snippet:-1, max-image-preview:large, max-video-preview:-1\" \/>\n<link rel=\"canonical\" href=\"https:\/\/www.plusvillas.es\/fr\/pourquoi-plusvillas\/\" \/>\n<meta property=\"og:locale\" content=\"fr_FR\" \/>\n<meta property=\"og:type\" content=\"article\" \/>\n<meta property=\"og:title\" content=\"Pourquoi nous choisir pour vendre vos propri\u00e9t\u00e9s - Plusvillas\" \/>\n<meta property=\"og:description\" content=\"Plusvillas est une entreprise avec plus de 30 ans d&#039;exp\u00e9rience dans la vente de biens immobiliers sur la Costa Blanca avec une \u00e9quipe de confiance.\" \/>\n<meta property=\"og:url\" content=\"https:\/\/www.plusvillas.es\/fr\/pourquoi-plusvillas\/\" \/>\n<meta property=\"og:site_name\" content=\"Plusvillas\" \/>\n<meta property=\"article:modified_time\" content=\"2023-09-18T15:44:18+00:00\" \/>\n<meta name=\"twitter:card\" content=\"summary_large_image\" \/>\n<meta name=\"twitter:label1\" content=\"Dur\u00e9e de lecture estim\u00e9e\" \/>\n\t<meta name=\"twitter:data1\" content=\"3 minutes\" \/>\n<script type=\"application\/ld+json\" class=\"yoast-schema-graph\">{\"@context\":\"https:\/\/schema.org\",\"@graph\":[{\"@type\":\"WebPage\",\"@id\":\"https:\/\/www.plusvillas.es\/fr\/pourquoi-plusvillas\/\",\"url\":\"https:\/\/www.plusvillas.es\/fr\/pourquoi-plusvillas\/\",\"name\":\"Pourquoi nous choisir pour vendre vos propri\u00e9t\u00e9s - Plusvillas\",\"isPartOf\":{\"@id\":\"https:\/\/www.plusvillas.es\/fr\/#website\"},\"datePublished\":\"2019-02-01T10:10:07+00:00\",\"dateModified\":\"2023-09-18T15:44:18+00:00\",\"description\":\"Plusvillas est une entreprise avec plus de 30 ans d'exp\u00e9rience dans la vente de biens immobiliers sur la Costa Blanca avec une \u00e9quipe de confiance.\",\"breadcrumb\":{\"@id\":\"https:\/\/www.plusvillas.es\/fr\/pourquoi-plusvillas\/#breadcrumb\"},\"inLanguage\":\"fr-FR\",\"potentialAction\":[{\"@type\":\"ReadAction\",\"target\":[\"https:\/\/www.plusvillas.es\/fr\/pourquoi-plusvillas\/\"]}]},{\"@type\":\"BreadcrumbList\",\"@id\":\"https:\/\/www.plusvillas.es\/fr\/pourquoi-plusvillas\/#breadcrumb\",\"itemListElement\":[{\"@type\":\"ListItem\",\"position\":1,\"name\":\"Portada\",\"item\":\"https:\/\/www.plusvillas.es\/fr\/\"},{\"@type\":\"ListItem\",\"position\":2,\"name\":\"Pourquoi Plusvillas?\"}]},{\"@type\":\"WebSite\",\"@id\":\"https:\/\/www.plusvillas.es\/fr\/#website\",\"url\":\"https:\/\/www.plusvillas.es\/fr\/\",\"name\":\"Plusvillas\",\"description\":\"Venta de inmuebles en la Costa Blanca\",\"potentialAction\":[{\"@type\":\"SearchAction\",\"target\":{\"@type\":\"EntryPoint\",\"urlTemplate\":\"https:\/\/www.plusvillas.es\/fr\/?s={search_term_string}\"},\"query-input\":\"required name=search_term_string\"}],\"inLanguage\":\"fr-FR\"}]}<\/script>\n<!-- \/ Yoast SEO plugin. -->","yoast_head_json":{"title":"Pourquoi nous choisir pour vendre vos propri\u00e9t\u00e9s - Plusvillas","description":"Plusvillas est une entreprise avec plus de 30 ans d'exp\u00e9rience dans la vente de biens immobiliers sur la Costa Blanca avec une \u00e9quipe de confiance.","robots":{"index":"index","follow":"follow","max-snippet":"max-snippet:-1","max-image-preview":"max-image-preview:large","max-video-preview":"max-video-preview:-1"},"canonical":"https:\/\/www.plusvillas.es\/fr\/pourquoi-plusvillas\/","og_locale":"fr_FR","og_type":"article","og_title":"Pourquoi nous choisir pour vendre vos propri\u00e9t\u00e9s - Plusvillas","og_description":"Plusvillas est une entreprise avec plus de 30 ans d'exp\u00e9rience dans la vente de biens immobiliers sur la Costa Blanca avec une \u00e9quipe de confiance.","og_url":"https:\/\/www.plusvillas.es\/fr\/pourquoi-plusvillas\/","og_site_name":"Plusvillas","article_modified_time":"2023-09-18T15:44:18+00:00","twitter_card":"summary_large_image","twitter_misc":{"Dur\u00e9e de lecture estim\u00e9e":"3 minutes"},"schema":{"@context":"https:\/\/schema.org","@graph":[{"@type":"WebPage","@id":"https:\/\/www.plusvillas.es\/fr\/pourquoi-plusvillas\/","url":"https:\/\/www.plusvillas.es\/fr\/pourquoi-plusvillas\/","name":"Pourquoi nous choisir pour vendre vos propri\u00e9t\u00e9s - Plusvillas","isPartOf":{"@id":"https:\/\/www.plusvillas.es\/fr\/#website"},"datePublished":"2019-02-01T10:10:07+00:00","dateModified":"2023-09-18T15:44:18+00:00","description":"Plusvillas est une entreprise avec plus de 30 ans d'exp\u00e9rience dans la vente de biens immobiliers sur la Costa Blanca avec une \u00e9quipe de confiance.","breadcrumb":{"@id":"https:\/\/www.plusvillas.es\/fr\/pourquoi-plusvillas\/#breadcrumb"},"inLanguage":"fr-FR","potentialAction":[{"@type":"ReadAction","target":["https:\/\/www.plusvillas.es\/fr\/pourquoi-plusvillas\/"]}]},{"@type":"BreadcrumbList","@id":"https:\/\/www.plusvillas.es\/fr\/pourquoi-plusvillas\/#breadcrumb","itemListElement":[{"@type":"ListItem","position":1,"name":"Portada","item":"https:\/\/www.plusvillas.es\/fr\/"},{"@type":"ListItem","position":2,"name":"Pourquoi Plusvillas?"}]},{"@type":"WebSite","@id":"https:\/\/www.plusvillas.es\/fr\/#website","url":"https:\/\/www.plusvillas.es\/fr\/","name":"Plusvillas","description":"Venta de inmuebles en la Costa Blanca","potentialAction":[{"@type":"SearchAction","target":{"@type":"EntryPoint","urlTemplate":"https:\/\/www.plusvillas.es\/fr\/?s={search_term_string}"},"query-input":"required name=search_term_string"}],"inLanguage":"fr-FR"}]}},"_links":{"self":[{"href":"https:\/\/www.plusvillas.es\/fr\/wp-json\/wp\/v2\/pages\/26402"}],"collection":[{"href":"https:\/\/www.plusvillas.es\/fr\/wp-json\/wp\/v2\/pages"}],"about":[{"href":"https:\/\/www.plusvillas.es\/fr\/wp-json\/wp\/v2\/types\/page"}],"author":[{"embeddable":true,"href":"https:\/\/www.plusvillas.es\/fr\/wp-json\/wp\/v2\/users\/5"}],"replies":[{"embeddable":true,"href":"https:\/\/www.plusvillas.es\/fr\/wp-json\/wp\/v2\/comments?post=26402"}],"version-history":[{"count":9,"href":"https:\/\/www.plusvillas.es\/fr\/wp-json\/wp\/v2\/pages\/26402\/revisions"}],"predecessor-version":[{"id":109224,"href":"https:\/\/www.plusvillas.es\/fr\/wp-json\/wp\/v2\/pages\/26402\/revisions\/109224"}],"wp:attachment":[{"href":"https:\/\/www.plusvillas.es\/fr\/wp-json\/wp\/v2\/media?parent=26402"}],"curies":[{"name":"wp","href":"https:\/\/api.w.org\/{rel}","templated":true}]}}