    {"id":26486,"date":"2019-03-04T11:21:22","date_gmt":"2019-03-04T11:21:22","guid":{"rendered":"https:\/\/www.plusvillas.es\/contacto\/"},"modified":"2023-05-29T10:09:55","modified_gmt":"2023-05-29T10:09:55","slug":"contact","status":"publish","type":"page","link":"https:\/\/www.plusvillas.es\/fr\/contact\/","title":{"rendered":"Contact"},"content":{"rendered":"<p>[vc_row][vc_column]<div id=\"ultimate-heading-238669e4d0ee68ce9\" class=\"uvc-heading ult-adjust-bottom-margin ultimate-heading-238669e4d0ee68ce9 uvc-8952 \" data-hspacer=\"no_spacer\"  data-halign=\"left\" style=\"text-align:left\"><div class=\"uvc-heading-spacer no_spacer\" style=\"top\"><\/div><div class=\"uvc-main-heading ult-responsive\"  data-ultimate-target='.uvc-heading.ultimate-heading-238669e4d0ee68ce9 h2'  data-responsive-json-new='{\"font-size\":\"\",\"line-height\":\"\"}' ><h2 style=\"font-weight:normal;color:#c31a1f;margin-bottom:-15px;\">FORMULAIRE DE CONTACT<\/h2><\/div><div class=\"uvc-sub-heading ult-responsive\"  data-ultimate-target='.uvc-heading.ultimate-heading-238669e4d0ee68ce9 .uvc-sub-heading '  data-responsive-json-new='{\"font-size\":\"\",\"line-height\":\"\"}'  style=\"font-weight:normal;\"><\/p>\n<h1>Dites-nous ce dont vous avez besoin et nous serons heureux de vous aider au plus vite possible<\/h1>\n<p><\/div><\/div>\n                <div class='gf_browser_gecko gform_wrapper' id='gform_wrapper_4' style='display:none'><form method='post' enctype='multipart\/form-data'  id='gform_4'  action='\/fr\/wp-json\/wp\/v2\/pages\/26486'>\n                        <div class='gform_body'><ul id='gform_fields_4' class='gform_fields top_label form_sublabel_below description_below'><li id='field_4_1'  class='gfield gfield_contains_required field_sublabel_hidden_label field_description_below gfield_visibility_visible' ><label class='gfield_label gfield_label_before_complex'  >Nom<span class='gfield_required'>*<\/span><\/label><div class='ginput_complex ginput_container no_prefix has_first_name no_middle_name no_last_name no_suffix gf_name_has_1 ginput_container_name' id='input_4_1'>\n                            \n                            <span id='input_4_1_3_container' class='name_first' >\n                                                    <input type='text' name='input_1.3' id='input_4_1_3' value='' aria-label='Pr\u00e9nom'   aria-required=\"true\" aria-invalid=\"false\" \/>\n                                                    <label for='input_4_1_3' class='hidden_sub_label screen-reader-text'>Pr\u00e9nom<\/label>\n                                                <\/span>\n                            \n                            \n                            \n                        <\/div><\/li><li id='field_4_2'  class='gfield gfield_contains_required field_sublabel_below field_description_below gfield_visibility_visible' ><label class='gfield_label' for='input_4_2' >Adresse e-mail<span class='gfield_required'>*<\/span><\/label><div class='ginput_container ginput_container_email'>\n                            <input name='input_2' id='input_4_2' type='text' value='' class='large'    aria-required=\"true\" aria-invalid=\"false\" \/>\n                        <\/div><\/li><li id='field_4_5'  class='gfield field_sublabel_below field_description_below gfield_visibility_visible' ><label class='gfield_label' for='input_4_5' >Num\u00e9ro de t\u00e9l\u00e9phone<\/label><div class='ginput_container ginput_container_phone'><input name='input_5' id='input_4_5' type='text' value='' class='large'    aria-invalid=\"false\"  \/><\/div><\/li><li id='field_4_4'  class='gfield field_sublabel_below field_description_below gfield_visibility_visible' ><label class='gfield_label' for='input_4_4' >Message<\/label><div class='ginput_container ginput_container_textarea'><textarea name='input_4' id='input_4_4' class='textarea medium'      aria-invalid=\"false\"   rows='10' cols='50'><\/textarea><\/div><\/li><li id='field_4_8'  class='gfield gfield_contains_required field_sublabel_below field_description_below hidden_label gfield_visibility_visible' ><label class='gfield_label'  >Consentimiento<span class='gfield_required'>*<\/span><\/label><div class='ginput_container ginput_container_consent'><input name='input_8.1' id='input_4_8_1' type='checkbox' value='1'  aria-describedby='gfield_consent_description_4_8' aria-required=\"true\" aria-invalid=\"false\"   \/> <label class=\"gfield_consent_label\" for='input_4_8_1' >J'ai lu et accepte la politique de confidentialit\u00e9<\/label><span class='gfield_required'>*<\/span><input type='hidden' name='input_8.2' value='J&#039;ai lu et accepte la politique de confidentialit\u00e9' class='gform_hidden' \/><input type='hidden' name='input_8.3' value='6' class='gform_hidden' \/><\/div><div class='gfield_description gfield_consent_description' id='gfield_consent_description_4_8'>Conform\u00e9ment au r\u00e9gime g\u00e9n\u00e9ral de protection des donn\u00e9es, nous vous informons ici de qui est le RESPONSABLE du traitement des donn\u00e9es que vous nous fournissez. <a href=\"\/?page_id=18676\" target=\"_blank\" rel=\"noopener\">Politique de confidentialit\u00e9<\/a><\/div><\/li>\n                            <\/ul><\/div>\n        <div class='gform_footer top_label'> <input type='submit' id='gform_submit_button_4' class='gform_button button' value='ENVIAR'  onclick='if(window[\"gf_submitting_4\"]){return false;}  window[\"gf_submitting_4\"]=true;  ' onkeypress='if( event.keyCode == 13 ){ if(window[\"gf_submitting_4\"]){return false;} window[\"gf_submitting_4\"]=true;  jQuery(\"#gform_4\").trigger(\"submit\",[true]); }' \/> \n            <input type='hidden' class='gform_hidden' name='is_submit_4' value='1' \/>\n            <input type='hidden' class='gform_hidden' name='gform_submit' value='4' \/>\n            \n            <input type='hidden' class='gform_hidden' name='gform_unique_id' value='' \/>\n            <input type='hidden' class='gform_hidden' name='state_4' value='WyJ7XCI4LjFcIjpcIjE4ZjVkMWY5YjJmNGU3MDY2OTA5ODFiMzZhNzYzNWJhXCIsXCI4LjJcIjpcIjc3ZTY5OWM4YTZhMjRiMjZjMzZlNWI5OGQzMzg5Nzg3XCIsXCI4LjNcIjpcImQ0N2MwNWE0OTcyMGIwNTBmMzdjNDAwODdhYzA0ZTE5XCJ9IiwiN2ZmNDBiNDI0OTJlNTJmOTljMDE5OTI2YTU3ZDBlMGMiXQ==' \/>\n            <input type='hidden' class='gform_hidden' name='gform_target_page_number_4' id='gform_target_page_number_4' value='0' \/>\n            <input type='hidden' class='gform_hidden' name='gform_source_page_number_4' id='gform_source_page_number_4' value='1' \/>\n            <input type='hidden' name='gform_field_values' value='' \/>\n            \n        <\/div>\n                        <\/form>\n                        <\/div><script type='text\/javascript'> jQuery(document).bind('gform_post_render', function(event, formId, currentPage){if(formId == 4) {gf_global[\"number_formats\"][4] = {\"1\":{\"price\":false,\"value\":false},\"2\":{\"price\":false,\"value\":false},\"5\":{\"price\":false,\"value\":false},\"4\":{\"price\":false,\"value\":false},\"8\":{\"price\":false,\"value\":false}};if(window['jQuery']){if(!window['gf_form_conditional_logic'])window['gf_form_conditional_logic'] = new Array();window['gf_form_conditional_logic'][4] = { logic: { 0: {\"field\":{\"actionType\":\"show\",\"logicType\":\"all\",\"rules\":[{\"fieldId\":\"8\",\"operator\":\"is\",\"value\":\"1\"}]},\"section\":null} }, dependents: { 0: [0] }, animation: 0, defaults: {\"1\":{\"1.2\":\"\",\"1.3\":\"\",\"1.4\":\"\",\"1.6\":\"\",\"1.8\":\"\"}}, fields: {\"1\":[0],\"2\":[0],\"5\":[0],\"4\":[0],\"8\":[0]} }; if(!window['gf_number_format'])window['gf_number_format'] = 'decimal_comma';jQuery(document).ready(function(){gf_apply_rules(4, [0], true);jQuery('#gform_wrapper_4').show();jQuery(document).trigger('gform_post_conditional_logic', [4, null, true]);} );} } } );jQuery(document).bind('gform_post_conditional_logic', function(event, formId, fields, isInit){} );<\/script><script type='text\/javascript'> jQuery(document).ready(function(){jQuery(document).trigger('gform_post_render', [4, 1]) } ); <\/script>[vc_column_text]<\/p>\n<h2>PLUS D\u00b4INFORMATIONS<\/h2>\n<p><a href=\"https:\/\/www.plusvillas.es\/wp-content\/uploads\/2019\/06\/icons8-region-80.png\"><img decoding=\"async\" class=\"alignleft wp-image-19404\" src=\"https:\/\/www.plusvillas.es\/wp-content\/uploads\/2019\/06\/icons8-region-80.png\" alt=\"direcci\u00f3n oficinas plusvillas\" width=\"20\" height=\"20\" srcset=\"https:\/\/www.plusvillas.es\/wp-content\/uploads\/2019\/06\/icons8-region-80.png 80w, https:\/\/www.plusvillas.es\/wp-content\/uploads\/2019\/06\/icons8-region-80-45x45.png 45w, https:\/\/www.plusvillas.es\/wp-content\/uploads\/2019\/06\/icons8-region-80-36x36.png 36w\" sizes=\"(max-width: 20px) 100vw, 20px\" \/><\/a>C\/ La Pau, 2 &#8211; 03710 Calpe [Alicante] Spain<\/p>\n<p><a href=\"https:\/\/www.plusvillas.es\/wp-content\/uploads\/2019\/06\/icons8-ringer-volume-80.png\"><img decoding=\"async\" class=\"alignleft wp-image-19405\" src=\"https:\/\/www.plusvillas.es\/wp-content\/uploads\/2019\/06\/icons8-ringer-volume-80.png\" alt=\"\" width=\"20\" height=\"20\" srcset=\"https:\/\/www.plusvillas.es\/wp-content\/uploads\/2019\/06\/icons8-ringer-volume-80.png 80w, https:\/\/www.plusvillas.es\/wp-content\/uploads\/2019\/06\/icons8-ringer-volume-80-45x45.png 45w, https:\/\/www.plusvillas.es\/wp-content\/uploads\/2019\/06\/icons8-ringer-volume-80-36x36.png 36w\" sizes=\"(max-width: 20px) 100vw, 20px\" \/><\/a>(+34) 965 833 587<\/p>\n<p><a href=\"https:\/\/www.plusvillas.es\/wp-content\/uploads\/2019\/06\/icons8-secured-letter-80.png\"><img decoding=\"async\" class=\"wp-image-19406 alignleft\" src=\"https:\/\/www.plusvillas.es\/wp-content\/uploads\/2019\/06\/icons8-secured-letter-80.png\" alt=\"\" width=\"20\" height=\"20\" srcset=\"https:\/\/www.plusvillas.es\/wp-content\/uploads\/2019\/06\/icons8-secured-letter-80.png 80w, https:\/\/www.plusvillas.es\/wp-content\/uploads\/2019\/06\/icons8-secured-letter-80-45x45.png 45w, https:\/\/www.plusvillas.es\/wp-content\/uploads\/2019\/06\/icons8-secured-letter-80-36x36.png 36w\" sizes=\"(max-width: 20px) 100vw, 20px\" \/><\/a><a href=\"mailto:info@plusvillas.es\">info@plusvillas.es<\/a><\/p>\n<p><a href=\"https:\/\/www.plusvillas.es\/wp-content\/uploads\/2019\/06\/icons8-clock-80.png\"><img loading=\"lazy\" decoding=\"async\" class=\"alignleft wp-image-19403\" src=\"https:\/\/www.plusvillas.es\/wp-content\/uploads\/2019\/06\/icons8-clock-80.png\" alt=\"\" width=\"20\" height=\"20\" srcset=\"https:\/\/www.plusvillas.es\/wp-content\/uploads\/2019\/06\/icons8-clock-80.png 80w, https:\/\/www.plusvillas.es\/wp-content\/uploads\/2019\/06\/icons8-clock-80-45x45.png 45w, https:\/\/www.plusvillas.es\/wp-content\/uploads\/2019\/06\/icons8-clock-80-36x36.png 36w\" sizes=\"(max-width: 20px) 100vw, 20px\" \/><\/a>Horario: Lunes a viernes 9.30 &#8211; 13.30 y 16.00 &#8211; 19.00 H.\u00a0 S\u00e1bados 9.30 &#8211; 13.30 H.<\/p>\n<p>[\/vc_column_text][\/vc_column][\/vc_row][vc_row][vc_column]<div id='wrap_map_69e4d0ee6eb42' class='ultimate-map-wrapper ult-adjust-bottom-margin ' style=' height:500px;'><div id='map_69e4d0ee6eb42' data-map_override='0' class='ultimate_google_map wpb_content_element page_margin_top' style='width:100%;height:500px;'><\/div><\/div><script type='text\/javascript'>\r\n\t\t\t(function($) {\r\n  \t\t\t'use strict';\r\n\t\t\tvar map_map_69e4d0ee6eb42 = null;\r\n\t\t\tvar coordinate_map_69e4d0ee6eb42;\r\n\t\t\tvar isDraggable = $(document).width() > 641 ? true : false;\r\n\t\t\ttry\r\n\t\t\t{\r\n\t\t\t\tvar map_map_69e4d0ee6eb42 = null;\r\n\t\t\t\tvar coordinate_map_69e4d0ee6eb42;\r\n\t\t\t\tcoordinate_map_69e4d0ee6eb42=new google.maps.LatLng(38.644287, 0.047349);\r\n\t\t\t\tvar mapOptions=\r\n\t\t\t\t{\r\n\t\t\t\t\tzoom: 17,\r\n\t\t\t\t\tcenter: coordinate_map_69e4d0ee6eb42,\r\n\t\t\t\t\tscaleControl: true,\r\n\t\t\t\t\tstreetViewControl: true,\r\n\t\t\t\t\tmapTypeControl: true,\r\n\t\t\t\t\tpanControl: false,\r\n\t\t\t\t\tzoomControl: true,\r\n\t\t\t\t\tscrollwheel: true,\r\n\t\t\t\t\tdraggable: isDraggable,\r\n\t\t\t\t\tzoomControlOptions: {\r\n\t\t\t\t\t\tposition: google.maps.ControlPosition.LEFT_TOP\r\n\t\t\t\t\t},mapTypeId: google.maps.MapTypeId.ROADMAP,};var map_map_69e4d0ee6eb42 = new google.maps.Map(document.getElementById('map_69e4d0ee6eb42'),mapOptions);\r\n\t\t\t\t\t\tvar x = 'infowindow_open_value';\r\n\t\t\t\t\t\tvar marker_map_69e4d0ee6eb42 = new google.maps.Marker({\r\n\t\t\t\t\t\tposition: new google.maps.LatLng(38.644287, 0.047349),\r\n\t\t\t\t\t\tanimation:  google.maps.Animation.DROP,\r\n\t\t\t\t\t\tmap: map_map_69e4d0ee6eb42,\r\n\t\t\t\t\t\ticon: 'https:\/\/www.plusvillas.es\/wp-content\/uploads\/2014\/05\/favicon.png'\r\n\t\t\t\t\t});\tgoogle.maps.event.addListener(marker_map_69e4d0ee6eb42, 'click', toggleBounce);var infowindow = new google.maps.InfoWindow();\r\n\t\t\t\t\t\t\tinfowindow.setContent('<div class=\"map_info_text\" style=\\'color:#000;\\'><a href=\"https:\/\/www.plusvillas.es\/wp-content\/uploads\/2014\/05\/plusvillas-logo-color_2x.png\"><img loading=\"lazy\" decoding=\"async\" class=\"size-full wp-image-18802\" src=\"https:\/\/www.plusvillas.es\/wp-content\/uploads\/2014\/05\/plusvillas-logo-color_2x.png\" alt=\"plusvillas logo color-retina\" width=\"473\" height=\"89\" srcset=\"https:\/\/www.plusvillas.es\/wp-content\/uploads\/2014\/05\/plusvillas-logo-color_2x.png 473w, https:\/\/www.plusvillas.es\/wp-content\/uploads\/2014\/05\/plusvillas-logo-color_2x-300x56.png 300w\" sizes=\"(max-width: 473px) 100vw, 473px\" \/><\/a><\/p> <p><\/div>');google.maps.event.addListener(marker_map_69e4d0ee6eb42, 'click', function() {\r\n\t\t\t\t\t\t\t\tinfowindow.open(map_map_69e4d0ee6eb42,marker_map_69e4d0ee6eb42);\r\n\t\t\t\t\t\t  \t});}\r\n\t\t\tcatch(e){};\r\n\t\t\tjQuery(document).ready(function($){\r\n\t\t\t\tgoogle.maps.event.trigger(map_map_69e4d0ee6eb42, 'resize');\r\n\t\t\t\t$(window).resize(function(){\r\n\t\t\t\t\tgoogle.maps.event.trigger(map_map_69e4d0ee6eb42, 'resize');\r\n\t\t\t\t\tif(map_map_69e4d0ee6eb42!=null)\r\n\t\t\t\t\t\tmap_map_69e4d0ee6eb42.setCenter(coordinate_map_69e4d0ee6eb42);\r\n\t\t\t\t});\r\n\t\t\t\t$('.ui-tabs').bind('tabsactivate', function(event, ui) {\r\n\t\t\t\t   if($(this).find('.ultimate-map-wrapper').length > 0)\r\n\t\t\t\t\t{\r\n\t\t\t\t\t\tsetTimeout(function(){\r\n\t\t\t\t\t\t\t$(window).trigger('resize');\r\n\t\t\t\t\t\t},200);\r\n\t\t\t\t\t}\r\n\t\t\t\t});\r\n\t\t\t\t$('.ui-accordion').bind('accordionactivate', function(event, ui) {\r\n\t\t\t\t   if($(this).find('.ultimate-map-wrapper').length > 0)\r\n\t\t\t\t\t{\r\n\t\t\t\t\t\tsetTimeout(function(){\r\n\t\t\t\t\t\t\t$(window).trigger('resize');\r\n\t\t\t\t\t\t},200);\r\n\t\t\t\t\t}\r\n\t\t\t\t});\r\n\t\t\t\t$(window).load(function(){\r\n\t\t\t\t\tsetTimeout(function(){\r\n\t\t\t\t\t\t$(window).trigger('resize');\r\n\t\t\t\t\t},200);\r\n\t\t\t\t});\r\n\t\t\t\t$('.ult_exp_section').select(function(){\r\n\t\t\t\t\tif($(map_map_69e4d0ee6eb42).parents('.ult_exp_section'))\r\n\t\t\t\t\t{\r\n\t\t\t\t\t\tsetTimeout(function(){\r\n\t\t\t\t\t\t\t$(window).trigger('resize');\r\n\t\t\t\t\t\t},200);\r\n\t\t\t\t\t}\r\n\t\t\t\t});\r\n\t\t\t\t$(document).on('onUVCModalPopupOpen', function(){\r\n\t\t\t\t\tif($(map_map_69e4d0ee6eb42).parents('.ult_modal-content'))\r\n\t\t\t\t\t{\r\n\t\t\t\t\t\tsetTimeout(function(){\r\n\t\t\t\t\t\t\t$(window).trigger('resize');\r\n\t\t\t\t\t\t},200);\r\n\t\t\t\t\t}\r\n\t\t\t\t});\r\n\t\t\t\t$(document).on('click','.ult_tab_li',function(){\r\n\t\t\t\t\t$(window).trigger('resize');\r\n\t\t\t\t\tsetTimeout(function(){\r\n\t\t\t\t\t\t$(window).trigger('resize');\r\n\t\t\t\t\t},200);\r\n\t\t\t\t});\r\n\t\t\t});\r\n\t\t\tfunction toggleBounce() {\r\n\t\t\t  if (marker_map_69e4d0ee6eb42.getAnimation() != null) {\r\n\t\t\t\tmarker_map_69e4d0ee6eb42.setAnimation(null);\r\n\t\t\t  } else {\r\n\t\t\t\tmarker_map_69e4d0ee6eb42.setAnimation(google.maps.Animation.BOUNCE);\r\n\t\t\t  }\r\n\t\t\t}\r\n\t\t\t})(jQuery);\r\n\t\t\t<\/script>[\/vc_column][\/vc_row]<\/p>\n","protected":false},"excerpt":{"rendered":"<p>[vc_row][vc_column][vc_column_text] PLUS D\u00b4INFORMATIONS C\/ La Pau, 2 &#8211; 03710 Calpe [Alicante] Spain (+34) 965 833 587 info@plusvillas.es Horario: Lunes a viernes 9.30 &#8211; 13.30 y 16.00 &#8211; 19.00 H.\u00a0 S\u00e1bados 9.30 &#8211; 13.30 H. [\/vc_column_text][\/vc_column][\/vc_row][vc_row][vc_column][\/vc_column][\/vc_row]<\/p>\n","protected":false},"author":5,"featured_media":0,"parent":0,"menu_order":0,"comment_status":"closed","ping_status":"closed","template":"","meta":{"footnotes":"","_vp_format_video_url":"","_vp_image_focal_point":[],"_joinchat":[]},"yoast_head":"<!-- This site is optimized with the Yoast SEO plugin v21.6 - https:\/\/yoast.com\/wordpress\/plugins\/seo\/ -->\n<title>Demande d&#039;informations - Plusvillas<\/title>\n<meta name=\"description\" content=\"Envoyez-nous un e-mail pour demander des informations, demander une \u00e9valuation de votre propri\u00e9t\u00e9 ou pour acheter l&#039;une de nos propri\u00e9t\u00e9s. Contactez-nous.\" \/>\n<meta name=\"robots\" content=\"index, follow, max-snippet:-1, max-image-preview:large, max-video-preview:-1\" \/>\n<link rel=\"canonical\" href=\"https:\/\/www.plusvillas.es\/fr\/contact\/\" \/>\n<meta property=\"og:locale\" content=\"fr_FR\" \/>\n<meta property=\"og:type\" content=\"article\" \/>\n<meta property=\"og:title\" content=\"Demande d&#039;informations - Plusvillas\" \/>\n<meta property=\"og:description\" content=\"Envoyez-nous un e-mail pour demander des informations, demander une \u00e9valuation de votre propri\u00e9t\u00e9 ou pour acheter l&#039;une de nos propri\u00e9t\u00e9s. Contactez-nous.\" \/>\n<meta property=\"og:url\" content=\"https:\/\/www.plusvillas.es\/fr\/contact\/\" \/>\n<meta property=\"og:site_name\" content=\"Plusvillas\" \/>\n<meta property=\"article:modified_time\" content=\"2023-05-29T10:09:55+00:00\" \/>\n<meta property=\"og:image\" content=\"https:\/\/www.plusvillas.es\/wp-content\/uploads\/2019\/06\/icons8-region-80.png\" \/>\n<meta name=\"twitter:card\" content=\"summary_large_image\" \/>\n<meta name=\"twitter:label1\" content=\"Dur\u00e9e de lecture estim\u00e9e\" \/>\n\t<meta name=\"twitter:data1\" content=\"1 minute\" \/>\n<script type=\"application\/ld+json\" class=\"yoast-schema-graph\">{\"@context\":\"https:\/\/schema.org\",\"@graph\":[{\"@type\":\"WebPage\",\"@id\":\"https:\/\/www.plusvillas.es\/fr\/contact\/\",\"url\":\"https:\/\/www.plusvillas.es\/fr\/contact\/\",\"name\":\"Demande d'informations - Plusvillas\",\"isPartOf\":{\"@id\":\"https:\/\/www.plusvillas.es\/fr\/#website\"},\"datePublished\":\"2019-03-04T11:21:22+00:00\",\"dateModified\":\"2023-05-29T10:09:55+00:00\",\"description\":\"Envoyez-nous un e-mail pour demander des informations, demander une \u00e9valuation de votre propri\u00e9t\u00e9 ou pour acheter l'une de nos propri\u00e9t\u00e9s. Contactez-nous.\",\"breadcrumb\":{\"@id\":\"https:\/\/www.plusvillas.es\/fr\/contact\/#breadcrumb\"},\"inLanguage\":\"fr-FR\",\"potentialAction\":[{\"@type\":\"ReadAction\",\"target\":[\"https:\/\/www.plusvillas.es\/fr\/contact\/\"]}]},{\"@type\":\"BreadcrumbList\",\"@id\":\"https:\/\/www.plusvillas.es\/fr\/contact\/#breadcrumb\",\"itemListElement\":[{\"@type\":\"ListItem\",\"position\":1,\"name\":\"Portada\",\"item\":\"https:\/\/www.plusvillas.es\/fr\/\"},{\"@type\":\"ListItem\",\"position\":2,\"name\":\"Contact\"}]},{\"@type\":\"WebSite\",\"@id\":\"https:\/\/www.plusvillas.es\/fr\/#website\",\"url\":\"https:\/\/www.plusvillas.es\/fr\/\",\"name\":\"Plusvillas\",\"description\":\"Venta de inmuebles en la Costa Blanca\",\"potentialAction\":[{\"@type\":\"SearchAction\",\"target\":{\"@type\":\"EntryPoint\",\"urlTemplate\":\"https:\/\/www.plusvillas.es\/fr\/?s={search_term_string}\"},\"query-input\":\"required name=search_term_string\"}],\"inLanguage\":\"fr-FR\"}]}<\/script>\n<!-- \/ Yoast SEO plugin. -->","yoast_head_json":{"title":"Demande d'informations - Plusvillas","description":"Envoyez-nous un e-mail pour demander des informations, demander une \u00e9valuation de votre propri\u00e9t\u00e9 ou pour acheter l'une de nos propri\u00e9t\u00e9s. Contactez-nous.","robots":{"index":"index","follow":"follow","max-snippet":"max-snippet:-1","max-image-preview":"max-image-preview:large","max-video-preview":"max-video-preview:-1"},"canonical":"https:\/\/www.plusvillas.es\/fr\/contact\/","og_locale":"fr_FR","og_type":"article","og_title":"Demande d'informations - Plusvillas","og_description":"Envoyez-nous un e-mail pour demander des informations, demander une \u00e9valuation de votre propri\u00e9t\u00e9 ou pour acheter l'une de nos propri\u00e9t\u00e9s. Contactez-nous.","og_url":"https:\/\/www.plusvillas.es\/fr\/contact\/","og_site_name":"Plusvillas","article_modified_time":"2023-05-29T10:09:55+00:00","og_image":[{"url":"https:\/\/www.plusvillas.es\/wp-content\/uploads\/2019\/06\/icons8-region-80.png"}],"twitter_card":"summary_large_image","twitter_misc":{"Dur\u00e9e de lecture estim\u00e9e":"1 minute"},"schema":{"@context":"https:\/\/schema.org","@graph":[{"@type":"WebPage","@id":"https:\/\/www.plusvillas.es\/fr\/contact\/","url":"https:\/\/www.plusvillas.es\/fr\/contact\/","name":"Demande d'informations - Plusvillas","isPartOf":{"@id":"https:\/\/www.plusvillas.es\/fr\/#website"},"datePublished":"2019-03-04T11:21:22+00:00","dateModified":"2023-05-29T10:09:55+00:00","description":"Envoyez-nous un e-mail pour demander des informations, demander une \u00e9valuation de votre propri\u00e9t\u00e9 ou pour acheter l'une de nos propri\u00e9t\u00e9s. Contactez-nous.","breadcrumb":{"@id":"https:\/\/www.plusvillas.es\/fr\/contact\/#breadcrumb"},"inLanguage":"fr-FR","potentialAction":[{"@type":"ReadAction","target":["https:\/\/www.plusvillas.es\/fr\/contact\/"]}]},{"@type":"BreadcrumbList","@id":"https:\/\/www.plusvillas.es\/fr\/contact\/#breadcrumb","itemListElement":[{"@type":"ListItem","position":1,"name":"Portada","item":"https:\/\/www.plusvillas.es\/fr\/"},{"@type":"ListItem","position":2,"name":"Contact"}]},{"@type":"WebSite","@id":"https:\/\/www.plusvillas.es\/fr\/#website","url":"https:\/\/www.plusvillas.es\/fr\/","name":"Plusvillas","description":"Venta de inmuebles en la Costa Blanca","potentialAction":[{"@type":"SearchAction","target":{"@type":"EntryPoint","urlTemplate":"https:\/\/www.plusvillas.es\/fr\/?s={search_term_string}"},"query-input":"required name=search_term_string"}],"inLanguage":"fr-FR"}]}},"_links":{"self":[{"href":"https:\/\/www.plusvillas.es\/fr\/wp-json\/wp\/v2\/pages\/26486"}],"collection":[{"href":"https:\/\/www.plusvillas.es\/fr\/wp-json\/wp\/v2\/pages"}],"about":[{"href":"https:\/\/www.plusvillas.es\/fr\/wp-json\/wp\/v2\/types\/page"}],"author":[{"embeddable":true,"href":"https:\/\/www.plusvillas.es\/fr\/wp-json\/wp\/v2\/users\/5"}],"replies":[{"embeddable":true,"href":"https:\/\/www.plusvillas.es\/fr\/wp-json\/wp\/v2\/comments?post=26486"}],"version-history":[{"count":1,"href":"https:\/\/www.plusvillas.es\/fr\/wp-json\/wp\/v2\/pages\/26486\/revisions"}],"predecessor-version":[{"id":95149,"href":"https:\/\/www.plusvillas.es\/fr\/wp-json\/wp\/v2\/pages\/26486\/revisions\/95149"}],"wp:attachment":[{"href":"https:\/\/www.plusvillas.es\/fr\/wp-json\/wp\/v2\/media?parent=26486"}],"curies":[{"name":"wp","href":"https:\/\/api.w.org\/{rel}","templated":true}]}}