    {"id":26524,"date":"2019-03-13T12:56:00","date_gmt":"2019-03-13T12:56:00","guid":{"rendered":"https:\/\/www.plusvillas.es\/calpe\/"},"modified":"2020-01-20T10:03:57","modified_gmt":"2020-01-20T10:03:57","slug":"calpe","status":"publish","type":"page","link":"https:\/\/www.plusvillas.es\/fr\/calpe\/","title":{"rendered":"Calpe"},"content":{"rendered":"<p>[vc_row][vc_column]<div id=\"ultimate-heading-200169fde3a935d56\" class=\"uvc-heading ult-adjust-bottom-margin ultimate-heading-200169fde3a935d56 uvc-9836 \" data-hspacer=\"no_spacer\"  data-halign=\"left\" style=\"text-align:left\"><div class=\"uvc-heading-spacer no_spacer\" style=\"top\"><\/div><div class=\"uvc-main-heading ult-responsive\"  data-ultimate-target='.uvc-heading.ultimate-heading-200169fde3a935d56 h2'  data-responsive-json-new='{\"font-size\":\"\",\"line-height\":\"\"}' ><h2 style=\"font-weight:bold;color:#c31a1f;margin-bottom:-10px;\">CALPE<\/h2><\/div><div class=\"uvc-sub-heading ult-responsive\"  data-ultimate-target='.uvc-heading.ultimate-heading-200169fde3a935d56 .uvc-sub-heading '  data-responsive-json-new='{\"font-size\":\"\",\"line-height\":\"\"}'  style=\"font-weight:bold;\"><\/p>\n<h1 class=\"haya-header-h2\">Un lieu magique sur la Costa Blanca<\/h1>\n<p><\/div><\/div>[vc_images_carousel images=&#8221;26525,26533,26534,26535&#8243; img_size=&#8221;full&#8221; autoplay=&#8221;yes&#8221; wrap=&#8221;yes&#8221;][vc_column_text]<strong>Calpe<\/strong> est un lieu singulier qui se trouve sur la c\u00f4te au nord de la province d&#8217;Alicante et elle est couronn\u00e9e par le Rocher d&#8217;Ifach, d&#8217;une incroyable beaut\u00e9 et de plus de 300 m\u00e8tres de hauteur. Elle est sans doute, tout un symbole de la Costa blanca.<\/p>\n<p>L&#8217;une des motivations pour faire du tourisme dans cette ville est de pouvoir observer ses monuments (la plage n&#8217;est pas la seule activit\u00e9). Par exemple, l&#8217;ermitage de Salvador de Calpe, au style gothique du type de l\u2019\u00e9poque de la conqu\u00eate, est l&#8217;une des embl\u00e8mes de la ville et a le m\u00eame charme r\u00e9gional typique qui vous \u00e9merveillera.<\/p>\n<p>Le ch\u00e2teau du Mascarat dans la ville de Calpe est l&#8217;un des attraits pour que les enfants apprennent l&#8217;histoire d&#8217;Espagne de fa\u00e7on didactique et amusante pendant que vous observez sa splendeur. La forteresse avait \u00e9t\u00e9 construite afin d&#8217;\u00e9viter les invasions des pirates barbaresques.<\/p>\n<p>De plus, Calpe propose d&#8217;autres endroits int\u00e9ressants, comme par exemple, le Parc naturel du Rocher d&#8217;Ifach et le parc Enginent. Le premier refl\u00e8te le rocher, qui est le symbole de la Costa blanca, qui mesure 332 m\u00e8tres de hauteur et 1 kilom\u00e8tre de long. Le deuxi\u00e8me est un espace r\u00e9cr\u00e9atif avec des zones de loisir pour les enfants, des barbecues, des fontaines et des installations ludiques et sportives. Les marais salants sont un autre lieu int\u00e9ressant de Calpe. Vous pourrez y observer la beaut\u00e9 du monde naturel tout proche du centre urbain de la ville.<\/p>\n<p>En ce qui concerne les plages, il convient de signaler la plage d&#8217;Arenal-Bol, qui s&#8217;\u00e9tend sur 2 000 m\u00e8tres. Cette plage de sable fin se trouve du c\u00f4t\u00e9 du centre urbain. Si vous n&#8217;aimez pas le sable fin, nous vous recommandons la crique aux galets de Calalga qui s&#8217;\u00e9tend sur 100 m\u00e8tres. Le petit march\u00e9 de Calpe a une tr\u00e8s bonne r\u00e9putation locale, ce qui en fait une int\u00e9ressante option pour acheter des produits de la zone et ramener un souvenir de la ville.<\/p>\n<p>En ce qui concerne les f\u00eates les plus int\u00e9ressantes, il faut se rendre imp\u00e9rativement aux traditionnelles f\u00eates des Maures et des chr\u00e9tiens et aux feux de la Saint-Jean. Les feux ont lieu le 23 juin et vous permettront d&#8217;observer de nombreux rituels que l&#8217;on f\u00eate depuis de nombreuses ann\u00e9es. Si vous voulez vous y rendre, le meilleur endroit pour pouvoir observer est la plage Arenal-Bol.<\/p>\n<h2>Les plages de Calpe<\/h2>\n<p>Comme nous le disions, les plages de Calpe ont un charme sp\u00e9cial. Ce sont des plages tr\u00e8s soign\u00e9es qui se distinguent par la qualit\u00e9 de leurs eaux et de leur sable fin et dor\u00e9. De plus, elles ont un charme particulier car elles disposent, comme dans le cas d&#8217;Arenal-Bol ou de la Fossa, de deux promenades maritimes qui longent ces plages. Nous pouvons \u00e9galement profiter de tout genre de sport aquatique comme la voile ou la plong\u00e9e avec tuba entre autres.<\/p>\n<h2>Les f\u00eates de Calpe<\/h2>\n<p>Comme nous l&#8217;avons signal\u00e9, les f\u00eates les plus importantes de Calpe sont celles des Maures et des chr\u00e9tiens et les feux de la Saint-Jean. La premi\u00e8re se f\u00eate depuis 1977, ce qui nous montre qu&#8217;elle a rencontr\u00e9 un succ\u00e8s populaire. La deuxi\u00e8me se f\u00eate depuis 1991 et c&#8217;est une tradition locale.<\/p>\n<p>Cependant, il faut tenir compte du fait que la zone a une forte pr\u00e9sence allemande, la ville c\u00e9l\u00e8bre donc \u00e9galement la f\u00eate de l&#8217;Oktoberfest. C&#8217;est la raison pour laquelle, comme vous le voyez, il y a une grande diversit\u00e9 de f\u00eates ce qui vous permettra de ne pas vous ennuyer \u00e0 aucun moment.[\/vc_column_text][\/vc_column][\/vc_row]<\/p>\n","protected":false},"excerpt":{"rendered":"<p>[vc_row][vc_column][vc_images_carousel images=&#8221;26525,26533,26534,26535&#8243; img_size=&#8221;full&#8221; autoplay=&#8221;yes&#8221; wrap=&#8221;yes&#8221;][vc_column_text]Calpe est un lieu singulier qui se trouve sur la c\u00f4te au nord de la province d&#8217;Alicante et elle est couronn\u00e9e par le Rocher d&#8217;Ifach, d&#8217;une incroyable beaut\u00e9 et de plus de 300 m\u00e8tres de hauteur. Elle est sans doute, tout un symbole de la Costa blanca. L&#8217;une des motivations pour faire du tourisme dans cette ville est de pouvoir &#8230;<\/p>\n","protected":false},"author":5,"featured_media":0,"parent":0,"menu_order":0,"comment_status":"closed","ping_status":"closed","template":"","meta":{"footnotes":"","_vp_format_video_url":"","_vp_image_focal_point":[],"_joinchat":[]},"yoast_head":"<!-- This site is optimized with the Yoast SEO plugin v21.6 - https:\/\/yoast.com\/wordpress\/plugins\/seo\/ -->\n<title>Calpe - Plusvillas<\/title>\n<meta name=\"robots\" content=\"index, follow, max-snippet:-1, max-image-preview:large, max-video-preview:-1\" \/>\n<link rel=\"canonical\" href=\"https:\/\/www.plusvillas.es\/fr\/calpe\/\" \/>\n<meta property=\"og:locale\" content=\"fr_FR\" \/>\n<meta property=\"og:type\" content=\"article\" \/>\n<meta property=\"og:title\" content=\"Calpe - Plusvillas\" \/>\n<meta property=\"og:description\" content=\"[vc_row][vc_column][vc_images_carousel images=&#8221;26525,26533,26534,26535&#8243; img_size=&#8221;full&#8221; autoplay=&#8221;yes&#8221; wrap=&#8221;yes&#8221;][vc_column_text]Calpe est un lieu singulier qui se trouve sur la c\u00f4te au nord de la province d&#8217;Alicante et elle est couronn\u00e9e par le Rocher d&#8217;Ifach, d&#8217;une incroyable beaut\u00e9 et de plus de 300 m\u00e8tres de hauteur. Elle est sans doute, tout un symbole de la Costa blanca. L&#8217;une des motivations pour faire du tourisme dans cette ville est de pouvoir ...\" \/>\n<meta property=\"og:url\" content=\"https:\/\/www.plusvillas.es\/fr\/calpe\/\" \/>\n<meta property=\"og:site_name\" content=\"Plusvillas\" \/>\n<meta property=\"article:modified_time\" content=\"2020-01-20T10:03:57+00:00\" \/>\n<meta name=\"twitter:card\" content=\"summary_large_image\" \/>\n<meta name=\"twitter:label1\" content=\"Dur\u00e9e de lecture estim\u00e9e\" \/>\n\t<meta name=\"twitter:data1\" content=\"3 minutes\" \/>\n<script type=\"application\/ld+json\" class=\"yoast-schema-graph\">{\"@context\":\"https:\/\/schema.org\",\"@graph\":[{\"@type\":\"WebPage\",\"@id\":\"https:\/\/www.plusvillas.es\/fr\/calpe\/\",\"url\":\"https:\/\/www.plusvillas.es\/fr\/calpe\/\",\"name\":\"Calpe - Plusvillas\",\"isPartOf\":{\"@id\":\"https:\/\/www.plusvillas.es\/fr\/#website\"},\"datePublished\":\"2019-03-13T12:56:00+00:00\",\"dateModified\":\"2020-01-20T10:03:57+00:00\",\"breadcrumb\":{\"@id\":\"https:\/\/www.plusvillas.es\/fr\/calpe\/#breadcrumb\"},\"inLanguage\":\"fr-FR\",\"potentialAction\":[{\"@type\":\"ReadAction\",\"target\":[\"https:\/\/www.plusvillas.es\/fr\/calpe\/\"]}]},{\"@type\":\"BreadcrumbList\",\"@id\":\"https:\/\/www.plusvillas.es\/fr\/calpe\/#breadcrumb\",\"itemListElement\":[{\"@type\":\"ListItem\",\"position\":1,\"name\":\"Portada\",\"item\":\"https:\/\/www.plusvillas.es\/fr\/\"},{\"@type\":\"ListItem\",\"position\":2,\"name\":\"Calpe\"}]},{\"@type\":\"WebSite\",\"@id\":\"https:\/\/www.plusvillas.es\/fr\/#website\",\"url\":\"https:\/\/www.plusvillas.es\/fr\/\",\"name\":\"Plusvillas\",\"description\":\"Venta de inmuebles en la Costa Blanca\",\"potentialAction\":[{\"@type\":\"SearchAction\",\"target\":{\"@type\":\"EntryPoint\",\"urlTemplate\":\"https:\/\/www.plusvillas.es\/fr\/?s={search_term_string}\"},\"query-input\":\"required name=search_term_string\"}],\"inLanguage\":\"fr-FR\"}]}<\/script>\n<!-- \/ Yoast SEO plugin. -->","yoast_head_json":{"title":"Calpe - Plusvillas","robots":{"index":"index","follow":"follow","max-snippet":"max-snippet:-1","max-image-preview":"max-image-preview:large","max-video-preview":"max-video-preview:-1"},"canonical":"https:\/\/www.plusvillas.es\/fr\/calpe\/","og_locale":"fr_FR","og_type":"article","og_title":"Calpe - Plusvillas","og_description":"[vc_row][vc_column][vc_images_carousel images=&#8221;26525,26533,26534,26535&#8243; img_size=&#8221;full&#8221; autoplay=&#8221;yes&#8221; wrap=&#8221;yes&#8221;][vc_column_text]Calpe est un lieu singulier qui se trouve sur la c\u00f4te au nord de la province d&#8217;Alicante et elle est couronn\u00e9e par le Rocher d&#8217;Ifach, d&#8217;une incroyable beaut\u00e9 et de plus de 300 m\u00e8tres de hauteur. Elle est sans doute, tout un symbole de la Costa blanca. L&#8217;une des motivations pour faire du tourisme dans cette ville est de pouvoir ...","og_url":"https:\/\/www.plusvillas.es\/fr\/calpe\/","og_site_name":"Plusvillas","article_modified_time":"2020-01-20T10:03:57+00:00","twitter_card":"summary_large_image","twitter_misc":{"Dur\u00e9e de lecture estim\u00e9e":"3 minutes"},"schema":{"@context":"https:\/\/schema.org","@graph":[{"@type":"WebPage","@id":"https:\/\/www.plusvillas.es\/fr\/calpe\/","url":"https:\/\/www.plusvillas.es\/fr\/calpe\/","name":"Calpe - Plusvillas","isPartOf":{"@id":"https:\/\/www.plusvillas.es\/fr\/#website"},"datePublished":"2019-03-13T12:56:00+00:00","dateModified":"2020-01-20T10:03:57+00:00","breadcrumb":{"@id":"https:\/\/www.plusvillas.es\/fr\/calpe\/#breadcrumb"},"inLanguage":"fr-FR","potentialAction":[{"@type":"ReadAction","target":["https:\/\/www.plusvillas.es\/fr\/calpe\/"]}]},{"@type":"BreadcrumbList","@id":"https:\/\/www.plusvillas.es\/fr\/calpe\/#breadcrumb","itemListElement":[{"@type":"ListItem","position":1,"name":"Portada","item":"https:\/\/www.plusvillas.es\/fr\/"},{"@type":"ListItem","position":2,"name":"Calpe"}]},{"@type":"WebSite","@id":"https:\/\/www.plusvillas.es\/fr\/#website","url":"https:\/\/www.plusvillas.es\/fr\/","name":"Plusvillas","description":"Venta de inmuebles en la Costa Blanca","potentialAction":[{"@type":"SearchAction","target":{"@type":"EntryPoint","urlTemplate":"https:\/\/www.plusvillas.es\/fr\/?s={search_term_string}"},"query-input":"required name=search_term_string"}],"inLanguage":"fr-FR"}]}},"_links":{"self":[{"href":"https:\/\/www.plusvillas.es\/fr\/wp-json\/wp\/v2\/pages\/26524"}],"collection":[{"href":"https:\/\/www.plusvillas.es\/fr\/wp-json\/wp\/v2\/pages"}],"about":[{"href":"https:\/\/www.plusvillas.es\/fr\/wp-json\/wp\/v2\/types\/page"}],"author":[{"embeddable":true,"href":"https:\/\/www.plusvillas.es\/fr\/wp-json\/wp\/v2\/users\/5"}],"replies":[{"embeddable":true,"href":"https:\/\/www.plusvillas.es\/fr\/wp-json\/wp\/v2\/comments?post=26524"}],"version-history":[{"count":0,"href":"https:\/\/www.plusvillas.es\/fr\/wp-json\/wp\/v2\/pages\/26524\/revisions"}],"wp:attachment":[{"href":"https:\/\/www.plusvillas.es\/fr\/wp-json\/wp\/v2\/media?parent=26524"}],"curies":[{"name":"wp","href":"https:\/\/api.w.org\/{rel}","templated":true}]}}