    {"id":26583,"date":"2019-03-13T18:05:26","date_gmt":"2019-03-13T18:05:26","guid":{"rendered":"https:\/\/www.plusvillas.es\/benissa\/"},"modified":"2020-01-20T10:27:18","modified_gmt":"2020-01-20T10:27:18","slug":"benissa","status":"publish","type":"page","link":"https:\/\/www.plusvillas.es\/fr\/benissa\/","title":{"rendered":"Benissa"},"content":{"rendered":"<p>[vc_row][vc_column]<div id=\"ultimate-heading-9169e4e4f52a516\" class=\"uvc-heading ult-adjust-bottom-margin ultimate-heading-9169e4e4f52a516 uvc-9973 \" data-hspacer=\"no_spacer\"  data-halign=\"left\" style=\"text-align:left\"><div class=\"uvc-heading-spacer no_spacer\" style=\"top\"><\/div><div class=\"uvc-main-heading ult-responsive\"  data-ultimate-target='.uvc-heading.ultimate-heading-9169e4e4f52a516 h2'  data-responsive-json-new='{\"font-size\":\"\",\"line-height\":\"\"}' ><h2 style=\"font-weight:bold;color:#c31a1f;margin-bottom:-10px;\">BENISSA<\/h2><\/div><div class=\"uvc-sub-heading ult-responsive\"  data-ultimate-target='.uvc-heading.ultimate-heading-9169e4e4f52a516 .uvc-sub-heading '  data-responsive-json-new='{\"font-size\":\"\",\"line-height\":\"\"}'  style=\"font-weight:bold;\"><\/p>\n<h1 class=\"haya-header-h2\">Mer et montagne<\/h1>\n<p><\/div><\/div>[vc_images_carousel images=&#8221;26597,19507,26598&#8243; img_size=&#8221;full&#8221; autoplay=&#8221;yes&#8221; wrap=&#8221;yes&#8221;][vc_column_text]<strong>Benissa<\/strong> est une localit\u00e9 d&#8217;Alicante qui a 4 kilom\u00e8tres de c\u00f4te et qui en font une destination id\u00e9ale pour r\u00e9ussir la communion avec la mer. C&#8217;est la raison pour laquelle, il faut absolument que vous en profitiez r\u00e9ellement, en ne pensant qu&#8217;au repos, \u00e0 aller \u00e0 la plage et dans des endroits de loisir en oubliant la gestion de vos vacances. Pour r\u00e9ussir cet objectif, Plusholidays s\u2019av\u00e8re la meilleure option.<\/p>\n<p>Nous nous r\u00e9jouissons de proposer cette destination touristique car c&#8217;est l&#8217;une des p\u00e9pites de la Costa Blanca. Cela s&#8217;explique par de nombreux \u00e9l\u00e9ments, dont notamment :<\/p>\n<p>Les plages : comme dans toutes les plages de la costa Blanca, vous ne pourrez pas leur trouver de d\u00e9fauts et c&#8217;est l&#8217;une des principales attractions touristiques de Benissa. En g\u00e9n\u00e9ral, le principal probl\u00e8me des plages de qualit\u00e9 est qu&#8217;elles sont bond\u00e9es, mais, en r\u00e8gle g\u00e9n\u00e9rale, vous n&#8217;aurez pas ce probl\u00e8me \u00e0 Benissa.<br \/>\nLes sports nautiques : une grande opportunit\u00e9 pour la pratique de ces sports que malheureusement, nous ne pourrons pratiquer qu&#8217;en \u00e9t\u00e9. Benissa propose une grande diversit\u00e9 de sports nautiques, mais nous recommandons personnellement la pratique de la plong\u00e9e compte tenu de la richesse de sa flore et de la faune marine. Par exemple, les \u00e9toiles de mer enchantent toujours les plus petits.<br \/>\nLa localit\u00e9 elle-m\u00eame : la localit\u00e9 a un style architectural m\u00e9di\u00e9val qui vous donnera l&#8217;impression d&#8217;\u00eatre d&#8217;\u00eatre une autre \u00e9poque. Son charme est m\u00e9di\u00e9val. De plus, elle pr\u00e9sente une incroyable diversit\u00e9 culturelle y compris autochtone.<br \/>\nNos r\u00e9sidences de luxe \u00e0 Benissa ont une qualit\u00e9 qui vous permettront de bien vous reposer et de pouvoir profiter ainsi de la v\u00e9rit\u00e9 d&#8217;une exp\u00e9rience de vacances inoubliables, m\u00eame si notre produit phare sont les villas \u00e0 Benissa.<\/p>\n<h2>Les plages de Benissa<\/h2>\n<p>Comme nous vous l&#8217;avions dit, l&#8217;un des attraits principaux de cette localit\u00e9 sont ses plages, o\u00f9 vous profiterez d&#8217;une nouvelle fa\u00e7on de profiter du soleil et de la M\u00e9diterran\u00e9e.<\/p>\n<p>La baie de les Bassetes offre des vues imprenables sur le Rocher d&#8217;Ifach, qui est le grand symbole de la Costa blanca. Cette baie est la limite entre Benissa et Calpe et vous y trouverez un club nautique portant le m\u00eame nom.<\/p>\n<p>La baie porte la distinction de drapeau bleu, c&#8217;est donc une plage r\u00e9ellement propre et elle propose \u00e9galement une s\u00e9rie d&#8217;activit\u00e9s comme la plong\u00e9e sous-marine, la randonn\u00e9e, la plong\u00e9e avec tuba, le surf et la voile qui vous permettront d&#8217;oublier le stress du travail pour vous lancer dans un divertissement sans limites. Ces sports nautiques sont g\u00e9n\u00e9ralement tr\u00e8s appr\u00e9ci\u00e9s par les petits, ils sont donc une bonne fa\u00e7on de leur faire perdre la peur de nager et de la mer. La plage pr\u00e9sente de bons acc\u00e8s, vous n&#8217;aurez donc pas de probl\u00e8mes de parking puisque vous aurez votre propre parking.<\/p>\n<p>La plage de la Fustera est une plage de sable fin qui vous para\u00eetra inoubliable. Elle a \u00e9galement de grandes \u00e9tendues de posidonies. Elle arbore \u00e9galement la distinction de drapeau bleu, le prix Eco plages et les diff\u00e9rentes certifications qui font valoir leur grande qualit\u00e9. Vous trouverez plusieurs guinguettes sur la plage qui vous permettront d&#8217;appr\u00e9cier l&#8217;exp\u00e9rience gastronomique locale.<\/p>\n<h2>Les f\u00eates de Benissa<\/h2>\n<p>La principale f\u00eate est celle de la Pur\u00edsima Xiqueta, que l&#8217;on c\u00e9l\u00e8bre le quatri\u00e8me dimanche du mois d&#8217;avril et qui dure 10 jours. Elle rend la zone tr\u00e8s dynamique \u00e0 cette \u00e9poque et des gens de toutes part y affluent, vous pourrez donc d\u00e9couvrir tout genre de personnes. Des concerts gratuits y sont organis\u00e9s, ainsi que des \u00e9v\u00e8nements taurins et la descente et mont\u00e9e de la vierge qui est c\u00e9l\u00e8bre localement.<\/p>\n<p>Les f\u00eates des Maures et des chr\u00e9tiens sont \u00e9galement remarquables, mais aussi le salon Porrat qui est organis\u00e9 en l&#8217;honneur de Saint-Antoine.<\/p>\n<p>En ce qui concerne les autres activit\u00e9s de loisir, il convient de signaler qu&#8217;il est possible de r\u00e9aliser de nombreuses activit\u00e9s li\u00e9es \u00e0 l&#8217;art, comme par exemple, des expositions sur l&#8217;art local.<\/p>\n<p>Il est possible de r\u00e9aliser aussi bien des activit\u00e9s familiales que d&#8217;autres con\u00e7ues pour les couples ou les c\u00e9libataires. En ce qui concerne les activit\u00e9s familiales, mise \u00e0 part l&#8217;activit\u00e9 typique d&#8217;aller \u00e0 la plage, il est possible de se rendre \u00e0 des parcs pour enfants. Il y a de nombreux espaces verts et plusieurs itin\u00e9raires que les enfants peuvent r\u00e9aliser.<\/p>\n<p>PEn ce qui concerne les couples ou les c\u00e9libataires, il existe de nombreux endroits pour prendre un verre, il y a aussi des guinguettes sur la plage, des cyber-caf\u00e9s et une multitude d&#8217;activit\u00e9s culturelles qui ne conviennent pas aux enfants mais dont les adultes sauront profiter.[\/vc_column_text][\/vc_column][\/vc_row]<\/p>\n","protected":false},"excerpt":{"rendered":"<p>[vc_row][vc_column][vc_images_carousel images=&#8221;26597,19507,26598&#8243; img_size=&#8221;full&#8221; autoplay=&#8221;yes&#8221; wrap=&#8221;yes&#8221;][vc_column_text]Benissa est une localit\u00e9 d&#8217;Alicante qui a 4 kilom\u00e8tres de c\u00f4te et qui en font une destination id\u00e9ale pour r\u00e9ussir la communion avec la mer. C&#8217;est la raison pour laquelle, il faut absolument que vous en profitiez r\u00e9ellement, en ne pensant qu&#8217;au repos, \u00e0 aller \u00e0 la plage et dans des endroits de loisir en oubliant la gestion de vos &#8230;<\/p>\n","protected":false},"author":5,"featured_media":0,"parent":0,"menu_order":0,"comment_status":"closed","ping_status":"closed","template":"","meta":{"footnotes":"","_vp_format_video_url":"","_vp_image_focal_point":[],"_joinchat":[]},"yoast_head":"<!-- This site is optimized with the Yoast SEO plugin v21.6 - https:\/\/yoast.com\/wordpress\/plugins\/seo\/ -->\n<title>Benissa - Plusvillas<\/title>\n<meta name=\"robots\" content=\"index, follow, max-snippet:-1, max-image-preview:large, max-video-preview:-1\" \/>\n<link rel=\"canonical\" href=\"https:\/\/www.plusvillas.es\/fr\/benissa\/\" \/>\n<meta property=\"og:locale\" content=\"fr_FR\" \/>\n<meta property=\"og:type\" content=\"article\" \/>\n<meta property=\"og:title\" content=\"Benissa - Plusvillas\" \/>\n<meta property=\"og:description\" content=\"[vc_row][vc_column][vc_images_carousel images=&#8221;26597,19507,26598&#8243; img_size=&#8221;full&#8221; autoplay=&#8221;yes&#8221; wrap=&#8221;yes&#8221;][vc_column_text]Benissa est une localit\u00e9 d&#8217;Alicante qui a 4 kilom\u00e8tres de c\u00f4te et qui en font une destination id\u00e9ale pour r\u00e9ussir la communion avec la mer. C&#8217;est la raison pour laquelle, il faut absolument que vous en profitiez r\u00e9ellement, en ne pensant qu&#8217;au repos, \u00e0 aller \u00e0 la plage et dans des endroits de loisir en oubliant la gestion de vos ...\" \/>\n<meta property=\"og:url\" content=\"https:\/\/www.plusvillas.es\/fr\/benissa\/\" \/>\n<meta property=\"og:site_name\" content=\"Plusvillas\" \/>\n<meta property=\"article:modified_time\" content=\"2020-01-20T10:27:18+00:00\" \/>\n<meta name=\"twitter:card\" content=\"summary_large_image\" \/>\n<meta name=\"twitter:label1\" content=\"Dur\u00e9e de lecture estim\u00e9e\" \/>\n\t<meta name=\"twitter:data1\" content=\"4 minutes\" \/>\n<script type=\"application\/ld+json\" class=\"yoast-schema-graph\">{\"@context\":\"https:\/\/schema.org\",\"@graph\":[{\"@type\":\"WebPage\",\"@id\":\"https:\/\/www.plusvillas.es\/fr\/benissa\/\",\"url\":\"https:\/\/www.plusvillas.es\/fr\/benissa\/\",\"name\":\"Benissa - Plusvillas\",\"isPartOf\":{\"@id\":\"https:\/\/www.plusvillas.es\/fr\/#website\"},\"datePublished\":\"2019-03-13T18:05:26+00:00\",\"dateModified\":\"2020-01-20T10:27:18+00:00\",\"breadcrumb\":{\"@id\":\"https:\/\/www.plusvillas.es\/fr\/benissa\/#breadcrumb\"},\"inLanguage\":\"fr-FR\",\"potentialAction\":[{\"@type\":\"ReadAction\",\"target\":[\"https:\/\/www.plusvillas.es\/fr\/benissa\/\"]}]},{\"@type\":\"BreadcrumbList\",\"@id\":\"https:\/\/www.plusvillas.es\/fr\/benissa\/#breadcrumb\",\"itemListElement\":[{\"@type\":\"ListItem\",\"position\":1,\"name\":\"Portada\",\"item\":\"https:\/\/www.plusvillas.es\/fr\/\"},{\"@type\":\"ListItem\",\"position\":2,\"name\":\"Benissa\"}]},{\"@type\":\"WebSite\",\"@id\":\"https:\/\/www.plusvillas.es\/fr\/#website\",\"url\":\"https:\/\/www.plusvillas.es\/fr\/\",\"name\":\"Plusvillas\",\"description\":\"Venta de inmuebles en la Costa Blanca\",\"potentialAction\":[{\"@type\":\"SearchAction\",\"target\":{\"@type\":\"EntryPoint\",\"urlTemplate\":\"https:\/\/www.plusvillas.es\/fr\/?s={search_term_string}\"},\"query-input\":\"required name=search_term_string\"}],\"inLanguage\":\"fr-FR\"}]}<\/script>\n<!-- \/ Yoast SEO plugin. -->","yoast_head_json":{"title":"Benissa - Plusvillas","robots":{"index":"index","follow":"follow","max-snippet":"max-snippet:-1","max-image-preview":"max-image-preview:large","max-video-preview":"max-video-preview:-1"},"canonical":"https:\/\/www.plusvillas.es\/fr\/benissa\/","og_locale":"fr_FR","og_type":"article","og_title":"Benissa - Plusvillas","og_description":"[vc_row][vc_column][vc_images_carousel images=&#8221;26597,19507,26598&#8243; img_size=&#8221;full&#8221; autoplay=&#8221;yes&#8221; wrap=&#8221;yes&#8221;][vc_column_text]Benissa est une localit\u00e9 d&#8217;Alicante qui a 4 kilom\u00e8tres de c\u00f4te et qui en font une destination id\u00e9ale pour r\u00e9ussir la communion avec la mer. C&#8217;est la raison pour laquelle, il faut absolument que vous en profitiez r\u00e9ellement, en ne pensant qu&#8217;au repos, \u00e0 aller \u00e0 la plage et dans des endroits de loisir en oubliant la gestion de vos ...","og_url":"https:\/\/www.plusvillas.es\/fr\/benissa\/","og_site_name":"Plusvillas","article_modified_time":"2020-01-20T10:27:18+00:00","twitter_card":"summary_large_image","twitter_misc":{"Dur\u00e9e de lecture estim\u00e9e":"4 minutes"},"schema":{"@context":"https:\/\/schema.org","@graph":[{"@type":"WebPage","@id":"https:\/\/www.plusvillas.es\/fr\/benissa\/","url":"https:\/\/www.plusvillas.es\/fr\/benissa\/","name":"Benissa - Plusvillas","isPartOf":{"@id":"https:\/\/www.plusvillas.es\/fr\/#website"},"datePublished":"2019-03-13T18:05:26+00:00","dateModified":"2020-01-20T10:27:18+00:00","breadcrumb":{"@id":"https:\/\/www.plusvillas.es\/fr\/benissa\/#breadcrumb"},"inLanguage":"fr-FR","potentialAction":[{"@type":"ReadAction","target":["https:\/\/www.plusvillas.es\/fr\/benissa\/"]}]},{"@type":"BreadcrumbList","@id":"https:\/\/www.plusvillas.es\/fr\/benissa\/#breadcrumb","itemListElement":[{"@type":"ListItem","position":1,"name":"Portada","item":"https:\/\/www.plusvillas.es\/fr\/"},{"@type":"ListItem","position":2,"name":"Benissa"}]},{"@type":"WebSite","@id":"https:\/\/www.plusvillas.es\/fr\/#website","url":"https:\/\/www.plusvillas.es\/fr\/","name":"Plusvillas","description":"Venta de inmuebles en la Costa Blanca","potentialAction":[{"@type":"SearchAction","target":{"@type":"EntryPoint","urlTemplate":"https:\/\/www.plusvillas.es\/fr\/?s={search_term_string}"},"query-input":"required name=search_term_string"}],"inLanguage":"fr-FR"}]}},"_links":{"self":[{"href":"https:\/\/www.plusvillas.es\/fr\/wp-json\/wp\/v2\/pages\/26583"}],"collection":[{"href":"https:\/\/www.plusvillas.es\/fr\/wp-json\/wp\/v2\/pages"}],"about":[{"href":"https:\/\/www.plusvillas.es\/fr\/wp-json\/wp\/v2\/types\/page"}],"author":[{"embeddable":true,"href":"https:\/\/www.plusvillas.es\/fr\/wp-json\/wp\/v2\/users\/5"}],"replies":[{"embeddable":true,"href":"https:\/\/www.plusvillas.es\/fr\/wp-json\/wp\/v2\/comments?post=26583"}],"version-history":[{"count":0,"href":"https:\/\/www.plusvillas.es\/fr\/wp-json\/wp\/v2\/pages\/26583\/revisions"}],"wp:attachment":[{"href":"https:\/\/www.plusvillas.es\/fr\/wp-json\/wp\/v2\/media?parent=26583"}],"curies":[{"name":"wp","href":"https:\/\/api.w.org\/{rel}","templated":true}]}}