    {"id":26639,"date":"2019-07-04T11:32:33","date_gmt":"2019-07-04T11:32:33","guid":{"rendered":"https:\/\/www.plusvillas.es\/javea\/"},"modified":"2020-01-20T11:07:01","modified_gmt":"2020-01-20T11:07:01","slug":"javea","status":"publish","type":"page","link":"https:\/\/www.plusvillas.es\/fr\/javea\/","title":{"rendered":"J\u00e1vea"},"content":{"rendered":"<p>[vc_row][vc_column]<div id=\"ultimate-heading-453269f20a9e1a18f\" class=\"uvc-heading ult-adjust-bottom-margin ultimate-heading-453269f20a9e1a18f uvc-7455 \" data-hspacer=\"no_spacer\"  data-halign=\"left\" style=\"text-align:left\"><div class=\"uvc-heading-spacer no_spacer\" style=\"top\"><\/div><div class=\"uvc-main-heading ult-responsive\"  data-ultimate-target='.uvc-heading.ultimate-heading-453269f20a9e1a18f h2'  data-responsive-json-new='{\"font-size\":\"\",\"line-height\":\"\"}' ><h2 style=\"font-weight:bold;color:#c31a1f;margin-bottom:-10px;\">J\u00c1VEA<\/h2><\/div><div class=\"uvc-sub-heading ult-responsive\"  data-ultimate-target='.uvc-heading.ultimate-heading-453269f20a9e1a18f .uvc-sub-heading '  data-responsive-json-new='{\"font-size\":\"\",\"line-height\":\"\"}'  style=\"font-weight:bold;\"><br \/>\n<\/div><\/div>[vc_images_carousel images=&#8221;26640,26646&#8243; img_size=&#8221;full&#8221; autoplay=&#8221;yes&#8221; wrap=&#8221;yes&#8221;][vc_column_text]Javea est une commune de Valence situ\u00e9e \u00e0 Alicante, dans la Marina Alta avec une population de quelques 27 000 habitants, qui se distingue par la beaut\u00e9 du site naturel dans lequel elle se trouve. C&#8217;est la raison pour laquelle, elle est l&#8217;une des meilleures options de la Costa Blanca pour passer les vacances.<\/p>\n<p>En ce qui concerne l&#8217;\u00e9conomie de la ville, il faut tenir compte de la pr\u00e9dominance du tourisme, c&#8217;est donc une ville tr\u00e8s encline \u00e0 recevoir des touristes et elle les accueille avec une grande qualit\u00e9. De plus, la forte activit\u00e9 agricole et d&#8217;\u00e9levage donne un certain charme \u00e0 la r\u00e9gion. Enfin, il convient de signaler la forte industrie locale tourn\u00e9e vers la p\u00eache, car la ville dispose de sa propre halle aux poissons et d&#8217;une grande tradition marini\u00e8re.<\/p>\n<p>Cependant, comme nous le disions, le tourisme est ce qui anime l&#8217;\u00e9conomie locale mais aussi la construction, ce dernier secteur essayant de s&#8217;adapter aux exigences du secteur du tourisme pour qu&#8217;il y ait assez de maison ou de r\u00e9sidences \u00e0 louer en vacances.<\/p>\n<p>J\u00e1vea, comme nous le disions, est une ville empreinte de charme et forte d&#8217;une grande personnalit\u00e9. C&#8217;est la raison pour laquelle elle vous charmera probablement.<\/p>\n<p>Il faut tenir compte que la plage n&#8217;est pas le seul \u00e9l\u00e9ment naturel pr\u00e9sent, puisqu&#8217;on y trouve une zone montagneuse et notamment le mont Montg\u00f3 d&#8217;une hauteur de plus de 750 m\u00e8tres. De nombreuses personnes pensent que la Costa Blanca ne sont pas que de grandes plages de sables, J\u00e1vea est bien plus que cela. D&#8217;ailleurs, Sorolla affirmait que c&#8217;\u00e9tait l&#8217;une des meilleures zones d&#8217;Espagne pour peindre car ses paysages sont terriblement source d&#8217;inspiration. La beaut\u00e9 est sans doute l&#8217;une des plus grandes d&#8217;Espagne.<\/p>\n<p>Cependant, si vous cherchez surtout la plage, vous trouverez la Cala Blanca, La Barraca, la Cala Granadella et la Cala Ambolo, qui ne sont pas des criques difficiles d&#8217;acc\u00e8s.<\/p>\n<p>Le centre historique est tr\u00e8s joli. Avec son style m\u00e9di\u00e9val, ses rues pav\u00e9es et les maisons (petites) en pierre, il d\u00e9gage une ambiance tr\u00e8s typique de la M\u00e9diterran\u00e9e. L&#8217;\u00c9glise-forteresse de San Bartolom\u00e9, m\u00eame si c&#8217;est une \u00e9glise, est une forteresse de l&#8217;ext\u00e9rieur, ce qui pr\u00e9sente une association tr\u00e8s curieuse et digne d\u2019\u00eatre observ\u00e9e.<\/p>\n<h2>Les plages de J\u00e1vea<\/h2>\n<p>La Cala Blanca est l&#8217;une des meilleures criques locales, qui se compose de deux criques contig\u00fces de gravier et de roche. Il est tr\u00e8s facile d&#8217;y acc\u00e9der et vous y arriverez tr\u00e8s rapidement.<\/p>\n<p>La Barraca est une autre crique de gravier et elle donne sur une \u00eele magnifique. C&#8217;est l&#8217;un des meilleurs endroits pour r\u00e9aliser de la plong\u00e9e sous-marine et il est tr\u00e8s facile d&#8217;y acc\u00e9der depuis le belv\u00e9d\u00e8re de la Croix del Portitxol. Cependant, si vous ne souhaitez pas vous promener, vous pouvez aussi vous y rendre en voiture.<\/p>\n<p>Les eaux de la Crique de Granadella sont turquoises et elles sont id\u00e9ales pour la pratique de la plong\u00e9e sous-marine. C&#8217;est l&#8217;une des criques pr\u00e9f\u00e9r\u00e9es des habitants de J\u00e1vea et une des plus connues de la Costa Blanca. En revanche, du fait de son acc\u00e8s facile et d&#8217;\u00eatre l&#8217;une des meilleures, il est plus difficile d\u2019y trouver une place en \u00e9t\u00e9.<\/p>\n<p>La Crique Ambolo est la meilleure de J\u00e1vea, notamment \u00e0 cause de la couleur de ses eaux qui sont spectaculaires. Peu fr\u00e9quent\u00e9e, elle est id\u00e9ale pour s&#8217;allonger et profiter de la brise marine.<\/p>\n<h2>Les f\u00eates de J\u00e1vea<\/h2>\n<p>En ce qui concerne les festivit\u00e9s, il y a du choix comme celle de San Ant\u00f3n, le carnaval (qui est tr\u00e8s r\u00e9cent mais tr\u00e8s surprenant), la Pascua qui correspond \u00e0 la passion et \u00e0 la mort de J\u00e9sus et les festivit\u00e9s de San Vicente Ferrer, qui est le patron de la Communaut\u00e9 de Valence. La mont\u00e9e de J\u00e9sus de Nazareth (qui est le patron de J\u00e1vea et \u00e0 l\u2019honneur lors des f\u00eates patronales du village) est tr\u00e8s r\u00e9put\u00e9e dans la zone, elle est donc tr\u00e8s recommandable.<\/p>\n<p>Les feux de Saint-Jean et les festivit\u00e9s des Maures et des chr\u00e9tiens sont traditionnels. La plus surprenante de toute est l&#8217;\u00e9chiquier vivant que l&#8217;on c\u00e9l\u00e8bre au port de J\u00e1vea, qui est une repr\u00e9sentation pour enfants.[\/vc_column_text][\/vc_column][\/vc_row]<\/p>\n","protected":false},"excerpt":{"rendered":"<p>[vc_row][vc_column][vc_images_carousel images=&#8221;26640,26646&#8243; img_size=&#8221;full&#8221; autoplay=&#8221;yes&#8221; wrap=&#8221;yes&#8221;][vc_column_text]Javea est une commune de Valence situ\u00e9e \u00e0 Alicante, dans la Marina Alta avec une population de quelques 27 000 habitants, qui se distingue par la beaut\u00e9 du site naturel dans lequel elle se trouve. C&#8217;est la raison pour laquelle, elle est l&#8217;une des meilleures options de la Costa Blanca pour passer les vacances. En ce qui concerne l&#8217;\u00e9conomie de &#8230;<\/p>\n","protected":false},"author":5,"featured_media":0,"parent":0,"menu_order":0,"comment_status":"closed","ping_status":"closed","template":"","meta":{"footnotes":"","_vp_format_video_url":"","_vp_image_focal_point":[],"_joinchat":[]},"yoast_head":"<!-- This site is optimized with the Yoast SEO plugin v21.6 - https:\/\/yoast.com\/wordpress\/plugins\/seo\/ -->\n<title>J\u00e1vea - Plusvillas<\/title>\n<meta name=\"robots\" content=\"index, follow, max-snippet:-1, max-image-preview:large, max-video-preview:-1\" \/>\n<link rel=\"canonical\" href=\"https:\/\/www.plusvillas.es\/fr\/javea\/\" \/>\n<meta property=\"og:locale\" content=\"fr_FR\" \/>\n<meta property=\"og:type\" content=\"article\" \/>\n<meta property=\"og:title\" content=\"J\u00e1vea - Plusvillas\" \/>\n<meta property=\"og:description\" content=\"[vc_row][vc_column][vc_images_carousel images=&#8221;26640,26646&#8243; img_size=&#8221;full&#8221; autoplay=&#8221;yes&#8221; wrap=&#8221;yes&#8221;][vc_column_text]Javea est une commune de Valence situ\u00e9e \u00e0 Alicante, dans la Marina Alta avec une population de quelques 27 000 habitants, qui se distingue par la beaut\u00e9 du site naturel dans lequel elle se trouve. C&#8217;est la raison pour laquelle, elle est l&#8217;une des meilleures options de la Costa Blanca pour passer les vacances. En ce qui concerne l&#8217;\u00e9conomie de ...\" \/>\n<meta property=\"og:url\" content=\"https:\/\/www.plusvillas.es\/fr\/javea\/\" \/>\n<meta property=\"og:site_name\" content=\"Plusvillas\" \/>\n<meta property=\"article:modified_time\" content=\"2020-01-20T11:07:01+00:00\" \/>\n<meta name=\"twitter:card\" content=\"summary_large_image\" \/>\n<meta name=\"twitter:label1\" content=\"Dur\u00e9e de lecture estim\u00e9e\" \/>\n\t<meta name=\"twitter:data1\" content=\"4 minutes\" \/>\n<script type=\"application\/ld+json\" class=\"yoast-schema-graph\">{\"@context\":\"https:\/\/schema.org\",\"@graph\":[{\"@type\":\"WebPage\",\"@id\":\"https:\/\/www.plusvillas.es\/fr\/javea\/\",\"url\":\"https:\/\/www.plusvillas.es\/fr\/javea\/\",\"name\":\"J\u00e1vea - Plusvillas\",\"isPartOf\":{\"@id\":\"https:\/\/www.plusvillas.es\/fr\/#website\"},\"datePublished\":\"2019-07-04T11:32:33+00:00\",\"dateModified\":\"2020-01-20T11:07:01+00:00\",\"breadcrumb\":{\"@id\":\"https:\/\/www.plusvillas.es\/fr\/javea\/#breadcrumb\"},\"inLanguage\":\"fr-FR\",\"potentialAction\":[{\"@type\":\"ReadAction\",\"target\":[\"https:\/\/www.plusvillas.es\/fr\/javea\/\"]}]},{\"@type\":\"BreadcrumbList\",\"@id\":\"https:\/\/www.plusvillas.es\/fr\/javea\/#breadcrumb\",\"itemListElement\":[{\"@type\":\"ListItem\",\"position\":1,\"name\":\"Portada\",\"item\":\"https:\/\/www.plusvillas.es\/fr\/\"},{\"@type\":\"ListItem\",\"position\":2,\"name\":\"J\u00e1vea\"}]},{\"@type\":\"WebSite\",\"@id\":\"https:\/\/www.plusvillas.es\/fr\/#website\",\"url\":\"https:\/\/www.plusvillas.es\/fr\/\",\"name\":\"Plusvillas\",\"description\":\"Venta de inmuebles en la Costa Blanca\",\"potentialAction\":[{\"@type\":\"SearchAction\",\"target\":{\"@type\":\"EntryPoint\",\"urlTemplate\":\"https:\/\/www.plusvillas.es\/fr\/?s={search_term_string}\"},\"query-input\":\"required name=search_term_string\"}],\"inLanguage\":\"fr-FR\"}]}<\/script>\n<!-- \/ Yoast SEO plugin. -->","yoast_head_json":{"title":"J\u00e1vea - Plusvillas","robots":{"index":"index","follow":"follow","max-snippet":"max-snippet:-1","max-image-preview":"max-image-preview:large","max-video-preview":"max-video-preview:-1"},"canonical":"https:\/\/www.plusvillas.es\/fr\/javea\/","og_locale":"fr_FR","og_type":"article","og_title":"J\u00e1vea - Plusvillas","og_description":"[vc_row][vc_column][vc_images_carousel images=&#8221;26640,26646&#8243; img_size=&#8221;full&#8221; autoplay=&#8221;yes&#8221; wrap=&#8221;yes&#8221;][vc_column_text]Javea est une commune de Valence situ\u00e9e \u00e0 Alicante, dans la Marina Alta avec une population de quelques 27 000 habitants, qui se distingue par la beaut\u00e9 du site naturel dans lequel elle se trouve. C&#8217;est la raison pour laquelle, elle est l&#8217;une des meilleures options de la Costa Blanca pour passer les vacances. En ce qui concerne l&#8217;\u00e9conomie de ...","og_url":"https:\/\/www.plusvillas.es\/fr\/javea\/","og_site_name":"Plusvillas","article_modified_time":"2020-01-20T11:07:01+00:00","twitter_card":"summary_large_image","twitter_misc":{"Dur\u00e9e de lecture estim\u00e9e":"4 minutes"},"schema":{"@context":"https:\/\/schema.org","@graph":[{"@type":"WebPage","@id":"https:\/\/www.plusvillas.es\/fr\/javea\/","url":"https:\/\/www.plusvillas.es\/fr\/javea\/","name":"J\u00e1vea - Plusvillas","isPartOf":{"@id":"https:\/\/www.plusvillas.es\/fr\/#website"},"datePublished":"2019-07-04T11:32:33+00:00","dateModified":"2020-01-20T11:07:01+00:00","breadcrumb":{"@id":"https:\/\/www.plusvillas.es\/fr\/javea\/#breadcrumb"},"inLanguage":"fr-FR","potentialAction":[{"@type":"ReadAction","target":["https:\/\/www.plusvillas.es\/fr\/javea\/"]}]},{"@type":"BreadcrumbList","@id":"https:\/\/www.plusvillas.es\/fr\/javea\/#breadcrumb","itemListElement":[{"@type":"ListItem","position":1,"name":"Portada","item":"https:\/\/www.plusvillas.es\/fr\/"},{"@type":"ListItem","position":2,"name":"J\u00e1vea"}]},{"@type":"WebSite","@id":"https:\/\/www.plusvillas.es\/fr\/#website","url":"https:\/\/www.plusvillas.es\/fr\/","name":"Plusvillas","description":"Venta de inmuebles en la Costa Blanca","potentialAction":[{"@type":"SearchAction","target":{"@type":"EntryPoint","urlTemplate":"https:\/\/www.plusvillas.es\/fr\/?s={search_term_string}"},"query-input":"required name=search_term_string"}],"inLanguage":"fr-FR"}]}},"_links":{"self":[{"href":"https:\/\/www.plusvillas.es\/fr\/wp-json\/wp\/v2\/pages\/26639"}],"collection":[{"href":"https:\/\/www.plusvillas.es\/fr\/wp-json\/wp\/v2\/pages"}],"about":[{"href":"https:\/\/www.plusvillas.es\/fr\/wp-json\/wp\/v2\/types\/page"}],"author":[{"embeddable":true,"href":"https:\/\/www.plusvillas.es\/fr\/wp-json\/wp\/v2\/users\/5"}],"replies":[{"embeddable":true,"href":"https:\/\/www.plusvillas.es\/fr\/wp-json\/wp\/v2\/comments?post=26639"}],"version-history":[{"count":0,"href":"https:\/\/www.plusvillas.es\/fr\/wp-json\/wp\/v2\/pages\/26639\/revisions"}],"wp:attachment":[{"href":"https:\/\/www.plusvillas.es\/fr\/wp-json\/wp\/v2\/media?parent=26639"}],"curies":[{"name":"wp","href":"https:\/\/api.w.org\/{rel}","templated":true}]}}