    {"id":26718,"date":"2019-02-21T09:25:40","date_gmt":"2019-02-21T09:25:40","guid":{"rendered":"https:\/\/www.plusvillas.es\/politica-de-privacidad\/"},"modified":"2020-01-20T12:28:52","modified_gmt":"2020-01-20T12:28:52","slug":"politique-de-confidentialite","status":"publish","type":"page","link":"https:\/\/www.plusvillas.es\/fr\/politique-de-confidentialite\/","title":{"rendered":"Politique de confidentialit\u00e9"},"content":{"rendered":"<p>[vc_row][vc_column][vc_column_text]<strong>1. Coordonn\u00e9es<\/strong><br \/>\nhttp:\/\/www.plusvillas.es (ci-apr\u00e8s, le \u00abWeb\u00bb):<br \/>\nRaison sociale: <strong>Plusvillas Home Design S.L.<\/strong><br \/>\nC.I.F: B 42613307<br \/>\nSi\u00e8ge social: C \/ de la Pau 2, 03710 Calpe, Alicante<br \/>\nT\u00e9l\u00e9phone: 96 583 35 87<br \/>\nInscrit au registre du commerce d&#8217;Alicante au volume 4207, folio 66, inscription 1 feuille A-164743.<\/p>\n<p><strong>2. Qui est responsable du traitement de vos donn\u00e9es personnelles?<\/strong><br \/>\nVos donn\u00e9es personnelles seront trait\u00e9es par la soci\u00e9t\u00e9 \u00abPlusvillas Home Design S.L.\u00bb (ci-apr\u00e8s \u00abPlusvillas\u00bb), CIF B 42613307 et dont le si\u00e8ge social est situ\u00e9 Calle de la Pau 2, 03710 Calpe, Alicante (Espagne).<\/p>\n<p>PLUSVILLAS a nomm\u00e9 un d\u00e9l\u00e9gu\u00e9 \u00e0 la protection des donn\u00e9es, avec lequel vous pouvez contacter via l&#8217;adresse \u00e9lectronique info@plusvillas.es<\/p>\n<p><strong>3. Quel est le but du traitement de vos donn\u00e9es et notre l\u00e9gitimit\u00e9 \u00e0 cet \u00e9gard?<\/strong><br \/>\nLorsque PLUSVILLAS effectue le traitement de vos donn\u00e9es personnelles, il poursuit les objectifs suivants:<\/p>\n<p>But 1: fourniture des services offerts par PLUSVILLAS dans la commercialisation d&#8217;actifs immobiliers<\/p>\n<p>PLUSVILLAS fournit un service de marketing exclusif pour les actifs immobiliers, directement ou via un r\u00e9seau d&#8217;agents immobiliers (API) avec lesquels nous avons des accords. Gr\u00e2ce \u00e0 notre r\u00e9seau de marketing, vous pouvez conna\u00eetre toutes les propri\u00e9t\u00e9s dont nous disposons, leur description, leurs caract\u00e9ristiques et leur prix, mais aussi les visiter ou leur proposer une offre et profiter d&#8217;autres services ajout\u00e9s que nous r\u00e9alisons pour mener \u00e0 bien l&#8217;activit\u00e9 marketing de l&#8217;immobilier Gr\u00e2ce \u00e0 votre demande et \u00e0 votre int\u00e9r\u00eat pour l&#8217;une des propri\u00e9t\u00e9s que nous vendons, vos donn\u00e9es personnelles seront trait\u00e9es pour: (i) traiter votre inscription en tant que client int\u00e9ress\u00e9 et acheteur potentiel; (ii) traiter votre demande, visiter la propri\u00e9t\u00e9 qui vous int\u00e9resse; (iii) traiter la pr\u00e9sentation de votre offre pour le bien qui vous int\u00e9resse; (iv) traiter et r\u00e9pondre \u00e0 vos questions, requ\u00eates ou plaintes via l&#8217;API ou notre num\u00e9ro de t\u00e9l\u00e9phone de contact. De plus, sur notre portail Web, www.plusvillas.es, vous pouvez trouver les propri\u00e9t\u00e9s que nous vendons, conna\u00eetre leur description, caract\u00e9ristiques, prix, photos, ainsi que d\u2019autres services ajout\u00e9s pour mener \u00e0 bien l\u2019activit\u00e9 de commercialisation immobili\u00e8re. En utilisant les services offerts sur notre portail et conform\u00e9ment aux conditions d&#8217;utilisation du portail Web, vos donn\u00e9es personnelles peuvent \u00eatre trait\u00e9es pour: (v) traiter votre inscription en tant qu&#8217;utilisateur Web; (vi) traiter votre demande de contact pour conna\u00eetre plus de d\u00e9tails sur la propri\u00e9t\u00e9 qui vous int\u00e9resse ou organiser une visite; (vii) traiter la pr\u00e9sentation de votre offre pour le bien qui vous int\u00e9resse; (viii) traiter votre recommandation \u00e0 des tiers d&#8217;une propri\u00e9t\u00e9 publi\u00e9e sur le portail Web; (ix) traiter et r\u00e9pondre \u00e0 vos questions, requ\u00eates ou plaintes formul\u00e9es via le formulaire Web de contact.<\/p>\n<p>Objectif 2: communication des donn\u00e9es \u00e0 la soci\u00e9t\u00e9 propri\u00e9taire du bien et aux autres soci\u00e9t\u00e9s de son groupe<\/p>\n<p>En fonction de l&#8217;ex\u00e9cution de la relation contractuelle, PLUSVILLAS peut communiquer vos donn\u00e9es \u00e0 l&#8217;entreprise propri\u00e9taire du bien immobilier dans lequel vous avez manifest\u00e9 un int\u00e9r\u00eat (par exemple, lorsque vous demandez plus d&#8217;informations, demandez une visite ou proposez une offre \u00e0 ce sujet), ainsi que le reste de la soci\u00e9t\u00e9 appartenant \u00e0 son groupe \u00e9conomique, avec pour objectif de g\u00e9rer la commercialisation de ladite propri\u00e9t\u00e9 effectu\u00e9e par PLUSVILLAS (par exemple, rendre visite au propri\u00e9taire, lui envoyer son offre par propri\u00e9t\u00e9 afin qu&#8217;il puisse l&#8217;\u00e9valuer, \u00e9valuer les options de financement disponibles, conclure la vente du bien immobilier, etc.).<\/p>\n<p>Objectif 3: informations statistiques et enqu\u00eates de satisfaction<\/p>\n<p>PLUSVILLAS a un int\u00e9r\u00eat l\u00e9gitime \u00e0 conna\u00eetre \u00e0 la fois l\u2019opinion de ses utilisateurs sur les biens qu\u2019elle vend et les services qu\u2019elle offre, ainsi que ses int\u00e9r\u00eats en mati\u00e8re de recherche de biens immobiliers, ses habitudes de navigation, etc. (Par exemple, savoir quelles zones sont les plus demand\u00e9es par les utilisateurs dans la recherche de biens immobiliers, quels types de biens immobiliers sont les plus demand\u00e9s, la fourchette de prix la plus demand\u00e9e, les jours et les heures au cours desquels davantage de recherches immobili\u00e8res sont effectu\u00e9es, entre autres) dans le but de pouvoir proposer des produits et services mieux adapt\u00e9s aux besoins de ses clients et utilisateurs, ainsi que d\u2019am\u00e9liorer ses produits et services actuels et futurs, ainsi que ses processus de livraison et de marketing.<\/p>\n<p>Pour atteindre l&#8217;objectif \u00e9nonc\u00e9 au paragraphe pr\u00e9c\u00e9dent, PLUSVILLAS peut traiter vos donn\u00e9es et:<\/p>\n<p>&#8211; R\u00e9alisez des enqu\u00eates de satisfaction \u00e0 la fois par t\u00e9l\u00e9phone et par voie \u00e9lectronique, m\u00eame lorsque vous cessez de devenir utilisateur du portail Web ou de ne plus manifester d&#8217;int\u00e9r\u00eat pour une propri\u00e9t\u00e9 et, dans ce dernier cas, de conna\u00eetre les raisons de votre d\u00e9part.<\/p>\n<p>&#8211; Proc\u00e9dez \u00e0 son anonymisation afin que les informations de vos centres d&#8217;int\u00e9r\u00eat, recherches et habitudes de navigation ne puissent plus \u00eatre reli\u00e9es \u00e0 votre personne, puis effectuez des \u00e9tudes statistiques et \u00e9conom\u00e9triques (par exemple, en connaissant le cycle de vie du client ou l\u2019utilisateur et \/ ou identifier des mod\u00e8les de propension \u00e0 l\u2019abandon).<\/p>\n<p>Objectif 4: communication des donn\u00e9es aux organisations publiques et aux administrations publiques dans le respect des obligations l\u00e9gales<\/p>\n<p>PLUSVILLAS doit respecter certaines obligations \u00e9tablies par les normes en mati\u00e8re de pr\u00e9vention du blanchiment de capitaux et du financement du terrorisme, ce qui pourrait impliquer la demande de donn\u00e9es de votre activit\u00e9 ou de votre activit\u00e9 professionnelle \u00e0 des organisations publiques afin de v\u00e9rifier les informations fournies, ou la communication et \/ ou la consultation des donn\u00e9es \u00e0 la Centrale d&#8217;Information des Risques de la Banque d&#8217;Espagne, dans les hypoth\u00e8ses l\u00e9galement \u00e9tablies.<\/p>\n<p>Objectif 5: envoi de communications commerciales concernant des propri\u00e9t\u00e9s, offres et promotions similaires de PLUSVILLAS<\/p>\n<p>Si vous donnez votre consentement, PLUSVILLAS peut vous envoyer par n&#8217;importe quel canal, sous forme \u00e9lectronique ou non, des informations commerciales segment\u00e9es sur les propri\u00e9t\u00e9s pour lesquelles vous avez d\u00e9j\u00e0 manifest\u00e9 un int\u00e9r\u00eat (par exemple, une baisse du prix d&#8217;une propri\u00e9t\u00e9 que vous avez visit\u00e9e ou sauvegard\u00e9e). en tant que favori dans votre compte utilisateur personnel de notre portail Web) ou sur des propri\u00e9t\u00e9s pr\u00e9sentant des caract\u00e9ristiques similaires (par exemple, des propri\u00e9t\u00e9s situ\u00e9es dans la m\u00eame zone ou \u00e0 un prix similaire \u00e0 ceux que vous avez visit\u00e9s ou enregistr\u00e9es comme favoris dans votre compte utilisateur personnel de notre site). portail Web) ainsi que des offres et promotions de PLUSVILLAS pouvant vous int\u00e9resser directement ou pour \u00eatre en relation avec la fourniture, l&#8217;am\u00e9lioration et la mise \u00e0 jour de nos services.<\/p>\n<p>Ces informations commerciales peuvent \u00eatre g\u00e9n\u00e9riques ou personnalis\u00e9es. Dans ce dernier cas, cela impliquera le traitement pr\u00e9alable de vos donn\u00e9es dans le but de pouvoir proc\u00e9der \u00e0 son profilage et \u00e0 sa caract\u00e9risation, de d\u00e9terminer les go\u00fbts, les pr\u00e9f\u00e9rences et les besoins et, sur cette base, d&#8217;identifier les informations les plus int\u00e9ressantes pour vous.<\/p>\n<p>A tout moment et gratuitement, vous pouvez vous opposer \u00e0 cette fin afin de ne pas recevoir de nouvelles informations commerciales, offres et promotions, en l&#8217;indiquant par courrier postal \u00e0 l&#8217;adresse ci-dessus ou par courrier \u00e9lectronique \u00e0 l&#8217;adresse info@plusvillas.es. De m\u00eame, dans toute communication commerciale \u00e9lectronique, vous serez \u00e0 nouveau inform\u00e9 de votre droit de vous opposer \u00e0 l&#8217;envoi de communications commerciales.<\/p>\n<p>Objet 6: communication de donn\u00e9es \u00e0 d&#8217;autres soci\u00e9t\u00e9s du groupe PLUSVILLAS, \u00e0 des soci\u00e9t\u00e9s tierces fournissant des services li\u00e9s au secteur immobilier et \u00e0 des soci\u00e9t\u00e9s collaboratrices<\/p>\n<p>Si vous donnez votre consentement, PLUSVILLAS peut communiquer vos donn\u00e9es \u00e0:<\/p>\n<p>Autres soci\u00e9t\u00e9s du groupe \u00e9conomique de PLUSVILLAS qui fournissent des services li\u00e9s aux secteurs li\u00e9s \u00e0 la commercialisation d\u2019actifs immobiliers, y compris leur financement, promotion, attribution de titres et autres d\u2019une valeur ajout\u00e9e.<br \/>\nDes soci\u00e9t\u00e9s tierces fournissent des services li\u00e9s aux secteurs li\u00e9s \u00e0 la commercialisation d&#8217;actifs immobiliers, y compris leur financement, promotion, titrage et autres valeurs ajout\u00e9es<br \/>\nAutres soci\u00e9t\u00e9s avec lesquelles PLUSVILLAS a sign\u00e9 diff\u00e9rents accords de collaboration et qui peuvent appartenir \u00e0 des secteurs tels que les t\u00e9l\u00e9communications, la finance, la consommation, la sant\u00e9 et les ONG.<br \/>\nLa communication de vos donn\u00e9es se fera dans le but que ces soci\u00e9t\u00e9s puissent vous envoyer, directement et sans l&#8217;interm\u00e9diaire de PLUSVILLAS, des offres et promotions en rapport avec leurs produits et services, ou g\u00e9rer avec vous, sur demande, la commercialisation ou la fourniture de l&#8217;un de vos produits ou services.<br \/>\n<strong>4. Quel type de donn\u00e9es traitons-nous?<\/strong><br \/>\nAux fins \u00e9nonc\u00e9es dans la section pr\u00e9c\u00e9dente, un ensemble de donn\u00e9es \u00e0 caract\u00e8re personnel que nous pouvons diviser en sources et cat\u00e9gories suivantes est trait\u00e9:<\/p>\n<p>a) Donn\u00e9es fournies directement par vous: au moment de votre inscription en tant qu&#8217;utilisateur Web et \/ ou dans votre demande, en remplissant les formulaires activ\u00e9s \u00e0 cet effet.<br \/>\nLe client garantit que les donn\u00e9es fournies \u00e0 PLUSVILLAS pour la fourniture des services demand\u00e9s r\u00e9pondent sinc\u00e8rement \u00e0 la situation r\u00e9elle et qu\u2019il communiquera toute modification les affectant. En cons\u00e9quence, le client r\u00e9pondra \u00e0 PLUSVILLAS et \u00e0 des tiers pour tout dommage ou perte r\u00e9sultant de la violation des obligations assum\u00e9es dans cette clause.<\/p>\n<p>b) Donn\u00e9es provenant du service lui-m\u00eame: toutes les donn\u00e9es que nous connaissons d\u00e9j\u00e0 d&#8217;une interaction ant\u00e9rieure avec vous (par exemple, recherches et int\u00e9r\u00eats effectu\u00e9s sur des propri\u00e9t\u00e9s sp\u00e9cifiques ou pr\u00e9sentant des caract\u00e9ristiques communes, visites effectu\u00e9es dans l&#8217;immobilier, offres faites par l&#8217;immobilier pr\u00e9c\u00e9dentes ventes d\u2019immobilier commercialis\u00e9es par PLUSVILLAS, r\u00e9clamations ou demandes d\u2019informations, etc.).<\/p>\n<p><strong>5. Combien de temps allons-nous conserver vos donn\u00e9es personnelles?<\/strong><br \/>\nPLUSVILLAS conservera vos donn\u00e9es personnelles aussi longtemps qu&#8217;elles sont n\u00e9cessaires au d\u00e9veloppement du service demand\u00e9 ou n\u00e9cessaires au d\u00e9veloppement et \u00e0 la conclusion de la commercialisation de la propri\u00e9t\u00e9 qui vous int\u00e9resse. Pass\u00e9 ce d\u00e9lai, les donn\u00e9es seront effac\u00e9es conform\u00e9ment aux dispositions du r\u00e8glement sur la protection des donn\u00e9es et du reste du r\u00e8glement applicable, ce qui implique leur blocage, etant disponible uniquement \u00e0 la demande des juges et des tribunaux, du minist\u00e8re des finances ou des administrations publiques. comp\u00e9tentes pendant la p\u00e9riode de prescription des actions pouvant \u00eatre d\u00e9duites pour \u00eatre ensuite \u00e9limin\u00e9es.<\/p>\n<p>Aux fins des dispositions du paragraphe pr\u00e9c\u00e9dent, PLUSVILLAS bloquera les utilisateurs inactifs, c&#8217;est-\u00e0-dire ceux qui n&#8217;acc\u00e8dent pas \u00e0 leur compte de portail Web personnel ou n&#8217;interagissent pas avec PLUSVILLAS pour solliciter l&#8217;un de leurs services pendant une p\u00e9riode de 5 les ann\u00e9es De m\u00eame, PLUSVILLAS vous informe que, en cas de traitement de vos donn\u00e9es, les r\u00e8gles relatives \u00e0 la pr\u00e9vention du blanchiment de capitaux et au financement du terrorisme s&#8217;appliquent (par exemple, lorsque vous achetez enfin un certain bien vendu par PLUSVILLAS), vous devez: l&#8217;obligation de conserver vos donn\u00e9es personnelles pendant une p\u00e9riode minimale de dix ans.<\/p>\n<p><strong>\u00a06. \u00c0 quels destinataires communiquons-nous vos donn\u00e9es personnelles?<\/strong><br \/>\nPLUSVILLAS peut communiquer ses donn\u00e9es \u00e0 toutes les entit\u00e9s et organisations pour lesquelles il a une obligation ou a obtenu son consentement. Parmi d&#8217;autres, les suivants:<\/p>\n<p>Fonctionnaires ou organismes officiels d&#8217;autres pays, situ\u00e9s \u00e0 l&#8217;int\u00e9rieur et \u00e0 l&#8217;ext\u00e9rieur de l&#8217;Union europ\u00e9enne, dans le cadre de la lutte contre la fraude, du financement du terrorisme et des formes graves de criminalit\u00e9 organis\u00e9e et de la pr\u00e9vention du blanchiment de capitaux. Entre autres, vos donn\u00e9es peuvent \u00eatre communiqu\u00e9es au Service ex\u00e9cutif de la Commission du blanchiment de capitaux et des infractions p\u00e9cuniaires &#8211; SEPBLAC lorsque n\u00e9cessaire.<br \/>\nCours et tribunaux, et forces de s\u00e9curit\u00e9 de l&#8217;\u00c9tat et corps, au cas o\u00f9 PLUSVILLAS pourrait \u00eatre tenu de communiquer des donn\u00e9es \u00e0 caract\u00e8re personnel dans le cadre d&#8217;une enqu\u00eate judiciaire.<br \/>\nAux soci\u00e9t\u00e9s propri\u00e9taires de la propri\u00e9t\u00e9 et aux soci\u00e9t\u00e9s de son groupe \u00e9conomique.<br \/>\nAux entreprises et aux collaborateurs pour lesquels vous avez donn\u00e9 votre consentement.<br \/>\n7. Existe-t-il des transferts de donn\u00e9es internationaux?<br \/>\nDans certains cas, PLUSVILLAS effectue des transferts internationaux de donn\u00e9es dans le respect des exigences du r\u00e8glement europ\u00e9en sur la protection des donn\u00e9es. En ce sens, lorsque les propri\u00e9taires ou les gestionnaires des actifs, ou leur soci\u00e9t\u00e9 m\u00e8re, sont aux \u00c9tats-Unis, leurs donn\u00e9es peuvent \u00eatre transf\u00e9r\u00e9es sur ledit territoire aux fins de la pr\u00e9vention du blanchiment de capitaux et du financement du terrorisme, pour lesquelles nous demanderons: votre consentement libre, expr\u00e8s et sans ambigu\u00eft\u00e9.<\/p>\n<p><strong>\u00a08. Quels sont vos droits et comment pouvez-vous les exercer?<\/strong><br \/>\nNos r\u00e8gles de protection des donn\u00e9es vous conf\u00e8rent une s\u00e9rie de droits en ce qui concerne le traitement des donn\u00e9es que nos services impliquent et que nous pouvons r\u00e9sumer comme suit:<\/p>\n<p>Droit d&#8217;acc\u00e8s: vous avez le droit de savoir quel type de donn\u00e9es nous traitons et quelles sont les caract\u00e9ristiques du traitement que nous effectuons.<br \/>\nDroit de rectification: vous pouvez demander la modification de vos donn\u00e9es car elles sont inexactes ou inexactes.<br \/>\nDroit de portabilit\u00e9: vous pouvez obtenir une copie dans un format interop\u00e9rable des donn\u00e9es en cours de traitement.<br \/>\nDroit \u00e0 la limitation du traitement dans les cas pr\u00e9vus par la loi.<br \/>\nDroit de suppression: vous pouvez demander la suppression de vos donn\u00e9es lorsque le traitement n&#8217;est plus n\u00e9cessaire.<br \/>\nDroit d&#8217;opposition: vous pouvez demander la cessation de l&#8217;envoi de communications commerciales dans les conditions indiqu\u00e9es ci-dessus.<br \/>\nDroit de r\u00e9voquer le consentement donn\u00e9.<br \/>\nVous pouvez exercer vos droits par courrier \u00e9lectronique \u00e0 l&#8217;adresse protecciondedatos@plusvillas.es ou par courrier \u00e0 l&#8217;adresse Calle de la Pau 2 03710 Calp[\/vc_column_text][\/vc_column][\/vc_row]<\/p>\n","protected":false},"excerpt":{"rendered":"<p>[vc_row][vc_column][vc_column_text]1. Coordonn\u00e9es http:\/\/www.plusvillas.es (ci-apr\u00e8s, le \u00abWeb\u00bb): Raison sociale: Plusvillas Home Design S.L. C.I.F: B 42613307 Si\u00e8ge social: C \/ de la Pau 2, 03710 Calpe, Alicante T\u00e9l\u00e9phone: 96 583 35 87 Inscrit au registre du commerce d&#8217;Alicante au volume 4207, folio 66, inscription 1 feuille A-164743. 2. Qui est responsable du traitement de vos donn\u00e9es personnelles? Vos donn\u00e9es personnelles seront trait\u00e9es par la soci\u00e9t\u00e9 &#8230;<\/p>\n","protected":false},"author":5,"featured_media":0,"parent":0,"menu_order":0,"comment_status":"closed","ping_status":"closed","template":"gdpr_terms.php","meta":{"footnotes":"","_vp_format_video_url":"","_vp_image_focal_point":[],"_joinchat":[]},"yoast_head":"<!-- This site is optimized with the Yoast SEO plugin v21.6 - https:\/\/yoast.com\/wordpress\/plugins\/seo\/ -->\n<title>Politique de confidentialit\u00e9 - Plusvillas<\/title>\n<meta name=\"robots\" content=\"index, follow, max-snippet:-1, max-image-preview:large, max-video-preview:-1\" \/>\n<link rel=\"canonical\" href=\"https:\/\/www.plusvillas.es\/fr\/politique-de-confidentialite\/\" \/>\n<meta property=\"og:locale\" content=\"fr_FR\" \/>\n<meta property=\"og:type\" content=\"article\" \/>\n<meta property=\"og:title\" content=\"Politique de confidentialit\u00e9 - Plusvillas\" \/>\n<meta property=\"og:description\" content=\"[vc_row][vc_column][vc_column_text]1. Coordonn\u00e9es http:\/\/www.plusvillas.es (ci-apr\u00e8s, le \u00abWeb\u00bb): Raison sociale: Plusvillas Home Design S.L. C.I.F: B 42613307 Si\u00e8ge social: C \/ de la Pau 2, 03710 Calpe, Alicante T\u00e9l\u00e9phone: 96 583 35 87 Inscrit au registre du commerce d&#8217;Alicante au volume 4207, folio 66, inscription 1 feuille A-164743. 2. Qui est responsable du traitement de vos donn\u00e9es personnelles? Vos donn\u00e9es personnelles seront trait\u00e9es par la soci\u00e9t\u00e9 ...\" \/>\n<meta property=\"og:url\" content=\"https:\/\/www.plusvillas.es\/fr\/politique-de-confidentialite\/\" \/>\n<meta property=\"og:site_name\" content=\"Plusvillas\" \/>\n<meta property=\"article:modified_time\" content=\"2020-01-20T12:28:52+00:00\" \/>\n<meta name=\"twitter:card\" content=\"summary_large_image\" \/>\n<meta name=\"twitter:label1\" content=\"Dur\u00e9e de lecture estim\u00e9e\" \/>\n\t<meta name=\"twitter:data1\" content=\"12 minutes\" \/>\n<script type=\"application\/ld+json\" class=\"yoast-schema-graph\">{\"@context\":\"https:\/\/schema.org\",\"@graph\":[{\"@type\":\"WebPage\",\"@id\":\"https:\/\/www.plusvillas.es\/fr\/politique-de-confidentialite\/\",\"url\":\"https:\/\/www.plusvillas.es\/fr\/politique-de-confidentialite\/\",\"name\":\"Politique de confidentialit\u00e9 - Plusvillas\",\"isPartOf\":{\"@id\":\"https:\/\/www.plusvillas.es\/fr\/#website\"},\"datePublished\":\"2019-02-21T09:25:40+00:00\",\"dateModified\":\"2020-01-20T12:28:52+00:00\",\"breadcrumb\":{\"@id\":\"https:\/\/www.plusvillas.es\/fr\/politique-de-confidentialite\/#breadcrumb\"},\"inLanguage\":\"fr-FR\",\"potentialAction\":[{\"@type\":\"ReadAction\",\"target\":[\"https:\/\/www.plusvillas.es\/fr\/politique-de-confidentialite\/\"]}]},{\"@type\":\"BreadcrumbList\",\"@id\":\"https:\/\/www.plusvillas.es\/fr\/politique-de-confidentialite\/#breadcrumb\",\"itemListElement\":[{\"@type\":\"ListItem\",\"position\":1,\"name\":\"Portada\",\"item\":\"https:\/\/www.plusvillas.es\/fr\/\"},{\"@type\":\"ListItem\",\"position\":2,\"name\":\"Politique de confidentialit\u00e9\"}]},{\"@type\":\"WebSite\",\"@id\":\"https:\/\/www.plusvillas.es\/fr\/#website\",\"url\":\"https:\/\/www.plusvillas.es\/fr\/\",\"name\":\"Plusvillas\",\"description\":\"Venta de inmuebles en la Costa Blanca\",\"potentialAction\":[{\"@type\":\"SearchAction\",\"target\":{\"@type\":\"EntryPoint\",\"urlTemplate\":\"https:\/\/www.plusvillas.es\/fr\/?s={search_term_string}\"},\"query-input\":\"required name=search_term_string\"}],\"inLanguage\":\"fr-FR\"}]}<\/script>\n<!-- \/ Yoast SEO plugin. -->","yoast_head_json":{"title":"Politique de confidentialit\u00e9 - Plusvillas","robots":{"index":"index","follow":"follow","max-snippet":"max-snippet:-1","max-image-preview":"max-image-preview:large","max-video-preview":"max-video-preview:-1"},"canonical":"https:\/\/www.plusvillas.es\/fr\/politique-de-confidentialite\/","og_locale":"fr_FR","og_type":"article","og_title":"Politique de confidentialit\u00e9 - Plusvillas","og_description":"[vc_row][vc_column][vc_column_text]1. Coordonn\u00e9es http:\/\/www.plusvillas.es (ci-apr\u00e8s, le \u00abWeb\u00bb): Raison sociale: Plusvillas Home Design S.L. C.I.F: B 42613307 Si\u00e8ge social: C \/ de la Pau 2, 03710 Calpe, Alicante T\u00e9l\u00e9phone: 96 583 35 87 Inscrit au registre du commerce d&#8217;Alicante au volume 4207, folio 66, inscription 1 feuille A-164743. 2. Qui est responsable du traitement de vos donn\u00e9es personnelles? Vos donn\u00e9es personnelles seront trait\u00e9es par la soci\u00e9t\u00e9 ...","og_url":"https:\/\/www.plusvillas.es\/fr\/politique-de-confidentialite\/","og_site_name":"Plusvillas","article_modified_time":"2020-01-20T12:28:52+00:00","twitter_card":"summary_large_image","twitter_misc":{"Dur\u00e9e de lecture estim\u00e9e":"12 minutes"},"schema":{"@context":"https:\/\/schema.org","@graph":[{"@type":"WebPage","@id":"https:\/\/www.plusvillas.es\/fr\/politique-de-confidentialite\/","url":"https:\/\/www.plusvillas.es\/fr\/politique-de-confidentialite\/","name":"Politique de confidentialit\u00e9 - Plusvillas","isPartOf":{"@id":"https:\/\/www.plusvillas.es\/fr\/#website"},"datePublished":"2019-02-21T09:25:40+00:00","dateModified":"2020-01-20T12:28:52+00:00","breadcrumb":{"@id":"https:\/\/www.plusvillas.es\/fr\/politique-de-confidentialite\/#breadcrumb"},"inLanguage":"fr-FR","potentialAction":[{"@type":"ReadAction","target":["https:\/\/www.plusvillas.es\/fr\/politique-de-confidentialite\/"]}]},{"@type":"BreadcrumbList","@id":"https:\/\/www.plusvillas.es\/fr\/politique-de-confidentialite\/#breadcrumb","itemListElement":[{"@type":"ListItem","position":1,"name":"Portada","item":"https:\/\/www.plusvillas.es\/fr\/"},{"@type":"ListItem","position":2,"name":"Politique de confidentialit\u00e9"}]},{"@type":"WebSite","@id":"https:\/\/www.plusvillas.es\/fr\/#website","url":"https:\/\/www.plusvillas.es\/fr\/","name":"Plusvillas","description":"Venta de inmuebles en la Costa Blanca","potentialAction":[{"@type":"SearchAction","target":{"@type":"EntryPoint","urlTemplate":"https:\/\/www.plusvillas.es\/fr\/?s={search_term_string}"},"query-input":"required name=search_term_string"}],"inLanguage":"fr-FR"}]}},"_links":{"self":[{"href":"https:\/\/www.plusvillas.es\/fr\/wp-json\/wp\/v2\/pages\/26718"}],"collection":[{"href":"https:\/\/www.plusvillas.es\/fr\/wp-json\/wp\/v2\/pages"}],"about":[{"href":"https:\/\/www.plusvillas.es\/fr\/wp-json\/wp\/v2\/types\/page"}],"author":[{"embeddable":true,"href":"https:\/\/www.plusvillas.es\/fr\/wp-json\/wp\/v2\/users\/5"}],"replies":[{"embeddable":true,"href":"https:\/\/www.plusvillas.es\/fr\/wp-json\/wp\/v2\/comments?post=26718"}],"version-history":[{"count":0,"href":"https:\/\/www.plusvillas.es\/fr\/wp-json\/wp\/v2\/pages\/26718\/revisions"}],"wp:attachment":[{"href":"https:\/\/www.plusvillas.es\/fr\/wp-json\/wp\/v2\/media?parent=26718"}],"curies":[{"name":"wp","href":"https:\/\/api.w.org\/{rel}","templated":true}]}}