    {"id":26790,"date":"2019-02-21T12:37:23","date_gmt":"2019-02-21T12:37:23","guid":{"rendered":"https:\/\/www.plusvillas.es\/politica-de-calidad\/"},"modified":"2020-01-27T09:24:20","modified_gmt":"2020-01-27T09:24:20","slug":"politique-de-qualite","status":"publish","type":"page","link":"https:\/\/www.plusvillas.es\/fr\/politique-de-qualite\/","title":{"rendered":"Politique de qualit\u00e9"},"content":{"rendered":"<p>[vc_row full_width=&#8221;stretch_row&#8221; css=&#8221;.vc_custom_1550656832742{background-color: #f4f4f4 !important;}&#8221;][vc_column][vc_column_text]<\/p>\n<div class=\"haya-section haya-section-alternate haya-section-shrink-xs\">\n<div class=\"haya-wrapper\">\n<div class=\"haya-body-page-container-full-margin haya-cms-content\">\n<p>PLUSVILLAS, en tant qu&#8217;entreprise d\u00e9di\u00e9e \u00e0 la gestion et \u00e0 la commercialisation des actifs immobiliers, sachant que l&#8217;avenir de l&#8217;entreprise d\u00e9pend de la qualit\u00e9 du service fourni et de la satisfaction des besoins de nos clients, dispose d&#8217;un syst\u00e8me de gestion de la qualit\u00e9 bas\u00e9 sur les exigences de la norme UNE-EN-ISO 9001: 2015.<\/p>\n<p>Dans ce cadre, la Direction, \u00e0 travers sa Politique Qualit\u00e9, assume les engagements suivants:<\/p>\n<p>&#x25aa; R\u00e9pondre aux suggestions et demandes de nos clients, mesurer leur degr\u00e9 de satisfaction et am\u00e9liorer l&#8217;appr\u00e9ciation que nos clients font des activit\u00e9s r\u00e9alis\u00e9es.<\/p>\n<p>&#x25aa; Aller au-del\u00e0 du respect de toutes les dispositions l\u00e9gales qui affectent la qualit\u00e9, ainsi que des exigences suppl\u00e9mentaires volontairement assum\u00e9es.<\/p>\n<p>&#x25aa; R\u00e9aliser une am\u00e9lioration continue des activit\u00e9s men\u00e9es, analyser les probl\u00e8mes qui peuvent survenir, mettre en place les m\u00e9canismes n\u00e9cessaires \u00e0 sa r\u00e9solution et, en somme, maintenir un syst\u00e8me de Management de la Qualit\u00e9 efficace.<\/p>\n<p>&#x25aa; Impliquer tout le personnel dans l&#8217;identification et le respect des exigences du syst\u00e8me de gestion de la qualit\u00e9.<\/p>\n<p>&#x25aa; Fournir les ressources n\u00e9cessaires pour am\u00e9liorer continuellement les processus, l&#8217;organisation et le syst\u00e8me en g\u00e9n\u00e9ral.<\/p>\n<p>&#x25aa; Fixer des objectifs de qualit\u00e9 concrets et mesurables, bas\u00e9s sur les principes de cette politique, et les suivre et red\u00e9finir p\u00e9riodiquement comme un syst\u00e8me d&#8217;am\u00e9lioration continue.<\/p>\n<p>Cette Politique Qualit\u00e9 est connue et assum\u00e9e par l&#8217;ensemble du personnel, et est \u00e9galement \u00e0 la disposition du public pour consultation. Il sera \u00e9galement revu et, le cas \u00e9ch\u00e9ant, p\u00e9riodiquement mis \u00e0 jour gr\u00e2ce \u00e0 un processus d&#8217;am\u00e9lioration continue.<\/p>\n<\/div>\n<\/div>\n<\/div>\n<p>[\/vc_column_text][\/vc_column][\/vc_row][vc_row][vc_column][vc_column_text]<\/p>\n<p>[\/vc_column_text][\/vc_column][\/vc_row]<\/p>\n","protected":false},"excerpt":{"rendered":"<p>[vc_row full_width=&#8221;stretch_row&#8221; css=&#8221;.vc_custom_1550656832742{background-color: #f4f4f4 !important;}&#8221;][vc_column][vc_column_text] PLUSVILLAS, en tant qu&#8217;entreprise d\u00e9di\u00e9e \u00e0 la gestion et \u00e0 la commercialisation des actifs immobiliers, sachant que l&#8217;avenir de l&#8217;entreprise d\u00e9pend de la qualit\u00e9 du service fourni et de la satisfaction des besoins de nos clients, dispose d&#8217;un syst\u00e8me de gestion de la qualit\u00e9 bas\u00e9 sur les exigences de la norme UNE-EN-ISO 9001: 2015. Dans ce cadre, la Direction, &#8230;<\/p>\n","protected":false},"author":5,"featured_media":0,"parent":0,"menu_order":0,"comment_status":"closed","ping_status":"closed","template":"","meta":{"footnotes":"","_vp_format_video_url":"","_vp_image_focal_point":[],"_joinchat":[]},"yoast_head":"<!-- This site is optimized with the Yoast SEO plugin v21.6 - https:\/\/yoast.com\/wordpress\/plugins\/seo\/ -->\n<title>Politique de qualit\u00e9 - Plusvillas<\/title>\n<meta name=\"robots\" content=\"index, follow, max-snippet:-1, max-image-preview:large, max-video-preview:-1\" \/>\n<link rel=\"canonical\" href=\"https:\/\/www.plusvillas.es\/fr\/politique-de-qualite\/\" \/>\n<meta property=\"og:locale\" content=\"fr_FR\" \/>\n<meta property=\"og:type\" content=\"article\" \/>\n<meta property=\"og:title\" content=\"Politique de qualit\u00e9 - Plusvillas\" \/>\n<meta property=\"og:description\" content=\"[vc_row full_width=&#8221;stretch_row&#8221; css=&#8221;.vc_custom_1550656832742{background-color: #f4f4f4 !important;}&#8221;][vc_column][vc_column_text] PLUSVILLAS, en tant qu&#8217;entreprise d\u00e9di\u00e9e \u00e0 la gestion et \u00e0 la commercialisation des actifs immobiliers, sachant que l&#8217;avenir de l&#8217;entreprise d\u00e9pend de la qualit\u00e9 du service fourni et de la satisfaction des besoins de nos clients, dispose d&#8217;un syst\u00e8me de gestion de la qualit\u00e9 bas\u00e9 sur les exigences de la norme UNE-EN-ISO 9001: 2015. Dans ce cadre, la Direction, ...\" \/>\n<meta property=\"og:url\" content=\"https:\/\/www.plusvillas.es\/fr\/politique-de-qualite\/\" \/>\n<meta property=\"og:site_name\" content=\"Plusvillas\" \/>\n<meta property=\"article:modified_time\" content=\"2020-01-27T09:24:20+00:00\" \/>\n<meta name=\"twitter:card\" content=\"summary_large_image\" \/>\n<meta name=\"twitter:label1\" content=\"Dur\u00e9e de lecture estim\u00e9e\" \/>\n\t<meta name=\"twitter:data1\" content=\"2 minutes\" \/>\n<script type=\"application\/ld+json\" class=\"yoast-schema-graph\">{\"@context\":\"https:\/\/schema.org\",\"@graph\":[{\"@type\":\"WebPage\",\"@id\":\"https:\/\/www.plusvillas.es\/fr\/politique-de-qualite\/\",\"url\":\"https:\/\/www.plusvillas.es\/fr\/politique-de-qualite\/\",\"name\":\"Politique de qualit\u00e9 - Plusvillas\",\"isPartOf\":{\"@id\":\"https:\/\/www.plusvillas.es\/fr\/#website\"},\"datePublished\":\"2019-02-21T12:37:23+00:00\",\"dateModified\":\"2020-01-27T09:24:20+00:00\",\"breadcrumb\":{\"@id\":\"https:\/\/www.plusvillas.es\/fr\/politique-de-qualite\/#breadcrumb\"},\"inLanguage\":\"fr-FR\",\"potentialAction\":[{\"@type\":\"ReadAction\",\"target\":[\"https:\/\/www.plusvillas.es\/fr\/politique-de-qualite\/\"]}]},{\"@type\":\"BreadcrumbList\",\"@id\":\"https:\/\/www.plusvillas.es\/fr\/politique-de-qualite\/#breadcrumb\",\"itemListElement\":[{\"@type\":\"ListItem\",\"position\":1,\"name\":\"Portada\",\"item\":\"https:\/\/www.plusvillas.es\/fr\/\"},{\"@type\":\"ListItem\",\"position\":2,\"name\":\"Politique de qualit\u00e9\"}]},{\"@type\":\"WebSite\",\"@id\":\"https:\/\/www.plusvillas.es\/fr\/#website\",\"url\":\"https:\/\/www.plusvillas.es\/fr\/\",\"name\":\"Plusvillas\",\"description\":\"Venta de inmuebles en la Costa Blanca\",\"potentialAction\":[{\"@type\":\"SearchAction\",\"target\":{\"@type\":\"EntryPoint\",\"urlTemplate\":\"https:\/\/www.plusvillas.es\/fr\/?s={search_term_string}\"},\"query-input\":\"required name=search_term_string\"}],\"inLanguage\":\"fr-FR\"}]}<\/script>\n<!-- \/ Yoast SEO plugin. -->","yoast_head_json":{"title":"Politique de qualit\u00e9 - Plusvillas","robots":{"index":"index","follow":"follow","max-snippet":"max-snippet:-1","max-image-preview":"max-image-preview:large","max-video-preview":"max-video-preview:-1"},"canonical":"https:\/\/www.plusvillas.es\/fr\/politique-de-qualite\/","og_locale":"fr_FR","og_type":"article","og_title":"Politique de qualit\u00e9 - Plusvillas","og_description":"[vc_row full_width=&#8221;stretch_row&#8221; css=&#8221;.vc_custom_1550656832742{background-color: #f4f4f4 !important;}&#8221;][vc_column][vc_column_text] PLUSVILLAS, en tant qu&#8217;entreprise d\u00e9di\u00e9e \u00e0 la gestion et \u00e0 la commercialisation des actifs immobiliers, sachant que l&#8217;avenir de l&#8217;entreprise d\u00e9pend de la qualit\u00e9 du service fourni et de la satisfaction des besoins de nos clients, dispose d&#8217;un syst\u00e8me de gestion de la qualit\u00e9 bas\u00e9 sur les exigences de la norme UNE-EN-ISO 9001: 2015. Dans ce cadre, la Direction, ...","og_url":"https:\/\/www.plusvillas.es\/fr\/politique-de-qualite\/","og_site_name":"Plusvillas","article_modified_time":"2020-01-27T09:24:20+00:00","twitter_card":"summary_large_image","twitter_misc":{"Dur\u00e9e de lecture estim\u00e9e":"2 minutes"},"schema":{"@context":"https:\/\/schema.org","@graph":[{"@type":"WebPage","@id":"https:\/\/www.plusvillas.es\/fr\/politique-de-qualite\/","url":"https:\/\/www.plusvillas.es\/fr\/politique-de-qualite\/","name":"Politique de qualit\u00e9 - Plusvillas","isPartOf":{"@id":"https:\/\/www.plusvillas.es\/fr\/#website"},"datePublished":"2019-02-21T12:37:23+00:00","dateModified":"2020-01-27T09:24:20+00:00","breadcrumb":{"@id":"https:\/\/www.plusvillas.es\/fr\/politique-de-qualite\/#breadcrumb"},"inLanguage":"fr-FR","potentialAction":[{"@type":"ReadAction","target":["https:\/\/www.plusvillas.es\/fr\/politique-de-qualite\/"]}]},{"@type":"BreadcrumbList","@id":"https:\/\/www.plusvillas.es\/fr\/politique-de-qualite\/#breadcrumb","itemListElement":[{"@type":"ListItem","position":1,"name":"Portada","item":"https:\/\/www.plusvillas.es\/fr\/"},{"@type":"ListItem","position":2,"name":"Politique de qualit\u00e9"}]},{"@type":"WebSite","@id":"https:\/\/www.plusvillas.es\/fr\/#website","url":"https:\/\/www.plusvillas.es\/fr\/","name":"Plusvillas","description":"Venta de inmuebles en la Costa Blanca","potentialAction":[{"@type":"SearchAction","target":{"@type":"EntryPoint","urlTemplate":"https:\/\/www.plusvillas.es\/fr\/?s={search_term_string}"},"query-input":"required name=search_term_string"}],"inLanguage":"fr-FR"}]}},"_links":{"self":[{"href":"https:\/\/www.plusvillas.es\/fr\/wp-json\/wp\/v2\/pages\/26790"}],"collection":[{"href":"https:\/\/www.plusvillas.es\/fr\/wp-json\/wp\/v2\/pages"}],"about":[{"href":"https:\/\/www.plusvillas.es\/fr\/wp-json\/wp\/v2\/types\/page"}],"author":[{"embeddable":true,"href":"https:\/\/www.plusvillas.es\/fr\/wp-json\/wp\/v2\/users\/5"}],"replies":[{"embeddable":true,"href":"https:\/\/www.plusvillas.es\/fr\/wp-json\/wp\/v2\/comments?post=26790"}],"version-history":[{"count":0,"href":"https:\/\/www.plusvillas.es\/fr\/wp-json\/wp\/v2\/pages\/26790\/revisions"}],"wp:attachment":[{"href":"https:\/\/www.plusvillas.es\/fr\/wp-json\/wp\/v2\/media?parent=26790"}],"curies":[{"name":"wp","href":"https:\/\/api.w.org\/{rel}","templated":true}]}}