    {"id":26810,"date":"2019-02-21T13:02:47","date_gmt":"2019-02-21T13:02:47","guid":{"rendered":"https:\/\/www.plusvillas.es\/preguntas-frecuentes\/"},"modified":"2020-01-27T09:35:20","modified_gmt":"2020-01-27T09:35:20","slug":"questions-frequentes","status":"publish","type":"page","link":"https:\/\/www.plusvillas.es\/fr\/questions-frequentes\/","title":{"rendered":"Questions fr\u00e9quentes"},"content":{"rendered":"<p>[vc_row full_width=&#8221;stretch_row&#8221; css=&#8221;.vc_custom_1550656832742{background-color: #f4f4f4 !important;}&#8221;][vc_column][vc_separator color=&#8221;black&#8221;][vc_toggle title=&#8221;Comment puis-je obtenir plus d&#8217;informations sur la propri\u00e9t\u00e9 qui m&#8217;int\u00e9resse?&#8221; style=&#8221;arrow&#8221; css=&#8221;.vc_custom_1580117646013{margin-top: -10px !important;}&#8221;]Si vous \u00eates int\u00e9ress\u00e9 par une propri\u00e9t\u00e9, nous vous recommandons de demander une visite afin que vous puissiez conna\u00eetre de premi\u00e8re main ses caract\u00e9ristiques et son emplacement. N&#8217;oubliez pas que vous avez \u00e9galement \u00e0 votre disposition le t\u00e9l\u00e9phone 96 583 35 87, dans lequel nous essaierons de r\u00e9soudre tous vos doutes.<\/p>\n<p>[\/vc_toggle][vc_separator color=&#8221;black&#8221; css=&#8221;.vc_custom_1550782633794{margin-top: -5px !important;}&#8221;][vc_toggle title=&#8221;Quelles \u00e9tapes dois-je suivre pour acheter une maison?&#8221; style=&#8221;arrow&#8221; css=&#8221;.vc_custom_1580117684787{margin-top: -10px !important;}&#8221;]<\/p>\n<ul>\n<li>Tout d&#8217;abord, nous vous recommandons de visiter la propri\u00e9t\u00e9 et de conna\u00eetre personnellement son statut et ses caract\u00e9ristiques.<\/li>\n<li>Si le bien r\u00e9pond aux exigences que vous recherchiez, nous entamerons la proc\u00e9dure de r\u00e9servation et analyserons vos besoins de financement.<\/li>\n<li>Enfin, nous fixerons une date avec vous pour la signature de la propri\u00e9t\u00e9, et vous pourrez profiter de votre nouvelle maison!<\/li>\n<\/ul>\n<p>[\/vc_toggle][vc_separator color=&#8221;black&#8221; css=&#8221;.vc_custom_1550782633794{margin-top: -5px !important;}&#8221;][vc_toggle title=&#8221;He pedido una visita y no me hab\u00e9is llamado, \u00bfqu\u00e9 hago?&#8221; style=&#8221;arrow&#8221; css=&#8221;.vc_custom_1550783255091{margin-top: -10px !important;}&#8221;]Si han transcurrido m\u00e1s de 72 horas desde que solicitaste una visita, te recomendamos que llames al 96 583 35 87 y nos indiques tus datos y el inmueble que quieres visitar. Te facilitaremos la visita al inmueble tan pronto como sea posible.[\/vc_toggle][vc_separator color=&#8221;black&#8221; css=&#8221;.vc_custom_1550782633794{margin-top: -5px !important;}&#8221;][\/vc_column][\/vc_row]<\/p>\n","protected":false},"excerpt":{"rendered":"<p>[vc_row full_width=&#8221;stretch_row&#8221; css=&#8221;.vc_custom_1550656832742{background-color: #f4f4f4 !important;}&#8221;][vc_column][vc_separator color=&#8221;black&#8221;][vc_toggle title=&#8221;Comment puis-je obtenir plus d&#8217;informations sur la propri\u00e9t\u00e9 qui m&#8217;int\u00e9resse?&#8221; style=&#8221;arrow&#8221; css=&#8221;.vc_custom_1580117646013{margin-top: -10px !important;}&#8221;]Si vous \u00eates int\u00e9ress\u00e9 par une propri\u00e9t\u00e9, nous vous recommandons de demander une visite afin que vous puissiez conna\u00eetre de premi\u00e8re main ses caract\u00e9ristiques et son emplacement. N&#8217;oubliez pas que vous avez \u00e9galement \u00e0 votre disposition le t\u00e9l\u00e9phone 96 583 35 87, dans lequel nous &#8230;<\/p>\n","protected":false},"author":5,"featured_media":0,"parent":0,"menu_order":0,"comment_status":"closed","ping_status":"closed","template":"","meta":{"footnotes":"","_vp_format_video_url":"","_vp_image_focal_point":[],"_joinchat":[]},"yoast_head":"<!-- This site is optimized with the Yoast SEO plugin v21.6 - https:\/\/yoast.com\/wordpress\/plugins\/seo\/ -->\n<title>Questions fr\u00e9quentes - Plusvillas<\/title>\n<meta name=\"robots\" content=\"index, follow, max-snippet:-1, max-image-preview:large, max-video-preview:-1\" \/>\n<link rel=\"canonical\" href=\"https:\/\/www.plusvillas.es\/fr\/questions-frequentes\/\" \/>\n<meta property=\"og:locale\" content=\"fr_FR\" \/>\n<meta property=\"og:type\" content=\"article\" \/>\n<meta property=\"og:title\" content=\"Questions fr\u00e9quentes - Plusvillas\" \/>\n<meta property=\"og:description\" content=\"[vc_row full_width=&#8221;stretch_row&#8221; css=&#8221;.vc_custom_1550656832742{background-color: #f4f4f4 !important;}&#8221;][vc_column][vc_separator color=&#8221;black&#8221;][vc_toggle title=&#8221;Comment puis-je obtenir plus d&#8217;informations sur la propri\u00e9t\u00e9 qui m&#8217;int\u00e9resse?&#8221; style=&#8221;arrow&#8221; css=&#8221;.vc_custom_1580117646013{margin-top: -10px !important;}&#8221;]Si vous \u00eates int\u00e9ress\u00e9 par une propri\u00e9t\u00e9, nous vous recommandons de demander une visite afin que vous puissiez conna\u00eetre de premi\u00e8re main ses caract\u00e9ristiques et son emplacement. N&#8217;oubliez pas que vous avez \u00e9galement \u00e0 votre disposition le t\u00e9l\u00e9phone 96 583 35 87, dans lequel nous ...\" \/>\n<meta property=\"og:url\" content=\"https:\/\/www.plusvillas.es\/fr\/questions-frequentes\/\" \/>\n<meta property=\"og:site_name\" content=\"Plusvillas\" \/>\n<meta property=\"article:modified_time\" content=\"2020-01-27T09:35:20+00:00\" \/>\n<meta name=\"twitter:card\" content=\"summary_large_image\" \/>\n<meta name=\"twitter:label1\" content=\"Dur\u00e9e de lecture estim\u00e9e\" \/>\n\t<meta name=\"twitter:data1\" content=\"1 minute\" \/>\n<script type=\"application\/ld+json\" class=\"yoast-schema-graph\">{\"@context\":\"https:\/\/schema.org\",\"@graph\":[{\"@type\":\"WebPage\",\"@id\":\"https:\/\/www.plusvillas.es\/fr\/questions-frequentes\/\",\"url\":\"https:\/\/www.plusvillas.es\/fr\/questions-frequentes\/\",\"name\":\"Questions fr\u00e9quentes - Plusvillas\",\"isPartOf\":{\"@id\":\"https:\/\/www.plusvillas.es\/fr\/#website\"},\"datePublished\":\"2019-02-21T13:02:47+00:00\",\"dateModified\":\"2020-01-27T09:35:20+00:00\",\"breadcrumb\":{\"@id\":\"https:\/\/www.plusvillas.es\/fr\/questions-frequentes\/#breadcrumb\"},\"inLanguage\":\"fr-FR\",\"potentialAction\":[{\"@type\":\"ReadAction\",\"target\":[\"https:\/\/www.plusvillas.es\/fr\/questions-frequentes\/\"]}]},{\"@type\":\"BreadcrumbList\",\"@id\":\"https:\/\/www.plusvillas.es\/fr\/questions-frequentes\/#breadcrumb\",\"itemListElement\":[{\"@type\":\"ListItem\",\"position\":1,\"name\":\"Portada\",\"item\":\"https:\/\/www.plusvillas.es\/fr\/\"},{\"@type\":\"ListItem\",\"position\":2,\"name\":\"Questions fr\u00e9quentes\"}]},{\"@type\":\"WebSite\",\"@id\":\"https:\/\/www.plusvillas.es\/fr\/#website\",\"url\":\"https:\/\/www.plusvillas.es\/fr\/\",\"name\":\"Plusvillas\",\"description\":\"Venta de inmuebles en la Costa Blanca\",\"potentialAction\":[{\"@type\":\"SearchAction\",\"target\":{\"@type\":\"EntryPoint\",\"urlTemplate\":\"https:\/\/www.plusvillas.es\/fr\/?s={search_term_string}\"},\"query-input\":\"required name=search_term_string\"}],\"inLanguage\":\"fr-FR\"}]}<\/script>\n<!-- \/ Yoast SEO plugin. -->","yoast_head_json":{"title":"Questions fr\u00e9quentes - Plusvillas","robots":{"index":"index","follow":"follow","max-snippet":"max-snippet:-1","max-image-preview":"max-image-preview:large","max-video-preview":"max-video-preview:-1"},"canonical":"https:\/\/www.plusvillas.es\/fr\/questions-frequentes\/","og_locale":"fr_FR","og_type":"article","og_title":"Questions fr\u00e9quentes - Plusvillas","og_description":"[vc_row full_width=&#8221;stretch_row&#8221; css=&#8221;.vc_custom_1550656832742{background-color: #f4f4f4 !important;}&#8221;][vc_column][vc_separator color=&#8221;black&#8221;][vc_toggle title=&#8221;Comment puis-je obtenir plus d&#8217;informations sur la propri\u00e9t\u00e9 qui m&#8217;int\u00e9resse?&#8221; style=&#8221;arrow&#8221; css=&#8221;.vc_custom_1580117646013{margin-top: -10px !important;}&#8221;]Si vous \u00eates int\u00e9ress\u00e9 par une propri\u00e9t\u00e9, nous vous recommandons de demander une visite afin que vous puissiez conna\u00eetre de premi\u00e8re main ses caract\u00e9ristiques et son emplacement. N&#8217;oubliez pas que vous avez \u00e9galement \u00e0 votre disposition le t\u00e9l\u00e9phone 96 583 35 87, dans lequel nous ...","og_url":"https:\/\/www.plusvillas.es\/fr\/questions-frequentes\/","og_site_name":"Plusvillas","article_modified_time":"2020-01-27T09:35:20+00:00","twitter_card":"summary_large_image","twitter_misc":{"Dur\u00e9e de lecture estim\u00e9e":"1 minute"},"schema":{"@context":"https:\/\/schema.org","@graph":[{"@type":"WebPage","@id":"https:\/\/www.plusvillas.es\/fr\/questions-frequentes\/","url":"https:\/\/www.plusvillas.es\/fr\/questions-frequentes\/","name":"Questions fr\u00e9quentes - Plusvillas","isPartOf":{"@id":"https:\/\/www.plusvillas.es\/fr\/#website"},"datePublished":"2019-02-21T13:02:47+00:00","dateModified":"2020-01-27T09:35:20+00:00","breadcrumb":{"@id":"https:\/\/www.plusvillas.es\/fr\/questions-frequentes\/#breadcrumb"},"inLanguage":"fr-FR","potentialAction":[{"@type":"ReadAction","target":["https:\/\/www.plusvillas.es\/fr\/questions-frequentes\/"]}]},{"@type":"BreadcrumbList","@id":"https:\/\/www.plusvillas.es\/fr\/questions-frequentes\/#breadcrumb","itemListElement":[{"@type":"ListItem","position":1,"name":"Portada","item":"https:\/\/www.plusvillas.es\/fr\/"},{"@type":"ListItem","position":2,"name":"Questions fr\u00e9quentes"}]},{"@type":"WebSite","@id":"https:\/\/www.plusvillas.es\/fr\/#website","url":"https:\/\/www.plusvillas.es\/fr\/","name":"Plusvillas","description":"Venta de inmuebles en la Costa Blanca","potentialAction":[{"@type":"SearchAction","target":{"@type":"EntryPoint","urlTemplate":"https:\/\/www.plusvillas.es\/fr\/?s={search_term_string}"},"query-input":"required name=search_term_string"}],"inLanguage":"fr-FR"}]}},"_links":{"self":[{"href":"https:\/\/www.plusvillas.es\/fr\/wp-json\/wp\/v2\/pages\/26810"}],"collection":[{"href":"https:\/\/www.plusvillas.es\/fr\/wp-json\/wp\/v2\/pages"}],"about":[{"href":"https:\/\/www.plusvillas.es\/fr\/wp-json\/wp\/v2\/types\/page"}],"author":[{"embeddable":true,"href":"https:\/\/www.plusvillas.es\/fr\/wp-json\/wp\/v2\/users\/5"}],"replies":[{"embeddable":true,"href":"https:\/\/www.plusvillas.es\/fr\/wp-json\/wp\/v2\/comments?post=26810"}],"version-history":[{"count":0,"href":"https:\/\/www.plusvillas.es\/fr\/wp-json\/wp\/v2\/pages\/26810\/revisions"}],"wp:attachment":[{"href":"https:\/\/www.plusvillas.es\/fr\/wp-json\/wp\/v2\/media?parent=26810"}],"curies":[{"name":"wp","href":"https:\/\/api.w.org\/{rel}","templated":true}]}}