    {"id":26826,"date":"2019-02-21T10:49:04","date_gmt":"2019-02-21T10:49:04","guid":{"rendered":"https:\/\/www.plusvillas.es\/terminos-de-uso\/"},"modified":"2020-01-27T09:57:44","modified_gmt":"2020-01-27T09:57:44","slug":"condition-dutilisation","status":"publish","type":"page","link":"https:\/\/www.plusvillas.es\/fr\/condition-dutilisation\/","title":{"rendered":"Condition d&#8217;utilisation"},"content":{"rendered":"<p>[vc_row][vc_column][vc_column_text]1. Introduction<br \/>\nCes conditions g\u00e9n\u00e9rales r\u00e9giront express\u00e9ment les relations \u00e9tablies entre Plusvillas Home Design SL, ci-apr\u00e8s PLUSVILLAS, et tout utilisateur qui navigue et interagit via le site Web http:\/\/www.plusvillas.es\/, ci-apr\u00e8s le site Web . L&#8217;Utilisateur s&#8217;entend comme la personne qui acc\u00e8de, navigue, utilise ou participe aux services et activit\u00e9s du Site.<\/p>\n<p>L&#8217;acc\u00e8s et la navigation d&#8217;un Utilisateur sur le Site impliquent l&#8217;acceptation sans r\u00e9serve des pr\u00e9sentes Conditions G\u00e9n\u00e9rales d&#8217;Utilisation.<\/p>\n<p>L&#8217;acc\u00e8s et la navigation d&#8217;un Utilisateur sur le Site impliquent l&#8217;acceptation sans r\u00e9serve des pr\u00e9sentes Conditions G\u00e9n\u00e9rales d&#8217;Utilisation.<\/p>\n<p>PLUSVILLAS peut proposer \u00e0 travers le Site, des services ou produits pouvant \u00eatre soumis \u00e0 ses propres conditions particuli\u00e8res qui, selon le cas, se substituent, compl\u00e8tent et \/ ou modifient ces conditions, et dont l&#8217;Utilisateur sera inform\u00e9 dans chaque cas sp\u00e9cifique. .<\/p>\n<p>PLUSVILLAS se r\u00e9serve, \u00e0 tout moment, le droit de modifier unilat\u00e9ralement, sans pr\u00e9avis, et \u00e0 tout moment la pr\u00e9sentation et la configuration du Site.<\/p>\n<p>2. Informations g\u00e9n\u00e9rales<br \/>\nConform\u00e9ment \u00e0 l&#8217;article 10 de la loi 34\/2002 du 11 juillet sur les services de la soci\u00e9t\u00e9 de l&#8217;information et du commerce \u00e9lectronique, les donn\u00e9es d&#8217;identification suivantes du propri\u00e9taire de ce site sont pr\u00e9sent\u00e9es:<\/p>\n<p>Plusvillas Home Design S.L.<\/p>\n<p>Calle de la Pau 2 &#8211; 03710 Calpe, Alicante<\/p>\n<p>B-42613307<\/p>\n<p>Enregistr\u00e9 au Registre du Commerce d&#8217;Alicante, volume 4207 folio 66, inscription 1, page A-164743.<\/p>\n<div class=\"video-container\">\n<blockquote class=\"wp-embedded-content\" data-secret=\"RFVN4wZWXM\"><p><a href=\"https:\/\/www.plusvillas.es\/fr\/\">Acheter<\/a><\/p><\/blockquote>\n<p><iframe title=\"\u00ab\u00a0Acheter\u00a0\u00bb &#8212; Plusvillas\" class=\"wp-embedded-content\" sandbox=\"allow-scripts\" security=\"restricted\" style=\"position: absolute; clip: rect(1px, 1px, 1px, 1px);\" src=\"https:\/\/www.plusvillas.es\/fr\/embed\/#?secret=RFVN4wZWXM\" data-secret=\"RFVN4wZWXM\" width=\"600\" height=\"338\" frameborder=\"0\" marginwidth=\"0\" marginheight=\"0\" scrolling=\"no\"><\/iframe><\/div>\n<p>3. Objet<br \/>\nCe site a \u00e9t\u00e9 con\u00e7u pour faire conna\u00eetre les services offerts par PLUSVILLAS, consistant en la location et la vente de biens immobiliers.<\/p>\n<p>4. Propri\u00e9t\u00e9 intellectuelle et industrielle<br \/>\nPLUSVILLAS est propri\u00e9taire de tous les droits de propri\u00e9t\u00e9 intellectuelle de la page http:\/\/www.plusvillas.es\/, ainsi que de son code source, de sa conception, de ses structures de navigation et des diff\u00e9rents \u00e9l\u00e9ments qui y sont contenus. PLUSVILLAS correspond \u00e9galement \u00e0 l&#8217;exercice exclusif de leurs droits d&#8217;exploitation sous quelque forme que ce soit et, en particulier, des droits de reproduction, de distribution, de communication publique et de transformation, conform\u00e9ment \u00e0 la l\u00e9gislation espagnole et \u00e0 l&#8217;Union europ\u00e9enne applicable.<\/p>\n<p>Ce site Web http:\/\/www.plusvillas.es\/, les pages qu&#8217;il comprend et les informations ou \u00e9l\u00e9ments qu&#8217;il contient, comprennent des textes, documents, photographies, dessins, repr\u00e9sentations graphiques, programmes informatiques, ainsi que des logos, marques, noms marques, ou autres signes distinctifs, prot\u00e9g\u00e9s par des droits de propri\u00e9t\u00e9 intellectuelle ou industrielle, dont PLUSVILLAS est le propri\u00e9taire ou le licenci\u00e9 l\u00e9gitime.<\/p>\n<p>L&#8217;autorisation \u00e0 l&#8217;Utilisateur d&#8217;acc\u00e9der au Site n&#8217;implique aucune renonciation, transmission, licence ou transfert total ou partiel des droits de propri\u00e9t\u00e9 intellectuelle ou industrielle par PLUSVILLAS.<\/p>\n<p>5. Acc\u00e8s et utilisation<br \/>\nL&#8217;utilisation des informations et contenus qui peuvent \u00eatre faits sur ce site ainsi que l&#8217;acc\u00e8s seront de la seule responsabilit\u00e9 de la personne qui les r\u00e9alise.<\/p>\n<p>Les conditions d&#8217;acc\u00e8s au Web seront soumises \u00e0 la l\u00e9galit\u00e9 actuelle et aux principes de bonne foi et d&#8217;utilisation licite par l&#8217;utilisateur de celui-ci, \u00e9tant interdit en g\u00e9n\u00e9ral tout type d&#8217;action au d\u00e9triment de PLUSVILLAS. L&#8217;utilisation de ce site Web \u00e0 des fins ill\u00e9gales ou non autoris\u00e9es est strictement interdite.<\/p>\n<p>Tout type d&#8217;exploitation est interdit, y compris tous types de reproduction, distribution, transfert \u00e0 des tiers, communication publique et transformation, \u00e0 travers tout type de support et moyen, des \u0153uvres, cr\u00e9ations et signes distinctifs pr\u00e9cit\u00e9s sans autorisation pr\u00e9alable et expresse de leurs respectifs gros titres Le non-respect de cette interdiction peut constituer une infraction punissable par la l\u00e9gislation en vigueur.<\/p>\n<p>6. Responsabilit\u00e9 de l&#8217;utilisateur<br \/>\nL&#8217;Utilisateur est enti\u00e8rement responsable de l&#8217;acc\u00e8s et de l&#8217;utilisation correcte du Site Internet soumis \u00e0 la l\u00e9gislation en vigueur, nationale ou internationale, ainsi qu&#8217;aux principes de bonne foi, de moralit\u00e9, de bonnes m\u0153urs et d&#8217;ordre public. Et concr\u00e8tement, il acquiert l&#8217;engagement de respecter avec diligence les pr\u00e9sentes conditions d&#8217;utilisation.<\/p>\n<p>Les utilisateurs s&#8217;abstiendront d&#8217;utiliser les services et contenus du site Web \u00e0 des fins ou \u00e0 des effets illicites et qui sont pr\u00e9judiciables aux droits et int\u00e9r\u00eats de tiers, ou qui de quelque mani\u00e8re que ce soit peuvent endommager, d\u00e9sactiver, affecter ou d\u00e9t\u00e9riorer le site Web, son contenu et ses les services De m\u00eame, il est interdit d&#8217;emp\u00eacher l&#8217;utilisation ou la jouissance normale du Web \u00e0 d&#8217;autres utilisateurs.<\/p>\n<p>PLUSVILLAS n&#8217;est pas responsable de l&#8217;utilisation que des tiers peuvent faire des donn\u00e9es fournies par le biais de ce site Web. Ceux qui ne respectent pas ces obligations seront responsables de tout dommage ou dommage qu&#8217;ils causent. PLUSVILLAS ne sera pas responsable des cons\u00e9quences, dommages ou pertes qui pourraient r\u00e9sulter de cet acc\u00e8s ou d&#8217;une utilisation ill\u00e9gale par des tiers.<\/p>\n<p>PLUSVILLAS ne sera pas responsable de la v\u00e9racit\u00e9 des donn\u00e9es fournies par les utilisateurs du web, n&#8217;\u00e9tant en aucun cas responsable en raison du manque de v\u00e9racit\u00e9 des donn\u00e9es telles que les adresses, num\u00e9ros de t\u00e9l\u00e9phone, e-mails ou noms publi\u00e9s sur le web par les utilisateurs du pareil.<\/p>\n<p>De mani\u00e8re g\u00e9n\u00e9rale, l&#8217;Utilisateur s&#8217;engage, \u00e0 titre d&#8217;exemple et non de taxation, \u00e0:<\/p>\n<p>N&#8217;utilisez pas le site Web \u00e0 des fins ill\u00e9gales ou non autoris\u00e9es.<\/p>\n<p>Ne pas alt\u00e9rer ou modifier, totalement ou partiellement, le site Web, en contournant, d\u00e9sactivant ou autrement manipulant les fonctions ou services du site Web.<\/p>\n<p>Ne pas enfreindre les droits de propri\u00e9t\u00e9 industrielle et intellectuelle ou les r\u00e9glementations r\u00e9gissant la protection des donn\u00e9es personnelles.<\/p>\n<p>N&#8217;utilisez pas le site Web pour insulter, diffamer, intimider, violer son image ou harceler d&#8217;autres utilisateurs.<\/p>\n<p>Ne publiez pas sur le site Web de commentaires ou d&#8217;informations ill\u00e9gaux, racistes, x\u00e9nophobes, obsc\u00e8nes, pornographiques, abusifs, diffamatoires, trompeurs, frauduleux ou de toute mani\u00e8re contraires \u00e0 la moralit\u00e9 ou \u00e0 l&#8217;ordre public.<\/p>\n<p>N&#8217;acc\u00e9dez pas aux comptes de messagerie des autres utilisateurs.<\/p>\n<p>N&#8217;envoyez pas d&#8217;e-mails de nature massive et \/ ou r\u00e9p\u00e9titive \u00e0 une pluralit\u00e9 de personnes, ni n&#8217;envoyez des adresses e-mail de tiers sans leur consentement.<\/p>\n<p>Nonobstant ce qui pr\u00e9c\u00e8de, PLUSVILLAS se r\u00e9serve le droit de refuser l&#8217;acc\u00e8s au site Web aux utilisateurs qui enfreignent ces conditions g\u00e9n\u00e9rales \u00e0 tout moment et sans pr\u00e9avis.<\/p>\n<p>7. Responsabilit\u00e9 de PLUSVILLAS<br \/>\nL&#8217;Utilisateur est responsable de disposer des services et \u00e9quipements n\u00e9cessaires \u00e0 la navigation sur Internet et \u00e0 l&#8217;acc\u00e8s au Site Internet PLUSVILLAS. En cas d&#8217;incident ou de difficult\u00e9 d&#8217;acc\u00e8s \u00e0 http:\/\/www.plusvillas.es\/, l&#8217;utilisateur peut informer PLUSVILLAS par e-mail info@plusvillas.es, qui analysera l&#8217;incident et donnera des instructions \u00e0 l&#8217;utilisateur sur la fa\u00e7on de le r\u00e9soudre. dans les plus brefs d\u00e9lais.<\/p>\n<p>PLUSVILLAS ne r\u00e9pondra pas en cas d&#8217;interruptions de service, d&#8217;erreurs de connexion, de manque de disponibilit\u00e9 ou de d\u00e9faillances du service d&#8217;acc\u00e8s \u00e0 Internet, ou pour des interruptions du r\u00e9seau Internet ou pour toute autre raison ind\u00e9pendante de la volont\u00e9 de PLUSVILLAS.<\/p>\n<p>De m\u00eame, PLUSVILLAS ne sera pas responsable des actes ou omissions de tiers, que ces tiers puissent \u00eatre li\u00e9s \u00e0 PLUSVILLAS par des moyens contractuels.<\/p>\n<p>8. Exclusion de garanties et de responsabilit\u00e9<br \/>\nPLUSVILLAS n&#8217;accorde aucune garantie et n&#8217;est en aucun cas responsable des dommages de toute nature qui pourraient \u00eatre caus\u00e9s par:<\/p>\n<p>Le manque de disponibilit\u00e9, de maintenance et de fonctionnement efficace du site Web et \/ ou de ses services ou contenus.<\/p>\n<p>Le manque d&#8217;utilit\u00e9, d&#8217;ad\u00e9quation ou de validit\u00e9 du site Web et \/ ou de ses services ou contenus pour r\u00e9pondre aux besoins, activit\u00e9s ou r\u00e9sultats ou attentes sp\u00e9cifiques des utilisateurs.<\/p>\n<p>L&#8217;existence de virus, programmes malveillants ou nuisibles dans le contenu<\/p>\n<p>L&#8217;utilisation illicite, par n\u00e9gligence, frauduleuse, contraire aux pr\u00e9sentes Conditions d&#8217;utilisation, de bonne foi, aux utilisations g\u00e9n\u00e9ralement accept\u00e9es ou \u00e0 l&#8217;ordre public, du Site, de ses services ou contenus, par l&#8217;utilisateur.<\/p>\n<p>La violation par des tiers de leurs obligations ou engagements en ce qui concerne les services fournis aux utilisateurs via le site Web.<\/p>\n<p>9. Link Policy<br \/>\nPeople or entities that intend to make or make a hyperlink from a web page of another Internet portal to any of the PLUSVILLAS web pages must submit to the following conditions:<\/p>\n<p>The total or partial reproduction of any of the services or contents of the Website is not allowed without the prior express authorization of PLUSVILLAS.<\/p>\n<p>No deep links, IMG or image links, or frames with PLUSVILLAS pages will be established without the prior express authorization of PLUSVILLAS.<\/p>\n<p>No false, inaccurate or incorrect statements will be included on the pages of PLUSVILLAS, nor on the services or contents thereof. Except for those signs that are part of the hyperlink, the web page on which it is established will not contain any brand, commercial name, establishment label, denomination, logo, slogan or other distinctive signs belonging to PLUSVILLAS, unless expressly authorized by it.<\/p>\n<p>The establishment of the hyperlink does not imply the existence of relations between PLUSVILLAS and the owner of the website or portal from which it is made, nor the knowledge and acceptance of PLUSVILLAS of the services and contents offered on said website or portal.<\/p>\n<p>PLUSVILLAS will not be responsible for the contents or services made available to the public on the website or portal from which the hyperlink is made, nor for the information and statements included therein.<\/p>\n<p>10. Links<br \/>\nPLUSVILLAS does not assume any responsibility derived from the linked contents (Links) that allow, through the Website, the access to the User to benefits and services offered by third parties, provided that they are alien to it. Therefore, PLUSVILLAS is not responsible for the information contained therein or for any effects that may arise from such information. If any User or third party observes that such links may be contrary to laws, morals or public order, you must put it to our knowledge through the email info@plusvillas.es.<\/p>\n<p>11. Information on products and availability<br \/>\nPLUSVILLAS guarantees, except for typing errors, the reality of the information that is incorporated with respect to the product that is part of its commercial portfolio, rejecting any responsibility for any information introduced by third parties that is not endorsed or guaranteed by PLUSVILLAS, as well as that not contained in This website and, therefore, not prepared by PLUSVILLAS, or not published with your name.<\/p>\n<p>PLUSVILLAS offers its products detailing the information necessary for the User to know, the specific characteristics of the products offered.<\/p>\n<p>The content of these pages is purely informative and does not constitute a firm offer, nor does it have contractual value, being its indicative content, so the User is obliged, to confirm with PLUSVILLAS, the real-time situation of the information obtained. PLUSVILLAS reserves the possibility of updating on its products, prices, modifying the goods object of information, especially in case of sale, and even removing real estate from the sale, without compromising the preceding situation.<\/p>\n<p>In our offices you will find all the information to which you are entitled according to Royal Decree 515\/1989 of April 21 on consumer protection regarding the information to be provided in the sale and purchase of homes and complementary regional regulations applicable.<\/p>\n<p>Regarding the information entered by third parties, PLUSVILLAS is not responsible for its veracity, nor for its update, the interested party should go directly to the advertiser, PLUSVILLAS, with this website does not provide such third parties with any advisory service or review of compliance with the regulations on the other hand, being any relationship that could arise from these advertisements totally foreign to PLUSVILLAS. For these purposes, it is stated that the results related to the Mortgage Simulator are obtained through the data provided by the banking entities that own the properties and are merely informative, so they are classified as information entered by third parties and, consequently, they are subject to the conditions of the previous paragraph. This information will not imply a contractual relationship or any offer from PLUSVILLAS.<\/p>\n<p>13. Pr\u00e9sentation de l&#8217;offre d&#8217;achat<br \/>\nL&#8217;Utilisateur peut soumettre une offre d&#8217;achat sur la propri\u00e9t\u00e9 via le Site Internet tant qu&#8217;il en a pris connaissance et a v\u00e9rifi\u00e9 son statut et ses caract\u00e9ristiques.<\/p>\n<p>Pour proc\u00e9der \u00e0 la pr\u00e9sentation de l&#8217;offre, l&#8217;Utilisateur doit remplir les champs obligatoires du Site et indiquer le montant propos\u00e9 par la propri\u00e9t\u00e9. Le montant de l&#8217;offre ne comprend pas les taxes ou autres frais de vente.<\/p>\n<p>Les offres re\u00e7ues via le site Web seront \u00e9tudi\u00e9es et r\u00e9solues dans les plus brefs d\u00e9lais. Le r\u00e9sultat, positif ou n\u00e9gatif, sera communiqu\u00e9 \u00e0 l&#8217;int\u00e9ress\u00e9 au num\u00e9ro de t\u00e9l\u00e9phone de contact que vous indiquez. S&#8217;il est positif, les conditions de transmission du bien seront confirm\u00e9es.<\/p>\n<p>Toute demande ou incident concernant l&#8217;offre, ainsi que tout type d&#8217;informations dont l&#8217;Utilisateur pourrait avoir besoin peuvent \u00eatre effectu\u00e9s sur le num\u00e9ro de t\u00e9l\u00e9phone du service client 96 583 35 87, en indiquant la r\u00e9f\u00e9rence du bien et les donn\u00e9es personnelles.<\/p>\n<p>14. L\u00e9gislation applicable<br \/>\nCe contrat sera r\u00e9gi par la loi espagnole, qui sera applicable dans ce qui n&#8217;est pas pr\u00e9vu dans le pr\u00e9sent contrat en termes d&#8217;interpr\u00e9tation, de validit\u00e9 et d&#8217;ex\u00e9cution. En cas de litige concernant ces conditions g\u00e9n\u00e9rales, dans le cas o\u00f9 l&#8217;achat a \u00e9t\u00e9 effectu\u00e9 par un particulier, les parties se soumettront \u00e0 la juridiction des Tribunaux et Tribunaux correspondant au consommateur.<\/p>\n<p>Dans le cas d&#8217;un achat effectu\u00e9 par un professionnel ou une entreprise, les deux parties se soumettent, renon\u00e7ant express\u00e9ment \u00e0 toute autre juridiction, aux cours et tribunaux d&#8217;Alicante.[\/vc_column_text][\/vc_column][\/vc_row]<\/p>\n","protected":false},"excerpt":{"rendered":"<p>[vc_row][vc_column][vc_column_text]1. Introduction Ces conditions g\u00e9n\u00e9rales r\u00e9giront express\u00e9ment les relations \u00e9tablies entre Plusvillas Home Design SL, ci-apr\u00e8s PLUSVILLAS, et tout utilisateur qui navigue et interagit via le site Web http:\/\/www.plusvillas.es\/, ci-apr\u00e8s le site Web . L&#8217;Utilisateur s&#8217;entend comme la personne qui acc\u00e8de, navigue, utilise ou participe aux services et activit\u00e9s du Site. L&#8217;acc\u00e8s et la navigation d&#8217;un Utilisateur sur le Site impliquent l&#8217;acceptation sans r\u00e9serve &#8230;<\/p>\n","protected":false},"author":5,"featured_media":0,"parent":0,"menu_order":0,"comment_status":"closed","ping_status":"closed","template":"","meta":{"footnotes":"","_vp_format_video_url":"","_vp_image_focal_point":[],"_joinchat":[]},"yoast_head":"<!-- This site is optimized with the Yoast SEO plugin v21.6 - https:\/\/yoast.com\/wordpress\/plugins\/seo\/ -->\n<title>Condition d&#039;utilisation - Plusvillas<\/title>\n<meta name=\"robots\" content=\"index, follow, max-snippet:-1, max-image-preview:large, max-video-preview:-1\" \/>\n<link rel=\"canonical\" href=\"https:\/\/www.plusvillas.es\/fr\/condition-dutilisation\/\" \/>\n<meta property=\"og:locale\" content=\"fr_FR\" \/>\n<meta property=\"og:type\" content=\"article\" \/>\n<meta property=\"og:title\" content=\"Condition d&#039;utilisation - Plusvillas\" \/>\n<meta property=\"og:description\" content=\"[vc_row][vc_column][vc_column_text]1. Introduction Ces conditions g\u00e9n\u00e9rales r\u00e9giront express\u00e9ment les relations \u00e9tablies entre Plusvillas Home Design SL, ci-apr\u00e8s PLUSVILLAS, et tout utilisateur qui navigue et interagit via le site Web http:\/\/www.plusvillas.es\/, ci-apr\u00e8s le site Web . L&#8217;Utilisateur s&#8217;entend comme la personne qui acc\u00e8de, navigue, utilise ou participe aux services et activit\u00e9s du Site. L&#8217;acc\u00e8s et la navigation d&#8217;un Utilisateur sur le Site impliquent l&#8217;acceptation sans r\u00e9serve ...\" \/>\n<meta property=\"og:url\" content=\"https:\/\/www.plusvillas.es\/fr\/condition-dutilisation\/\" \/>\n<meta property=\"og:site_name\" content=\"Plusvillas\" \/>\n<meta property=\"article:modified_time\" content=\"2020-01-27T09:57:44+00:00\" \/>\n<meta name=\"twitter:card\" content=\"summary_large_image\" \/>\n<meta name=\"twitter:label1\" content=\"Dur\u00e9e de lecture estim\u00e9e\" \/>\n\t<meta name=\"twitter:data1\" content=\"11 minutes\" \/>\n<script type=\"application\/ld+json\" class=\"yoast-schema-graph\">{\"@context\":\"https:\/\/schema.org\",\"@graph\":[{\"@type\":\"WebPage\",\"@id\":\"https:\/\/www.plusvillas.es\/fr\/condition-dutilisation\/\",\"url\":\"https:\/\/www.plusvillas.es\/fr\/condition-dutilisation\/\",\"name\":\"Condition d'utilisation - Plusvillas\",\"isPartOf\":{\"@id\":\"https:\/\/www.plusvillas.es\/fr\/#website\"},\"datePublished\":\"2019-02-21T10:49:04+00:00\",\"dateModified\":\"2020-01-27T09:57:44+00:00\",\"breadcrumb\":{\"@id\":\"https:\/\/www.plusvillas.es\/fr\/condition-dutilisation\/#breadcrumb\"},\"inLanguage\":\"fr-FR\",\"potentialAction\":[{\"@type\":\"ReadAction\",\"target\":[\"https:\/\/www.plusvillas.es\/fr\/condition-dutilisation\/\"]}]},{\"@type\":\"BreadcrumbList\",\"@id\":\"https:\/\/www.plusvillas.es\/fr\/condition-dutilisation\/#breadcrumb\",\"itemListElement\":[{\"@type\":\"ListItem\",\"position\":1,\"name\":\"Portada\",\"item\":\"https:\/\/www.plusvillas.es\/fr\/\"},{\"@type\":\"ListItem\",\"position\":2,\"name\":\"Condition d&#8217;utilisation\"}]},{\"@type\":\"WebSite\",\"@id\":\"https:\/\/www.plusvillas.es\/fr\/#website\",\"url\":\"https:\/\/www.plusvillas.es\/fr\/\",\"name\":\"Plusvillas\",\"description\":\"Venta de inmuebles en la Costa Blanca\",\"potentialAction\":[{\"@type\":\"SearchAction\",\"target\":{\"@type\":\"EntryPoint\",\"urlTemplate\":\"https:\/\/www.plusvillas.es\/fr\/?s={search_term_string}\"},\"query-input\":\"required name=search_term_string\"}],\"inLanguage\":\"fr-FR\"}]}<\/script>\n<!-- \/ Yoast SEO plugin. -->","yoast_head_json":{"title":"Condition d'utilisation - Plusvillas","robots":{"index":"index","follow":"follow","max-snippet":"max-snippet:-1","max-image-preview":"max-image-preview:large","max-video-preview":"max-video-preview:-1"},"canonical":"https:\/\/www.plusvillas.es\/fr\/condition-dutilisation\/","og_locale":"fr_FR","og_type":"article","og_title":"Condition d'utilisation - Plusvillas","og_description":"[vc_row][vc_column][vc_column_text]1. Introduction Ces conditions g\u00e9n\u00e9rales r\u00e9giront express\u00e9ment les relations \u00e9tablies entre Plusvillas Home Design SL, ci-apr\u00e8s PLUSVILLAS, et tout utilisateur qui navigue et interagit via le site Web http:\/\/www.plusvillas.es\/, ci-apr\u00e8s le site Web . L&#8217;Utilisateur s&#8217;entend comme la personne qui acc\u00e8de, navigue, utilise ou participe aux services et activit\u00e9s du Site. L&#8217;acc\u00e8s et la navigation d&#8217;un Utilisateur sur le Site impliquent l&#8217;acceptation sans r\u00e9serve ...","og_url":"https:\/\/www.plusvillas.es\/fr\/condition-dutilisation\/","og_site_name":"Plusvillas","article_modified_time":"2020-01-27T09:57:44+00:00","twitter_card":"summary_large_image","twitter_misc":{"Dur\u00e9e de lecture estim\u00e9e":"11 minutes"},"schema":{"@context":"https:\/\/schema.org","@graph":[{"@type":"WebPage","@id":"https:\/\/www.plusvillas.es\/fr\/condition-dutilisation\/","url":"https:\/\/www.plusvillas.es\/fr\/condition-dutilisation\/","name":"Condition d'utilisation - Plusvillas","isPartOf":{"@id":"https:\/\/www.plusvillas.es\/fr\/#website"},"datePublished":"2019-02-21T10:49:04+00:00","dateModified":"2020-01-27T09:57:44+00:00","breadcrumb":{"@id":"https:\/\/www.plusvillas.es\/fr\/condition-dutilisation\/#breadcrumb"},"inLanguage":"fr-FR","potentialAction":[{"@type":"ReadAction","target":["https:\/\/www.plusvillas.es\/fr\/condition-dutilisation\/"]}]},{"@type":"BreadcrumbList","@id":"https:\/\/www.plusvillas.es\/fr\/condition-dutilisation\/#breadcrumb","itemListElement":[{"@type":"ListItem","position":1,"name":"Portada","item":"https:\/\/www.plusvillas.es\/fr\/"},{"@type":"ListItem","position":2,"name":"Condition d&#8217;utilisation"}]},{"@type":"WebSite","@id":"https:\/\/www.plusvillas.es\/fr\/#website","url":"https:\/\/www.plusvillas.es\/fr\/","name":"Plusvillas","description":"Venta de inmuebles en la Costa Blanca","potentialAction":[{"@type":"SearchAction","target":{"@type":"EntryPoint","urlTemplate":"https:\/\/www.plusvillas.es\/fr\/?s={search_term_string}"},"query-input":"required name=search_term_string"}],"inLanguage":"fr-FR"}]}},"_links":{"self":[{"href":"https:\/\/www.plusvillas.es\/fr\/wp-json\/wp\/v2\/pages\/26826"}],"collection":[{"href":"https:\/\/www.plusvillas.es\/fr\/wp-json\/wp\/v2\/pages"}],"about":[{"href":"https:\/\/www.plusvillas.es\/fr\/wp-json\/wp\/v2\/types\/page"}],"author":[{"embeddable":true,"href":"https:\/\/www.plusvillas.es\/fr\/wp-json\/wp\/v2\/users\/5"}],"replies":[{"embeddable":true,"href":"https:\/\/www.plusvillas.es\/fr\/wp-json\/wp\/v2\/comments?post=26826"}],"version-history":[{"count":0,"href":"https:\/\/www.plusvillas.es\/fr\/wp-json\/wp\/v2\/pages\/26826\/revisions"}],"wp:attachment":[{"href":"https:\/\/www.plusvillas.es\/fr\/wp-json\/wp\/v2\/media?parent=26826"}],"curies":[{"name":"wp","href":"https:\/\/api.w.org\/{rel}","templated":true}]}}