    {"id":26841,"date":"2019-01-23T16:49:06","date_gmt":"2019-01-23T16:49:06","guid":{"rendered":"https:\/\/www.plusvillas.es\/politica-cookies\/"},"modified":"2020-01-27T10:27:36","modified_gmt":"2020-01-27T10:27:36","slug":"politique-de-cookies","status":"publish","type":"page","link":"https:\/\/www.plusvillas.es\/fr\/politique-de-cookies\/","title":{"rendered":"Politique de cookies"},"content":{"rendered":"<p>[vc_row][vc_column][vc_column_text]<\/p>\n<ul>\n<li class=\"first\">\n<h3 id=\"haya-legal-01\" class=\"haya-page-container-title\">1. Que sont les cookies?<\/h3>\n<p class=\"haya-page-container-text\">Les cookies sont de petits fichiers que les sites Web envoient au navigateur et sont stock\u00e9s dans le terminal de l&#8217;utilisateur, qui peut \u00eatre un ordinateur personnel, un t\u00e9l\u00e9phone mobile, une tablette ou tout autre appareil. Entre autres fonctions, elles permettent \u00e0 une page Web de stocker et de r\u00e9cup\u00e9rer des informations sur les habitudes de navigation d&#8217;un utilisateur ou de son \u00e9quipe et, selon les informations obtenues, peuvent \u00eatre utilis\u00e9es pour reconna\u00eetre l&#8217;utilisateur et am\u00e9liorer le service propos\u00e9.<\/p>\n<\/li>\n<\/ul>\n<p>&nbsp;<\/p>\n<ul>\n<li>\n<h3 id=\"haya-legal-02\" class=\"haya-page-container-title\">2. Pourquoi PLUSVILLAS utilise des cookies?<\/h3>\n<p class=\"haya-page-container-text\">PLUSVILLAS utilise des cookies strictement n\u00e9cessaires et essentiels pour que l&#8217;utilisateur puisse naviguer librement et plus facilement sur le site Web. Ceux-ci sont utilis\u00e9s pour aider \u00e0 am\u00e9liorer le service aux utilisateurs, mesurer l&#8217;utilisation et les performances de la page, l&#8217;optimiser et la personnaliser.<\/p>\n<p>Le site Web peut contenir des liens vers d&#8217;autres sites Web ou r\u00e9seaux sociaux (tels que Facebook ou Twitter). En ce sens, PLUSVILLAS ne contr\u00f4le pas les cookies utilis\u00e9s par ces sites Web externes. Pour plus d&#8217;informations sur les cookies des r\u00e9seaux sociaux ou d&#8217;autres sites Web tiers, nous vous recommandons de revoir vos propres politiques en mati\u00e8re de cookies.<\/li>\n<\/ul>\n<p>&nbsp;<\/p>\n<ul>\n<li>\n<h3 id=\"haya-legal-03\" class=\"haya-page-container-title\">3. Acceptation de la politique de cookies<\/h3>\n<p class=\"haya-page-container-text\">PLUSVILLAS suppose que l&#8217;utilisateur accepte l&#8217;utilisation de cookies. Cependant, il affiche des informations sur sa politique de cookies en haut de n&#8217;importe quelle page du portail avec chaque connexion afin de vous informer.<\/p>\n<p>Compte tenu de ces informations, il est possible d&#8217;effectuer les actions suivantes:<\/p>\n<p>Acceptez l&#8217;utilisation de cookies. Cet avis ne sera plus affich\u00e9 lors de l&#8217;acc\u00e8s \u00e0 n&#8217;importe quelle page du portail.<br \/>\nFermer. L&#8217;avis est masqu\u00e9 sur cette page.<br \/>\nObtenez plus d&#8217;informations. Vous pouvez d\u00e9couvrir ce que sont les cookies, en savoir plus sur la politique de cookies de PLUSVILLAS et modifier les param\u00e8tres de votre navigateur.<\/li>\n<\/ul>\n<p>&nbsp;<\/p>\n<ul>\n<li>\n<h3 id=\"haya-legal-04\" class=\"haya-page-container-title\">4. Cookies utilis\u00e9s sur le Web<\/h3>\n<p class=\"haya-page-container-text\">Les cookies utilis\u00e9s sur le Site sont les suivants:<\/p>\n<table class=\"table-data\">\n<thead>\n<tr>\n<th>COOKIE<\/th>\n<th>DESCRIPCI\u00d3N<\/th>\n<th>DURACI\u00d3N<\/th>\n<th>FUENTE<\/th>\n<\/tr>\n<\/thead>\n<tbody>\n<tr>\n<td><span class=\"data-value\">MUID<\/span><\/td>\n<td><span class=\"data-value\">Utilizada ampliamente por Microsoft como identificaci\u00f3n \u00fanica de usuario. La cookie permite el seguimiento del usuario sincronizando la identificaci\u00f3n a lo largo de muchos dominios de Microsoft.<\/span><\/td>\n<td><span class=\"data-value\">1 a\u00f1o<\/span><\/td>\n<td><span class=\"data-value\">bing.com<\/span><\/td>\n<\/tr>\n<tr>\n<td><span class=\"data-value\">SRCHD<\/span><\/td>\n<td><span class=\"data-value\">No clasificada<\/span><\/td>\n<td><span class=\"data-value\">2 a\u00f1os<\/span><\/td>\n<td><span class=\"data-value\">bing.com<\/span><\/td>\n<\/tr>\n<tr>\n<td><span class=\"data-value\">SRCHHPGUSR<\/span><\/td>\n<td><span class=\"data-value\">No clasificada<\/span><\/td>\n<td><span class=\"data-value\">2 a\u00f1os<\/span><\/td>\n<td><span class=\"data-value\">bing.com<\/span><\/td>\n<\/tr>\n<tr>\n<td><span class=\"data-value\">SRCHUID<\/span><\/td>\n<td><span class=\"data-value\">No clasificada<\/span><\/td>\n<td><span class=\"data-value\">2 a\u00f1os<\/span><\/td>\n<td><span class=\"data-value\">bing.com<\/span><\/td>\n<\/tr>\n<tr>\n<td><span class=\"data-value\">SRCHUSR<\/span><\/td>\n<td><span class=\"data-value\">No clasificada<\/span><\/td>\n<td><span class=\"data-value\">2 a\u00f1os<\/span><\/td>\n<td><span class=\"data-value\">bing.com<\/span><\/td>\n<\/tr>\n<tr>\n<td><span class=\"data-value\">MR<\/span><\/td>\n<td><span class=\"data-value\">No clasificada<\/span><\/td>\n<td><span class=\"data-value\">179 d\u00edas<\/span><\/td>\n<td><span class=\"data-value\">bing.com<\/span><\/td>\n<\/tr>\n<tr>\n<td><span class=\"data-value\">MUIDB<\/span><\/td>\n<td><span class=\"data-value\">No clasificada<\/span><\/td>\n<td><span class=\"data-value\">1 a\u00f1o<\/span><\/td>\n<td><span class=\"data-value\">bing.com<\/span><\/td>\n<\/tr>\n<tr>\n<td><span class=\"data-value\">IDE<\/span><\/td>\n<td><span class=\"data-value\">Es la principal cookie de publicidad que usa Google en los sitios web que no pertenecen a Google se denomina &#8220;id&#8221; o &#8220;IDE&#8221; y se almacena en navegadores en el dominio doubleclick.net. <\/span><\/td>\n<td><span class=\"data-value\">1 a\u00f1o<\/span><\/td>\n<td><span class=\"data-value\">doubleclick.net<\/span><\/td>\n<\/tr>\n<tr>\n<td><span class=\"data-value\">fr<\/span><\/td>\n<td><span class=\"data-value\">Cookie para medici\u00f3n de campa\u00f1as de Facebook<\/span><\/td>\n<td><span class=\"data-value\">3 meses<\/span><\/td>\n<td><span class=\"data-value\">facebook.com<\/span><\/td>\n<\/tr>\n<tr>\n<td><span class=\"data-value\">CONSENT<\/span><\/td>\n<td><span class=\"data-value\">Al crear o iniciar sesi\u00f3n en una cuenta de Google se almacenan estas Cookies en su ordenador con el fin de permanecer conectado a su cuenta de Google al visitar sus servicios de nuevo. Mientras permanezca con esta sesi\u00f3n activa y use complementos en otros sitios Web como el nuestro, Google har\u00e1 uso de estas cookies para mejorar su experiencia de uso.<\/span><\/td>\n<td><span class=\"data-value\">20 a\u00f1os<\/span><\/td>\n<td><span class=\"data-value\">google.com<\/span><\/td>\n<\/tr>\n<tr>\n<td><span class=\"data-value\">NID<\/span><\/td>\n<td><span class=\"data-value\">La cookie NID contiene un ID \u00fanico que Google utiliza para recordar tus preferencias y otra informaci\u00f3n, como tu idioma preferido (por ejemplo, el espa\u00f1ol), el n\u00famero de resultados de b\u00fasqueda que quieres que se muestren por p\u00e1gina (por ejemplo, 10 o 20) y si quieres que el filtro SafeSearch de Google est\u00e9 activado o desactivado.<\/span><\/td>\n<td><span class=\"data-value\">6 meses<\/span><\/td>\n<td><span class=\"data-value\">google.com<\/span><\/td>\n<\/tr>\n<tr>\n<td><span class=\"data-value\">1P_JAR<\/span><\/td>\n<td><span class=\"data-value\">Transfiere datos a Google<\/span><\/td>\n<td><span class=\"data-value\">1 semana<\/span><\/td>\n<td><span class=\"data-value\">google.es<\/span><\/td>\n<\/tr>\n<tr>\n<td><span class=\"data-value\">CONSENT<\/span><\/td>\n<td><span class=\"data-value\">Al crear o iniciar sesi\u00f3n en una cuenta de Google se almacenan estas Cookies en su ordenador con el fin de permanecer conectado a su cuenta de Google al visitar sus servicios de nuevo. Mientras permanezca con esta sesi\u00f3n activa y use complementos en otros sitios Web como el nuestro, Google har\u00e1 uso de estas cookies para mejorar su experiencia de uso.<\/span><\/td>\n<td><span class=\"data-value\">20 a\u00f1os<\/span><\/td>\n<td><span class=\"data-value\">google.es<\/span><\/td>\n<\/tr>\n<tr>\n<td><span class=\"data-value\">NID<\/span><\/td>\n<td><span class=\"data-value\">La cookie NID contiene un ID \u00fanico que Google utiliza para recordar tus preferencias y otra informaci\u00f3n, como tu idioma preferido (por ejemplo, el espa\u00f1ol), el n\u00famero de resultados de b\u00fasqueda que quieres que se muestren por p\u00e1gina (por ejemplo, 10 o 20) y si quieres que el filtro SafeSearch de Google est\u00e9 activado o desactivado.<\/span><\/td>\n<td><span class=\"data-value\">6 meses<\/span><\/td>\n<td><span class=\"data-value\">google.es<\/span><\/td>\n<\/tr>\n<tr>\n<td><span class=\"data-value\">_ga<\/span><\/td>\n<td><span class=\"data-value\">Se usa para distinguir a los usuarios.<\/span><\/td>\n<td><span class=\"data-value\">2 a\u00f1os<\/span><\/td>\n<td><span class=\"data-value\">plusvillas.es<\/span><\/td>\n<\/tr>\n<tr>\n<td><span class=\"data-value\">_gat_UA-51202031-1<\/span><\/td>\n<td><span class=\"data-value\">Esta es una cookie de tipo de patr\u00f3n establecida por Google Analytics, donde el elemento de patr\u00f3n en el nombre contiene el n\u00famero de identidad \u00fanico de la cuenta o del sitio web al que se refiere.<\/span><\/td>\n<td><span class=\"data-value\">1 minuto<\/span><\/td>\n<td><span class=\"data-value\">plusvillas.es<\/span><\/td>\n<\/tr>\n<tr>\n<td><span class=\"data-value\">_gat_UA-51202031-3<\/span><\/td>\n<td><span class=\"data-value\">Esta es una cookie de tipo de patr\u00f3n establecida por Google Analytics, donde el elemento de patr\u00f3n en el nombre contiene el n\u00famero de identidad \u00fanico de la cuenta o del sitio web al que se refiere.<\/span><\/td>\n<td><span class=\"data-value\">1 minuto<\/span><\/td>\n<td><span class=\"data-value\">plusvillas.es<\/span><\/td>\n<\/tr>\n<tr>\n<td><span class=\"data-value\">_gid<\/span><\/td>\n<td><span class=\"data-value\">Se usa para distinguir a los usuarios.<\/span><\/td>\n<td><span class=\"data-value\">1 d\u00eda<\/span><\/td>\n<td><span class=\"data-value\">plusvillas.es<\/span><\/td>\n<\/tr>\n<tr>\n<td><span class=\"data-value\">_uetsid<\/span><\/td>\n<td><\/td>\n<td><span class=\"data-value\">30 minutos<\/span><\/td>\n<td><span class=\"data-value\">plusvillas.es<\/span><\/td>\n<\/tr>\n<tr>\n<td><span class=\"data-value\">incap_ses_456_1215153<\/span><\/td>\n<td><span class=\"data-value\">Estas cookies mejoran el rendimiento y la seguridad en el sitio web.<\/span><\/td>\n<td><span class=\"data-value\">Sesi\u00f3n<\/span><\/td>\n<td><span class=\"data-value\">plusvillas.es<\/span><\/td>\n<\/tr>\n<tr>\n<td><span class=\"data-value\">visid_incap_1215153<\/span><\/td>\n<td><span class=\"data-value\">Estas cookies mejoran el rendimiento y la seguridad en el sitio web.<\/span><\/td>\n<td><span class=\"data-value\">1 a\u00f1o<\/span><\/td>\n<td><span class=\"data-value\">plusvillas.es<\/span><\/td>\n<\/tr>\n<tr>\n<td><span class=\"data-value\">PHPSESSID<\/span><\/td>\n<td><span class=\"data-value\">Cookie generada por aplicaciones basadas en el lenguaje PHP. Este es un identificador de prop\u00f3sito general utilizado para mantener variables de sesi\u00f3n de usuario.<\/span><\/td>\n<td><span class=\"data-value\">Sesi\u00f3n<\/span><\/td>\n<td><span class=\"data-value\">plusvillas.es<\/span><\/td>\n<\/tr>\n<tr>\n<td><span class=\"data-value\">___utmvc<\/span><\/td>\n<td><span class=\"data-value\">Se usa para determinar la inclusi\u00f3n de un usuario en un experimento.<\/span><\/td>\n<td><span class=\"data-value\">Sesi\u00f3n<\/span><\/td>\n<td><span class=\"data-value\">plusvillas..es<\/span><\/td>\n<\/tr>\n<tr>\n<td><span class=\"data-value\">criteo_write_test<\/span><\/td>\n<td><\/td>\n<td><span class=\"data-value\">Sesi\u00f3n<\/span><\/td>\n<td><span class=\"data-value\">plusvillas.es<\/span><\/td>\n<\/tr>\n<tr>\n<td><span class=\"data-value\">homeSearchCookie<\/span><\/td>\n<td><span class=\"data-value\">Se usa para registrar el historial de b\u00fasquedas de la web<\/span><\/td>\n<td><span class=\"data-value\">1 mes<\/span><\/td>\n<td><span class=\"data-value\">plusvillas.es<\/span><\/td>\n<\/tr>\n<\/tbody>\n<\/table>\n<\/li>\n<\/ul>\n<p>&nbsp;<\/p>\n<ul>\n<li>\n<h3 id=\"haya-legal-05\" class=\"haya-page-container-title\">5. \u00bfC\u00f3mo puedo modificar la configuraci\u00f3n de las cookies?<\/h3>\n<p class=\"haya-page-container-text\">La legislaci\u00f3n vigente nos obliga a solicitar la conformidad del usuario para poder gestionar las cookies. En caso que el usuario decida no autorizar el uso de las cookies antes descritas, PLUSVILLAS no almacenar\u00eda ninguna cookie y tan s\u00f3lo se usar\u00edan las cookies t\u00e9cnicas dado que sin ellas no es posible navegar por el Sitio Web. En caso de seguir navegando por el Sitio web y no denegar la autorizaci\u00f3n, dicha actividad implicar\u00e1 la aceptaci\u00f3n de su uso.<\/p>\n<p class=\"haya-page-container-text\">El usuario puede restringir, bloquear o borrar las cookies utilizadas por PLUSVILLAS o cualquier otra p\u00e1gina web, utilizando su navegador. En cada navegador la operativa es diferente, a continuaci\u00f3n se facilitan los enlaces de distintos navegadores sobre c\u00f3mo realizar dichas modificaciones:<\/p>\n<\/li>\n<\/ul>\n<p>[\/vc_column_text][vc_row_inner][vc_column_inner width=&#8221;1\/4&#8243;][vc_single_image image=&#8221;26842&#8243; img_size=&#8221;80&#215;80&#8243; alignment=&#8221;center&#8221; onclick=&#8221;custom_link&#8221; img_link_target=&#8221;_blank&#8221; link=&#8221;https:\/\/support.google.com\/chrome\/answer\/95647?hl=es&#8221;][vc_column_text css=&#8221;.vc_custom_1550745647496{margin-top: -20px !important;}&#8221;]<\/p>\n<h2 style=\"text-align: center;\"><a href=\"https:\/\/support.google.com\/chrome\/answer\/95647?hl=es\" target=\"_blank\" rel=\"noopener noreferrer\">Google Chrome<\/a><\/h2>\n<p>[\/vc_column_text][\/vc_column_inner][vc_column_inner width=&#8221;1\/4&#8243;][vc_single_image image=&#8221;26850&#8243; img_size=&#8221;80&#215;80&#8243; alignment=&#8221;center&#8221; onclick=&#8221;custom_link&#8221; img_link_target=&#8221;_blank&#8221; link=&#8221;https:\/\/support.mozilla.org\/es\/kb\/Borrar%20cookies&#8221;][vc_column_text css=&#8221;.vc_custom_1550745682390{margin-top: -20px !important;}&#8221;]<\/p>\n<h2 style=\"text-align: center;\"><a href=\"https:\/\/support.mozilla.org\/es\/kb\/Borrar%20cookies\" target=\"_blank\" rel=\"noopener noreferrer\">Mozilla Firefox<\/a><\/h2>\n<p>[\/vc_column_text][\/vc_column_inner][vc_column_inner width=&#8221;1\/4&#8243;][vc_single_image image=&#8221;26851&#8243; img_size=&#8221;80&#215;80&#8243; alignment=&#8221;center&#8221; onclick=&#8221;custom_link&#8221; img_link_target=&#8221;_blank&#8221; link=&#8221;https:\/\/support.microsoft.com\/es-es\/help\/17442\/windows-internet-explorer-delete-manage-cookies&#8221;][vc_column_text css=&#8221;.vc_custom_1550745697704{margin-top: -20px !important;}&#8221;]<\/p>\n<h2 style=\"text-align: center;\"><a href=\"https:\/\/support.microsoft.com\/es-es\/help\/17442\/windows-internet-explorer-delete-manage-cookies\" target=\"_blank\" rel=\"noopener noreferrer\">Internet Explorer<\/a><\/h2>\n<p>[\/vc_column_text][\/vc_column_inner][vc_column_inner width=&#8221;1\/4&#8243;][vc_single_image image=&#8221;26852&#8243; img_size=&#8221;80&#215;80&#8243; alignment=&#8221;center&#8221; onclick=&#8221;custom_link&#8221; img_link_target=&#8221;_blank&#8221; link=&#8221;https:\/\/support.apple.com\/es-es\/HT201265&#8243;][vc_column_text css=&#8221;.vc_custom_1550745707932{margin-top: -20px !important;}&#8221;]<\/p>\n<h2 style=\"text-align: center;\"><a href=\"https:\/\/support.apple.com\/es-es\/HT201265\" target=\"_blank\" rel=\"noopener noreferrer\">Apple Safari<\/a><\/h2>\n<p>[\/vc_column_text][\/vc_column_inner][\/vc_row_inner][vc_column_text]<\/p>\n<ul>\n<li class=\"haya-page-container-text\">En caso de realizar modificaciones en la configuraci\u00f3n de las cookies, PLUSVILLAS informa que no asegura el correcto funcionamiento de las distintas funcionalidades del Sitio Web.<\/li>\n<\/ul>\n<p>&nbsp;<\/p>\n<ul>\n<li>\n<h3 id=\"haya-legal-06\" class=\"haya-page-container-title\">6. \u00bfC\u00f3mo obtener m\u00e1s informaci\u00f3n?<\/h3>\n<p class=\"haya-page-container-text\">En PLUSVILLAS estaremos encantados de poder atender a cualquier consulta que no est\u00e9 especificada en esta pol\u00edtica sobre c\u00f3mo utilizamos las cookies. En este caso, cualquier usuario puede mandarnos dichas dudas a la siguiente direcci\u00f3n: info@plusvillas.es.<\/p>\n<\/li>\n<\/ul>\n<p>[\/vc_column_text][\/vc_column][\/vc_row]<\/p>\n","protected":false},"excerpt":{"rendered":"<p>[vc_row][vc_column][vc_column_text] 1. Que sont les cookies? Les cookies sont de petits fichiers que les sites Web envoient au navigateur et sont stock\u00e9s dans le terminal de l&#8217;utilisateur, qui peut \u00eatre un ordinateur personnel, un t\u00e9l\u00e9phone mobile, une tablette ou tout autre appareil. Entre autres fonctions, elles permettent \u00e0 une page Web de stocker et de r\u00e9cup\u00e9rer des informations sur les habitudes de navigation d&#8217;un &#8230;<\/p>\n","protected":false},"author":5,"featured_media":0,"parent":0,"menu_order":0,"comment_status":"closed","ping_status":"open","template":"","meta":{"footnotes":"","_vp_format_video_url":"","_vp_image_focal_point":[],"_joinchat":[]},"yoast_head":"<!-- This site is optimized with the Yoast SEO plugin v21.6 - https:\/\/yoast.com\/wordpress\/plugins\/seo\/ -->\n<title>Politique de cookies - Plusvillas<\/title>\n<meta name=\"robots\" content=\"index, follow, max-snippet:-1, max-image-preview:large, max-video-preview:-1\" \/>\n<link rel=\"canonical\" href=\"https:\/\/www.plusvillas.es\/fr\/politique-de-cookies\/\" \/>\n<meta property=\"og:locale\" content=\"fr_FR\" \/>\n<meta property=\"og:type\" content=\"article\" \/>\n<meta property=\"og:title\" content=\"Politique de cookies - Plusvillas\" \/>\n<meta property=\"og:description\" content=\"[vc_row][vc_column][vc_column_text] 1. Que sont les cookies? Les cookies sont de petits fichiers que les sites Web envoient au navigateur et sont stock\u00e9s dans le terminal de l&#8217;utilisateur, qui peut \u00eatre un ordinateur personnel, un t\u00e9l\u00e9phone mobile, une tablette ou tout autre appareil. Entre autres fonctions, elles permettent \u00e0 une page Web de stocker et de r\u00e9cup\u00e9rer des informations sur les habitudes de navigation d&#8217;un ...\" \/>\n<meta property=\"og:url\" content=\"https:\/\/www.plusvillas.es\/fr\/politique-de-cookies\/\" \/>\n<meta property=\"og:site_name\" content=\"Plusvillas\" \/>\n<meta property=\"article:modified_time\" content=\"2020-01-27T10:27:36+00:00\" \/>\n<meta name=\"twitter:card\" content=\"summary_large_image\" \/>\n<meta name=\"twitter:label1\" content=\"Dur\u00e9e de lecture estim\u00e9e\" \/>\n\t<meta name=\"twitter:data1\" content=\"7 minutes\" \/>\n<script type=\"application\/ld+json\" class=\"yoast-schema-graph\">{\"@context\":\"https:\/\/schema.org\",\"@graph\":[{\"@type\":\"WebPage\",\"@id\":\"https:\/\/www.plusvillas.es\/fr\/politique-de-cookies\/\",\"url\":\"https:\/\/www.plusvillas.es\/fr\/politique-de-cookies\/\",\"name\":\"Politique de cookies - Plusvillas\",\"isPartOf\":{\"@id\":\"https:\/\/www.plusvillas.es\/fr\/#website\"},\"datePublished\":\"2019-01-23T16:49:06+00:00\",\"dateModified\":\"2020-01-27T10:27:36+00:00\",\"breadcrumb\":{\"@id\":\"https:\/\/www.plusvillas.es\/fr\/politique-de-cookies\/#breadcrumb\"},\"inLanguage\":\"fr-FR\",\"potentialAction\":[{\"@type\":\"ReadAction\",\"target\":[\"https:\/\/www.plusvillas.es\/fr\/politique-de-cookies\/\"]}]},{\"@type\":\"BreadcrumbList\",\"@id\":\"https:\/\/www.plusvillas.es\/fr\/politique-de-cookies\/#breadcrumb\",\"itemListElement\":[{\"@type\":\"ListItem\",\"position\":1,\"name\":\"Portada\",\"item\":\"https:\/\/www.plusvillas.es\/fr\/\"},{\"@type\":\"ListItem\",\"position\":2,\"name\":\"Politique de cookies\"}]},{\"@type\":\"WebSite\",\"@id\":\"https:\/\/www.plusvillas.es\/fr\/#website\",\"url\":\"https:\/\/www.plusvillas.es\/fr\/\",\"name\":\"Plusvillas\",\"description\":\"Venta de inmuebles en la Costa Blanca\",\"potentialAction\":[{\"@type\":\"SearchAction\",\"target\":{\"@type\":\"EntryPoint\",\"urlTemplate\":\"https:\/\/www.plusvillas.es\/fr\/?s={search_term_string}\"},\"query-input\":\"required name=search_term_string\"}],\"inLanguage\":\"fr-FR\"}]}<\/script>\n<!-- \/ Yoast SEO plugin. -->","yoast_head_json":{"title":"Politique de cookies - Plusvillas","robots":{"index":"index","follow":"follow","max-snippet":"max-snippet:-1","max-image-preview":"max-image-preview:large","max-video-preview":"max-video-preview:-1"},"canonical":"https:\/\/www.plusvillas.es\/fr\/politique-de-cookies\/","og_locale":"fr_FR","og_type":"article","og_title":"Politique de cookies - Plusvillas","og_description":"[vc_row][vc_column][vc_column_text] 1. Que sont les cookies? Les cookies sont de petits fichiers que les sites Web envoient au navigateur et sont stock\u00e9s dans le terminal de l&#8217;utilisateur, qui peut \u00eatre un ordinateur personnel, un t\u00e9l\u00e9phone mobile, une tablette ou tout autre appareil. Entre autres fonctions, elles permettent \u00e0 une page Web de stocker et de r\u00e9cup\u00e9rer des informations sur les habitudes de navigation d&#8217;un ...","og_url":"https:\/\/www.plusvillas.es\/fr\/politique-de-cookies\/","og_site_name":"Plusvillas","article_modified_time":"2020-01-27T10:27:36+00:00","twitter_card":"summary_large_image","twitter_misc":{"Dur\u00e9e de lecture estim\u00e9e":"7 minutes"},"schema":{"@context":"https:\/\/schema.org","@graph":[{"@type":"WebPage","@id":"https:\/\/www.plusvillas.es\/fr\/politique-de-cookies\/","url":"https:\/\/www.plusvillas.es\/fr\/politique-de-cookies\/","name":"Politique de cookies - Plusvillas","isPartOf":{"@id":"https:\/\/www.plusvillas.es\/fr\/#website"},"datePublished":"2019-01-23T16:49:06+00:00","dateModified":"2020-01-27T10:27:36+00:00","breadcrumb":{"@id":"https:\/\/www.plusvillas.es\/fr\/politique-de-cookies\/#breadcrumb"},"inLanguage":"fr-FR","potentialAction":[{"@type":"ReadAction","target":["https:\/\/www.plusvillas.es\/fr\/politique-de-cookies\/"]}]},{"@type":"BreadcrumbList","@id":"https:\/\/www.plusvillas.es\/fr\/politique-de-cookies\/#breadcrumb","itemListElement":[{"@type":"ListItem","position":1,"name":"Portada","item":"https:\/\/www.plusvillas.es\/fr\/"},{"@type":"ListItem","position":2,"name":"Politique de cookies"}]},{"@type":"WebSite","@id":"https:\/\/www.plusvillas.es\/fr\/#website","url":"https:\/\/www.plusvillas.es\/fr\/","name":"Plusvillas","description":"Venta de inmuebles en la Costa Blanca","potentialAction":[{"@type":"SearchAction","target":{"@type":"EntryPoint","urlTemplate":"https:\/\/www.plusvillas.es\/fr\/?s={search_term_string}"},"query-input":"required name=search_term_string"}],"inLanguage":"fr-FR"}]}},"_links":{"self":[{"href":"https:\/\/www.plusvillas.es\/fr\/wp-json\/wp\/v2\/pages\/26841"}],"collection":[{"href":"https:\/\/www.plusvillas.es\/fr\/wp-json\/wp\/v2\/pages"}],"about":[{"href":"https:\/\/www.plusvillas.es\/fr\/wp-json\/wp\/v2\/types\/page"}],"author":[{"embeddable":true,"href":"https:\/\/www.plusvillas.es\/fr\/wp-json\/wp\/v2\/users\/5"}],"replies":[{"embeddable":true,"href":"https:\/\/www.plusvillas.es\/fr\/wp-json\/wp\/v2\/comments?post=26841"}],"version-history":[{"count":0,"href":"https:\/\/www.plusvillas.es\/fr\/wp-json\/wp\/v2\/pages\/26841\/revisions"}],"wp:attachment":[{"href":"https:\/\/www.plusvillas.es\/fr\/wp-json\/wp\/v2\/media?parent=26841"}],"curies":[{"name":"wp","href":"https:\/\/api.w.org\/{rel}","templated":true}]}}