    {"id":26891,"date":"2019-07-05T12:41:03","date_gmt":"2019-07-05T12:41:03","guid":{"rendered":"https:\/\/www.plusvillas.es\/denia\/"},"modified":"2020-01-27T13:21:05","modified_gmt":"2020-01-27T13:21:05","slug":"denia","status":"publish","type":"page","link":"https:\/\/www.plusvillas.es\/fr\/denia\/","title":{"rendered":"D\u00e9nia"},"content":{"rendered":"<p>[vc_row][vc_column]<div id=\"ultimate-heading-287869f78ec84de52\" class=\"uvc-heading ult-adjust-bottom-margin ultimate-heading-287869f78ec84de52 uvc-700 \" data-hspacer=\"no_spacer\"  data-halign=\"left\" style=\"text-align:left\"><div class=\"uvc-heading-spacer no_spacer\" style=\"top\"><\/div><div class=\"uvc-main-heading ult-responsive\"  data-ultimate-target='.uvc-heading.ultimate-heading-287869f78ec84de52 h2'  data-responsive-json-new='{\"font-size\":\"\",\"line-height\":\"\"}' ><h2 style=\"font-weight:bold;color:#c31a1f;margin-bottom:-10px;\">D\u00c9NIA<\/h2><\/div><div class=\"uvc-sub-heading ult-responsive\"  data-ultimate-target='.uvc-heading.ultimate-heading-287869f78ec84de52 .uvc-sub-heading '  data-responsive-json-new='{\"font-size\":\"\",\"line-height\":\"\"}'  style=\"font-weight:bold;\"><\/p>\n<h1>Des logements pour des vacances inoubliables<\/h1>\n<p><\/div><\/div>[vc_images_carousel images=&#8221;26886,19552&#8243; img_size=&#8221;full&#8221; autoplay=&#8221;yes&#8221; wrap=&#8221;yes&#8221;][vc_column_text]Lors du choix des meilleures visites ou sites touristiques \u00e0 visiter pendant nos vacances, nous devons prendre en compte un certain nombre de facteurs qui rendent chaque voyage ou excursion inoubliable. Cependant, le plus normal est que si vous ne connaissez pas la r\u00e9gion, vous avez besoin d&#8217;aide.<\/p>\n<p>C&#8217;est pourquoi chez Plusholidays, nous avons voulu r\u00e9v\u00e9ler les aspects les plus marquants de Denia.<\/p>\n<p>Denia est une ville d&#8217;Alicante, encadr\u00e9e \u00e0 Marina Alta, a une population moyenne d&#8217;environ 40 000 habitants, cependant, cela augmente en \u00e9t\u00e9 par l&#8217;arriv\u00e9e de touristes. C&#8217;est une destination tr\u00e8s populaire et les gens l&#8217;aiment g\u00e9n\u00e9ralement beaucoup, en particulier les Madridois. Il a \u00e9galement des touristes non seulement nationaux, mais de partout dans le monde, c&#8217;est donc un bon endroit si vous \u00eates jeune, pour rencontrer des gens et vous faire de nouveaux amis.<\/p>\n<p>Denia a un port commercial d&#8217;o\u00f9 nous pouvons nous d\u00e9placer \u00e0 Ibiza ou prendre diff\u00e9rentes excursions en ferry autour de la c\u00f4te.<\/p>\n<p><strong>Loisirs et activit\u00e9s de loisirs \u00e0 Denia<br \/>\n<\/strong>Des activit\u00e9s guid\u00e9es \u00e0 Denia vous permettront de d\u00e9couvrir la r\u00e9gion d&#8217;une mani\u00e8re beaucoup plus intime et de profiter de l&#8217;aventure familiale et des sports. Par exemple, planche \u00e0 voile, kayak, paintball ou activit\u00e9s multifamiliales.<\/p>\n<p>Une tr\u00e8s bonne alternative est la soci\u00e9t\u00e9 de loisirs Okaventuras, qui permet diff\u00e9rents itin\u00e9raires et sports le long de la c\u00f4te et au pied des grandes falaises, ce qui est une exp\u00e9rience tr\u00e8s naturiste. Vous pouvez \u00e9galement pratiquer le canyoning si vous \u00eates de ceux qui aiment un sport plus aventureux.<\/p>\n<p>La randonn\u00e9e, sans aucun doute, est une autre activit\u00e9 tr\u00e8s int\u00e9ressante qui vous permettra de vous connecter avec la flore et la faune de la r\u00e9gion et de d\u00e9couvrir les merveilles naturelles qui entourent Denia. Heureusement, la p\u00e9riph\u00e9rie de la ville n&#8217;est pas envahissante et respecte tr\u00e8s bien l&#8217;environnement naturel.<\/p>\n<p><strong>Plages de Denia<br \/>\n<\/strong>En ce qui concerne les plages de Denia, il convient de noter que la plupart sont belles et offrent une grande exp\u00e9rience, en particulier pour les plus petites qui peuvent \u00eatre diverties en faisant des ch\u00e2teaux dans le sable et en jouant avec les vagues, qui, en principe, ne sont pas dangereuses pour eux.<\/p>\n<p>Denia a un littoral de 20 kilom\u00e8tres, pouvant diviser la zone en deux: le nord, avec de larges plages et du sable, et la zone sud o\u00f9 les criques sont rocheuses. Ces plages sont certifi\u00e9es ISO 14001 et ISO 9001-2000, ce qui indique qu&#8217;il s&#8217;agit de plages de qualit\u00e9 avec une bonne gestion environnementale.<\/p>\n<p>La zone des marinas poss\u00e8de les plages les plus sablonneuses, comme Les Deveses ou L\u2019Almadraba, qui vous surprendront. Les Rotes a de nombreuses criques et la promenade, pour laquelle il est fortement recommand\u00e9 de marcher seul avec le couple.<\/p>\n<p>En ce qui concerne la gastronomie de la r\u00e9gion, il faut souligner le concours Red Gamba, la route des tapas, la rencontre gastronomique d&#8217;Arr\u00f3s Cald\u00f3s, donc si vous voulez bien manger Denia est une tr\u00e8s bonne ville pour elle.<\/p>\n<p><strong>Soir\u00e9es \u00e0 Denia<br \/>\n<\/strong>En ce qui concerne les festivit\u00e9s de Denia, il convient de noter qu&#8217;elles ont une vie nocturne de qualit\u00e9, ce qui rend particuli\u00e8rement agr\u00e9able de se promener dans ses rues pr\u00e8s du port ou de l&#8217;une de ses plages, o\u00f9 nous pouvons profiter \u00e0 la fois des restaurants et des repas du zone, comme des concerts de musique live et de nombreuses autres activit\u00e9s.<\/p>\n<p>Denia a une tr\u00e8s bonne offre de vie nocturne pour que les jeunes couples puissent passer un bon moment et profiter, les loisirs sont diversifi\u00e9s afin que vous trouviez ce qui vous convient le mieux.<\/p>\n<p>En ce qui concerne les f\u00eates plus traditionnelles, signalons la f\u00eate typique des Maures et des Chr\u00e9tiens, si caract\u00e9ristique du soul\u00e8vement espagnol avec les comparsas, les d\u00e9fauts qui commencent par le plant\u00e1 et la poudre \u00e0 canon, orn\u00e9s de quelques beaux d\u00e9fil\u00e9s et du masclet\u00e1. Il y a aussi des f\u00eates de caract\u00e9ristiques religieuses telles que les f\u00eates dans l&#8217;ermitage de San Juan et d&#8217;autres comme les feux de joie de San Juan, qui sont fortement recommand\u00e9es, d&#8217;autant plus qu&#8217;elles ont une forte atmosph\u00e8re maritime, que vous n&#8217;aurez s\u00fbrement pas dans votre ville. En d\u00e9cembre, la meilleure attraction est le march\u00e9 m\u00e9di\u00e9val qui se trouve dans les rues du centre historique de la ville, il est fortement recommand\u00e9 pour ceux qui veulent recr\u00e9er l&#8217;\u00e8re f\u00e9odale.<\/p>\n<p><strong>H\u00f4tel de ville de Denia<br \/>\n<\/strong>La mairie se caract\u00e9rise par la promotion de diff\u00e9rentes activit\u00e9s de loisirs et culturelles, cependant, l&#8217;accent est davantage mis sur les jeunes enfants, car les adultes ont d\u00e9j\u00e0 suffisamment d&#8217;options dans la ville. En fait, Denia est l&#8217;une des meilleures villes de la Costa Blanca en mati\u00e8re de vie nocturne.<\/p>\n<p>Si vous souhaitez des informations plus d\u00e9taill\u00e9es, l&#8217;office de tourisme est situ\u00e9 sur la Plaza del Consell, ils seront ravis et feront les meilleures recommandations pour profiter au maximum de l&#8217;exp\u00e9rience de Denia.<\/p>\n<p>En conclusion, Denia est une tr\u00e8s bonne ville pour passer vos vacances, donc si vous \u00eates vraiment int\u00e9ress\u00e9 par un environnement calme qui combine une vie nocturne de qualit\u00e9, sans aucun doute, Denia doit \u00eatre votre prochaine destination de vacances. De plus, gr\u00e2ce \u00e0 Plusholidays, vous pouvez.[\/vc_column_text][\/vc_column][\/vc_row]<\/p>\n","protected":false},"excerpt":{"rendered":"<p>[vc_row][vc_column][vc_images_carousel images=&#8221;26886,19552&#8243; img_size=&#8221;full&#8221; autoplay=&#8221;yes&#8221; wrap=&#8221;yes&#8221;][vc_column_text]Lors du choix des meilleures visites ou sites touristiques \u00e0 visiter pendant nos vacances, nous devons prendre en compte un certain nombre de facteurs qui rendent chaque voyage ou excursion inoubliable. Cependant, le plus normal est que si vous ne connaissez pas la r\u00e9gion, vous avez besoin d&#8217;aide. C&#8217;est pourquoi chez Plusholidays, nous avons voulu r\u00e9v\u00e9ler les aspects les plus &#8230;<\/p>\n","protected":false},"author":5,"featured_media":0,"parent":0,"menu_order":0,"comment_status":"closed","ping_status":"closed","template":"","meta":{"footnotes":"","_vp_format_video_url":"","_vp_image_focal_point":[],"_joinchat":[]},"yoast_head":"<!-- This site is optimized with the Yoast SEO plugin v21.6 - https:\/\/yoast.com\/wordpress\/plugins\/seo\/ -->\n<title>D\u00e9nia - Plusvillas<\/title>\n<meta name=\"robots\" content=\"index, follow, max-snippet:-1, max-image-preview:large, max-video-preview:-1\" \/>\n<link rel=\"canonical\" href=\"https:\/\/www.plusvillas.es\/fr\/denia\/\" \/>\n<meta property=\"og:locale\" content=\"fr_FR\" \/>\n<meta property=\"og:type\" content=\"article\" \/>\n<meta property=\"og:title\" content=\"D\u00e9nia - Plusvillas\" \/>\n<meta property=\"og:description\" content=\"[vc_row][vc_column][vc_images_carousel images=&#8221;26886,19552&#8243; img_size=&#8221;full&#8221; autoplay=&#8221;yes&#8221; wrap=&#8221;yes&#8221;][vc_column_text]Lors du choix des meilleures visites ou sites touristiques \u00e0 visiter pendant nos vacances, nous devons prendre en compte un certain nombre de facteurs qui rendent chaque voyage ou excursion inoubliable. Cependant, le plus normal est que si vous ne connaissez pas la r\u00e9gion, vous avez besoin d&#8217;aide. C&#8217;est pourquoi chez Plusholidays, nous avons voulu r\u00e9v\u00e9ler les aspects les plus ...\" \/>\n<meta property=\"og:url\" content=\"https:\/\/www.plusvillas.es\/fr\/denia\/\" \/>\n<meta property=\"og:site_name\" content=\"Plusvillas\" \/>\n<meta property=\"article:modified_time\" content=\"2020-01-27T13:21:05+00:00\" \/>\n<meta name=\"twitter:card\" content=\"summary_large_image\" \/>\n<meta name=\"twitter:label1\" content=\"Dur\u00e9e de lecture estim\u00e9e\" \/>\n\t<meta name=\"twitter:data1\" content=\"5 minutes\" \/>\n<script type=\"application\/ld+json\" class=\"yoast-schema-graph\">{\"@context\":\"https:\/\/schema.org\",\"@graph\":[{\"@type\":\"WebPage\",\"@id\":\"https:\/\/www.plusvillas.es\/fr\/denia\/\",\"url\":\"https:\/\/www.plusvillas.es\/fr\/denia\/\",\"name\":\"D\u00e9nia - Plusvillas\",\"isPartOf\":{\"@id\":\"https:\/\/www.plusvillas.es\/fr\/#website\"},\"datePublished\":\"2019-07-05T12:41:03+00:00\",\"dateModified\":\"2020-01-27T13:21:05+00:00\",\"breadcrumb\":{\"@id\":\"https:\/\/www.plusvillas.es\/fr\/denia\/#breadcrumb\"},\"inLanguage\":\"fr-FR\",\"potentialAction\":[{\"@type\":\"ReadAction\",\"target\":[\"https:\/\/www.plusvillas.es\/fr\/denia\/\"]}]},{\"@type\":\"BreadcrumbList\",\"@id\":\"https:\/\/www.plusvillas.es\/fr\/denia\/#breadcrumb\",\"itemListElement\":[{\"@type\":\"ListItem\",\"position\":1,\"name\":\"Portada\",\"item\":\"https:\/\/www.plusvillas.es\/fr\/\"},{\"@type\":\"ListItem\",\"position\":2,\"name\":\"D\u00e9nia\"}]},{\"@type\":\"WebSite\",\"@id\":\"https:\/\/www.plusvillas.es\/fr\/#website\",\"url\":\"https:\/\/www.plusvillas.es\/fr\/\",\"name\":\"Plusvillas\",\"description\":\"Venta de inmuebles en la Costa Blanca\",\"potentialAction\":[{\"@type\":\"SearchAction\",\"target\":{\"@type\":\"EntryPoint\",\"urlTemplate\":\"https:\/\/www.plusvillas.es\/fr\/?s={search_term_string}\"},\"query-input\":\"required name=search_term_string\"}],\"inLanguage\":\"fr-FR\"}]}<\/script>\n<!-- \/ Yoast SEO plugin. -->","yoast_head_json":{"title":"D\u00e9nia - Plusvillas","robots":{"index":"index","follow":"follow","max-snippet":"max-snippet:-1","max-image-preview":"max-image-preview:large","max-video-preview":"max-video-preview:-1"},"canonical":"https:\/\/www.plusvillas.es\/fr\/denia\/","og_locale":"fr_FR","og_type":"article","og_title":"D\u00e9nia - Plusvillas","og_description":"[vc_row][vc_column][vc_images_carousel images=&#8221;26886,19552&#8243; img_size=&#8221;full&#8221; autoplay=&#8221;yes&#8221; wrap=&#8221;yes&#8221;][vc_column_text]Lors du choix des meilleures visites ou sites touristiques \u00e0 visiter pendant nos vacances, nous devons prendre en compte un certain nombre de facteurs qui rendent chaque voyage ou excursion inoubliable. Cependant, le plus normal est que si vous ne connaissez pas la r\u00e9gion, vous avez besoin d&#8217;aide. C&#8217;est pourquoi chez Plusholidays, nous avons voulu r\u00e9v\u00e9ler les aspects les plus ...","og_url":"https:\/\/www.plusvillas.es\/fr\/denia\/","og_site_name":"Plusvillas","article_modified_time":"2020-01-27T13:21:05+00:00","twitter_card":"summary_large_image","twitter_misc":{"Dur\u00e9e de lecture estim\u00e9e":"5 minutes"},"schema":{"@context":"https:\/\/schema.org","@graph":[{"@type":"WebPage","@id":"https:\/\/www.plusvillas.es\/fr\/denia\/","url":"https:\/\/www.plusvillas.es\/fr\/denia\/","name":"D\u00e9nia - Plusvillas","isPartOf":{"@id":"https:\/\/www.plusvillas.es\/fr\/#website"},"datePublished":"2019-07-05T12:41:03+00:00","dateModified":"2020-01-27T13:21:05+00:00","breadcrumb":{"@id":"https:\/\/www.plusvillas.es\/fr\/denia\/#breadcrumb"},"inLanguage":"fr-FR","potentialAction":[{"@type":"ReadAction","target":["https:\/\/www.plusvillas.es\/fr\/denia\/"]}]},{"@type":"BreadcrumbList","@id":"https:\/\/www.plusvillas.es\/fr\/denia\/#breadcrumb","itemListElement":[{"@type":"ListItem","position":1,"name":"Portada","item":"https:\/\/www.plusvillas.es\/fr\/"},{"@type":"ListItem","position":2,"name":"D\u00e9nia"}]},{"@type":"WebSite","@id":"https:\/\/www.plusvillas.es\/fr\/#website","url":"https:\/\/www.plusvillas.es\/fr\/","name":"Plusvillas","description":"Venta de inmuebles en la Costa Blanca","potentialAction":[{"@type":"SearchAction","target":{"@type":"EntryPoint","urlTemplate":"https:\/\/www.plusvillas.es\/fr\/?s={search_term_string}"},"query-input":"required name=search_term_string"}],"inLanguage":"fr-FR"}]}},"_links":{"self":[{"href":"https:\/\/www.plusvillas.es\/fr\/wp-json\/wp\/v2\/pages\/26891"}],"collection":[{"href":"https:\/\/www.plusvillas.es\/fr\/wp-json\/wp\/v2\/pages"}],"about":[{"href":"https:\/\/www.plusvillas.es\/fr\/wp-json\/wp\/v2\/types\/page"}],"author":[{"embeddable":true,"href":"https:\/\/www.plusvillas.es\/fr\/wp-json\/wp\/v2\/users\/5"}],"replies":[{"embeddable":true,"href":"https:\/\/www.plusvillas.es\/fr\/wp-json\/wp\/v2\/comments?post=26891"}],"version-history":[{"count":0,"href":"https:\/\/www.plusvillas.es\/fr\/wp-json\/wp\/v2\/pages\/26891\/revisions"}],"wp:attachment":[{"href":"https:\/\/www.plusvillas.es\/fr\/wp-json\/wp\/v2\/media?parent=26891"}],"curies":[{"name":"wp","href":"https:\/\/api.w.org\/{rel}","templated":true}]}}